{"id":25581,"date":"2024-12-20T14:50:22","date_gmt":"2024-12-20T13:50:22","guid":{"rendered":"https:\/\/greenkingdom.ch\/product\/extract-lab-baume-cbd-full-spectrum-1000mg\/"},"modified":"2025-01-02T12:06:51","modified_gmt":"2025-01-02T11:06:51","slug":"extract-lab-baume-cbd-full-spectrum-1000mg","status":"publish","type":"product","link":"https:\/\/greenkingdom.ch\/de\/produkt\/extract-lab-baume-cbd-full-spectrum-1000mg\/","title":{"rendered":"Extrakt Lab Vollspektrum CBD Balsam 1000mg"},"content":{"rendered":"<h3><strong>Hautreparatur-Balsam<\/strong><\/h3>\n<p>Dieser reparierende Balsam ist mit hochwertigen nat\u00fcrlichen Inhaltsstoffen formuliert: Bio-Sheabutter, Jojoba-Pflanzen\u00f6l, Bienenwachs und Vollspektrum-Cannabinoid-Extrakt. Es handelt sich um ein 100% Schweizer Kosmetikum, das im Kanton Freiburg hergestellt wird. Dank des Reichtums an Cannabinoiden wirkt dieser Balsam effektiv auf verschiedene Hautprobleme. Es wird besonders empfohlen, um kleine Hautl\u00e4sionen wie Kratzer, Risse, trockene Haut oder kleine Risse zu beruhigen und zu reparieren. Es hilft auch, Juckreiz im Zusammenhang mit Erkrankungen wie Ekzemen oder Psoriasis zu lindern und f\u00f6rdert die Heilung. Neben seinen regenerierenden Eigenschaften ist dieser Balsam auch wirksam bei der Linderung von Muskel-, Gelenk- und Entz\u00fcndungsschmerzen, einschlie\u00dflich Sehnenentz\u00fcndungen. Dank seiner entz\u00fcndungshemmenden und abschwellenden Eigenschaften hilft es, K\u00f6rperschmerzen und Verspannungen zu reduzieren. Es ist auch ideal, um das Auftreten von Bluterg\u00fcssen zu verhindern und die Haut tief mit Feuchtigkeit zu versorgen. Hochkonzentriert mit 1000 mg Cannabinoiden pro Glas erweist es sich als nat\u00fcrliche und wirksame L\u00f6sung. Es ist auch perfekt f\u00fcr die Pflege nach dem T\u00e4towieren und hilft, geschw\u00e4chte Haut zu beruhigen und die Heilung zu beschleunigen. In kleinen Mengen zu verwenden, ist der Balsam in seiner starken Wirkung vergleichbar mit dem ber\u00fchmten Tigerbalsam. Es wirkt lokal, dank der Absorption von Cannabinoiden durch Rezeptoren in der Haut, ohne in den Blutkreislauf zu gelangen. <\/p>\n","protected":false},"excerpt":{"rendered":"<p>Hautreparatur-Balsam Dieser reparierende Balsam ist mit hochwertigen nat\u00fcrlichen Inhaltsstoffen formuliert: Bio-Sheabutter, Jojoba-Pflanzen\u00f6l, Bienenwachs und Vollspektrum-Cannabinoid-Extrakt. Es handelt sich um ein 100% Schweizer Kosmetikum, das im Kanton Freiburg hergestellt wird. Dank des Reichtums an Cannabinoiden wirkt dieser Balsam effektiv auf verschiedene Hautprobleme. Es wird besonders empfohlen, um kleine Hautl\u00e4sionen wie Kratzer, Risse, trockene Haut oder kleine [&hellip;]<\/p>\n","protected":false},"featured_media":25577,"comment_status":"open","ping_status":"closed","template":"","meta":{"_seopress_robots_primary_cat":"none","_seopress_titles_title":"","_seopress_titles_desc":"","_seopress_robots_index":""},"product_brand":[],"product_cat":[708],"product_tag":[],"class_list":{"0":"post-25581","1":"product","2":"type-product","3":"status-publish","4":"has-post-thumbnail","6":"product_cat-bien-etre-de","9":"instock","10":"taxable","11":"shipping-taxable","12":"purchasable","13":"product-type-simple","14":"product-grid-view"},"_links":{"self":[{"href":"https:\/\/greenkingdom.ch\/de\/wp-json\/wp\/v2\/product\/25581","targetHints":{"allow":["GET"]}}],"collection":[{"href":"https:\/\/greenkingdom.ch\/de\/wp-json\/wp\/v2\/product"}],"about":[{"href":"https:\/\/greenkingdom.ch\/de\/wp-json\/wp\/v2\/types\/product"}],"replies":[{"embeddable":true,"href":"https:\/\/greenkingdom.ch\/de\/wp-json\/wp\/v2\/comments?post=25581"}],"version-history":[{"count":2,"href":"https:\/\/greenkingdom.ch\/de\/wp-json\/wp\/v2\/product\/25581\/revisions"}],"predecessor-version":[{"id":26868,"href":"https:\/\/greenkingdom.ch\/de\/wp-json\/wp\/v2\/product\/25581\/revisions\/26868"}],"wp:featuredmedia":[{"embeddable":true,"href":"https:\/\/greenkingdom.ch\/de\/wp-json\/wp\/v2\/media\/25577"}],"wp:attachment":[{"href":"https:\/\/greenkingdom.ch\/de\/wp-json\/wp\/v2\/media?parent=25581"}],"wp:term":[{"taxonomy":"product_brand","embeddable":true,"href":"https:\/\/greenkingdom.ch\/de\/wp-json\/wp\/v2\/product_brand?post=25581"},{"taxonomy":"product_cat","embeddable":true,"href":"https:\/\/greenkingdom.ch\/de\/wp-json\/wp\/v2\/product_cat?post=25581"},{"taxonomy":"product_tag","embeddable":true,"href":"https:\/\/greenkingdom.ch\/de\/wp-json\/wp\/v2\/product_tag?post=25581"}],"curies":[{"name":"wp","href":"https:\/\/api.w.org\/{rel}","templated":true}]}}