{"id":25629,"date":"2024-12-20T15:02:18","date_gmt":"2024-12-20T14:02:18","guid":{"rendered":"https:\/\/greenkingdom.ch\/?post_type=product&#038;p=25629"},"modified":"2025-01-02T12:06:55","modified_gmt":"2025-01-02T11:06:55","slug":"extract-lab-strawberry-charas-resine-de-cbd-premium-5g","status":"publish","type":"product","link":"https:\/\/greenkingdom.ch\/de\/produkt\/extract-lab-strawberry-charas-resine-de-cbd-premium-5g\/","title":{"rendered":"Extrakt Lab &#8222;Erdbeere Charas&#8220; Premium CBD Harz 5G"},"content":{"rendered":"<h3><strong>Strawberry Charras &#8211; Handwerkliches CBD-Harz<\/strong><\/h3>\n<p><strong>Strawberry Charras<\/strong> ist ein <strong>100% legales und biologisches<\/strong> CBD-Harz mit unwiderstehlichen fruchtigen Aromen. Mit einem CBD-Gehalt <strong>von 33%<\/strong> bietet es in wenigen Minuten eine tiefe Entspannung, die es Ihnen erm\u00f6glicht, schnell Stress abzubauen und ein Gef\u00fchl des totalen Wohlbefindens zu f\u00f6rdern. Was dieses Harz einzigartig macht, ist seine leicht zu zerbr\u00f6ckelnde Textur und sein k\u00f6stlicher Geschmack. <strong>Handgefertigt enth\u00fcllt<\/strong> <strong>Bubble Strawberry Hash<\/strong> fruchtige Aromen, die die Sinne wecken und gleichzeitig alle Vorteile von Cannabidiol bieten. <strong>Strawberry Charras<\/strong> <strong>ist 100% schweizerisch und handgefertigt<\/strong> und reich an Cannabinoiden und bietet ein hervorragendes Erlebnis. <\/p>\n<ul>\n<li><strong>CBD-Gehalt: 33%<\/strong><\/li>\n<li><strong>THC-Gehalt: 0,8%<\/strong><\/li>\n<\/ul>\n<p>Mit seinen vielf\u00e4ltigen Tugenden ist dieses Harz ein wahrer Genuss f\u00fcr CBD-Liebhaber, die auf der Suche nach Entspannung und Genuss sind.<\/p>\n","protected":false},"excerpt":{"rendered":"<p>Strawberry Charras &#8211; Handwerkliches CBD-Harz Strawberry Charras ist ein 100% legales und biologisches CBD-Harz mit unwiderstehlichen fruchtigen Aromen. Mit einem CBD-Gehalt von 33% bietet es in wenigen Minuten eine tiefe Entspannung, die es Ihnen erm\u00f6glicht, schnell Stress abzubauen und ein Gef\u00fchl des totalen Wohlbefindens zu f\u00f6rdern. Was dieses Harz einzigartig macht, ist seine leicht zu [&hellip;]<\/p>\n","protected":false},"featured_media":25633,"comment_status":"open","ping_status":"closed","template":"","meta":{"_seopress_robots_primary_cat":"none","_seopress_titles_title":"","_seopress_titles_desc":"","_seopress_robots_index":""},"product_brand":[],"product_cat":[547],"product_tag":[],"class_list":{"0":"post-25629","1":"product","2":"type-product","3":"status-publish","4":"has-post-thumbnail","6":"product_cat-harze","9":"instock","10":"taxable","11":"shipping-taxable","12":"purchasable","13":"product-type-simple","14":"product-grid-view"},"_links":{"self":[{"href":"https:\/\/greenkingdom.ch\/de\/wp-json\/wp\/v2\/product\/25629","targetHints":{"allow":["GET"]}}],"collection":[{"href":"https:\/\/greenkingdom.ch\/de\/wp-json\/wp\/v2\/product"}],"about":[{"href":"https:\/\/greenkingdom.ch\/de\/wp-json\/wp\/v2\/types\/product"}],"replies":[{"embeddable":true,"href":"https:\/\/greenkingdom.ch\/de\/wp-json\/wp\/v2\/comments?post=25629"}],"version-history":[{"count":3,"href":"https:\/\/greenkingdom.ch\/de\/wp-json\/wp\/v2\/product\/25629\/revisions"}],"predecessor-version":[{"id":26871,"href":"https:\/\/greenkingdom.ch\/de\/wp-json\/wp\/v2\/product\/25629\/revisions\/26871"}],"wp:featuredmedia":[{"embeddable":true,"href":"https:\/\/greenkingdom.ch\/de\/wp-json\/wp\/v2\/media\/25633"}],"wp:attachment":[{"href":"https:\/\/greenkingdom.ch\/de\/wp-json\/wp\/v2\/media?parent=25629"}],"wp:term":[{"taxonomy":"product_brand","embeddable":true,"href":"https:\/\/greenkingdom.ch\/de\/wp-json\/wp\/v2\/product_brand?post=25629"},{"taxonomy":"product_cat","embeddable":true,"href":"https:\/\/greenkingdom.ch\/de\/wp-json\/wp\/v2\/product_cat?post=25629"},{"taxonomy":"product_tag","embeddable":true,"href":"https:\/\/greenkingdom.ch\/de\/wp-json\/wp\/v2\/product_tag?post=25629"}],"curies":[{"name":"wp","href":"https:\/\/api.w.org\/{rel}","templated":true}]}}