{"id":25659,"date":"2024-12-20T15:09:16","date_gmt":"2024-12-20T14:09:16","guid":{"rendered":"https:\/\/greenkingdom.ch\/?post_type=product&#038;p=25659"},"modified":"2025-01-02T10:48:31","modified_gmt":"2025-01-02T09:48:31","slug":"extract-lab-triple-filtre-resine-de-cbd-premium-5g","status":"publish","type":"product","link":"https:\/\/greenkingdom.ch\/de\/produkt\/extract-lab-triple-filtre-resine-de-cbd-premium-5g\/","title":{"rendered":"Extrakt Lab &#8222;Dreifach gefiltertes&#8220; Premium-CBD-Harz 5G"},"content":{"rendered":"<h3><strong>3x Gefiltert &#8211; Handwerkliches CBD-Harz<\/strong><\/h3>\n<p>Das <strong>3x Filtered ist<\/strong> ein handwerkliches CBD-Harz, das sorgf\u00e4ltig in unseren Werkst\u00e4tten in der <strong>Schweiz<\/strong> hergestellt wird. Dieses au\u00dfergew\u00f6hnliche Haschisch ist das Ergebnis sorgf\u00e4ltiger Handwerkskunst und einer Leidenschaft f\u00fcr Qualit\u00e4t. <strong>Die Bl\u00fcte von Critical,<\/strong> die f\u00fcr ihre reichhaltigen und potenten Trichome bekannt ist, wird f\u00fcr den Herstellungsprozess sorgf\u00e4ltig ausgew\u00e4hlt. Dank einer <strong>speziellen Filtrationstechnik<\/strong> erh\u00e4lt dieses Harz eine cremige, fettige und formbare Textur, w\u00e4hrend alle Cannabinoide der Bl\u00fcte erhalten bleiben. Das Ergebnis ist ein Harz mit einem hohen Gehalt an <strong>CBD (73%)<\/strong> und <strong>CBG (5%),<\/strong> das ein einzigartiges Erlebnis bietet. Der <strong>3x Filtered zeichnet<\/strong> sich durch seine Vielseitigkeit aus: Sie k\u00f6nnen ihn zerkleinern, ohne ihn zu erhitzen, um eine cremige Textur zu erhalten, oder ihn erhitzen und ihn wie einen \u00f6ligen Tropfen flie\u00dfen sehen, der Ihrem Erlebnis eine Gourmet-Note verleiht. Sobald es zerbr\u00f6ckelt ist, verstr\u00f6mt dieses Harz einen s\u00fc\u00dfen und bet\u00f6renden Duft, der subtile Noten von <strong>Cannabisharz<\/strong> mit fruchtigen Aromen verbindet. Ihr dichter Rauch hinterl\u00e4sst einen erdigen Abgang, begleitet von spritzigen Noten, und bietet ein sanftes Halsgef\u00fchl, das Dich mit jedem Zug verf\u00fchren wird. In Bezug auf die Wirkung bietet <strong>Ihnen 3x Filtered<\/strong> dank seiner <strong>Indica-Dominanz<\/strong> einen Moment tiefer Entspannung. Es ist die ideale Wahl, um den Abend in aller Ruhe zu beginnen oder ruhig einzuschlafen. Am Morgen wachen Sie in einer fr\u00f6hlichen und entspannten Atmosph\u00e4re auf und sind bereit, den Tag mit einem L\u00e4cheln zu beginnen.  <\/p>\n<ul>\n<li><strong>CBD-Gehalt: 73%<\/strong><\/li>\n<li><strong>CBG-Gehalt: 5%<\/strong><\/li>\n<li><strong>THC-Gehalt: 0,06%<\/strong><\/li>\n<\/ul>\n<p>Der <strong>3x Filtre<\/strong> <strong>ist ein 100% Schweizer<\/strong> Produkt und eine Einladung, ein unvergleichliches entspannendes und beruhigendes Erlebnis zu entdecken.<\/p>\n","protected":false},"excerpt":{"rendered":"<p>3x Gefiltert &#8211; Handwerkliches CBD-Harz Das 3x Filtered ist ein handwerkliches CBD-Harz, das sorgf\u00e4ltig in unseren Werkst\u00e4tten in der Schweiz hergestellt wird. Dieses au\u00dfergew\u00f6hnliche Haschisch ist das Ergebnis sorgf\u00e4ltiger Handwerkskunst und einer Leidenschaft f\u00fcr Qualit\u00e4t. Die Bl\u00fcte von Critical, die f\u00fcr ihre reichhaltigen und potenten Trichome bekannt ist, wird f\u00fcr den Herstellungsprozess sorgf\u00e4ltig ausgew\u00e4hlt. Dank [&hellip;]<\/p>\n","protected":false},"featured_media":25667,"comment_status":"open","ping_status":"closed","template":"","meta":{"_seopress_robots_primary_cat":"none","_seopress_titles_title":"","_seopress_titles_desc":"","_seopress_robots_index":""},"product_brand":[],"product_cat":[547],"product_tag":[],"class_list":{"0":"post-25659","1":"product","2":"type-product","3":"status-publish","4":"has-post-thumbnail","6":"product_cat-harze","9":"instock","10":"taxable","11":"shipping-taxable","12":"purchasable","13":"product-type-simple","14":"product-grid-view"},"_links":{"self":[{"href":"https:\/\/greenkingdom.ch\/de\/wp-json\/wp\/v2\/product\/25659","targetHints":{"allow":["GET"]}}],"collection":[{"href":"https:\/\/greenkingdom.ch\/de\/wp-json\/wp\/v2\/product"}],"about":[{"href":"https:\/\/greenkingdom.ch\/de\/wp-json\/wp\/v2\/types\/product"}],"replies":[{"embeddable":true,"href":"https:\/\/greenkingdom.ch\/de\/wp-json\/wp\/v2\/comments?post=25659"}],"version-history":[{"count":2,"href":"https:\/\/greenkingdom.ch\/de\/wp-json\/wp\/v2\/product\/25659\/revisions"}],"predecessor-version":[{"id":26714,"href":"https:\/\/greenkingdom.ch\/de\/wp-json\/wp\/v2\/product\/25659\/revisions\/26714"}],"wp:featuredmedia":[{"embeddable":true,"href":"https:\/\/greenkingdom.ch\/de\/wp-json\/wp\/v2\/media\/25667"}],"wp:attachment":[{"href":"https:\/\/greenkingdom.ch\/de\/wp-json\/wp\/v2\/media?parent=25659"}],"wp:term":[{"taxonomy":"product_brand","embeddable":true,"href":"https:\/\/greenkingdom.ch\/de\/wp-json\/wp\/v2\/product_brand?post=25659"},{"taxonomy":"product_cat","embeddable":true,"href":"https:\/\/greenkingdom.ch\/de\/wp-json\/wp\/v2\/product_cat?post=25659"},{"taxonomy":"product_tag","embeddable":true,"href":"https:\/\/greenkingdom.ch\/de\/wp-json\/wp\/v2\/product_tag?post=25659"}],"curies":[{"name":"wp","href":"https:\/\/api.w.org\/{rel}","templated":true}]}}