{"id":25740,"date":"2024-12-20T15:45:06","date_gmt":"2024-12-20T14:45:06","guid":{"rendered":"https:\/\/greenkingdom.ch\/?post_type=product&#038;p=25740"},"modified":"2025-01-02T10:48:38","modified_gmt":"2025-01-02T09:48:38","slug":"purize-filtres-charbon-actif-xtra-slim-50-pieces-lila","status":"publish","type":"product","link":"https:\/\/greenkingdom.ch\/de\/produkt\/purize-filtres-charbon-actif-xtra-slim-50-pieces-lila\/","title":{"rendered":"PURIZE\u00ae Xtra Slim Aktivkohlefilter &#8211; 50 St\u00fcck Flieder"},"content":{"rendered":"<h3><strong>PURIZE\u00ae XTRA Slim Size Aktivkohlefilter<\/strong><\/h3>\n<p>Hebe Dein Raucherlebnis auf ein neues Level mit <strong>den PURIZE\u00ae XTRA Slim Size Aktivkohlefiltern<\/strong>. Diese ultrafeinen Filter bieten einen <strong>sanften und angenehmen Rauch<\/strong> und sind gleichzeitig umweltfreundlich und nachhaltig hergestellt. Ihr Design tr\u00e4gt dazu bei, Schadstoffe zu reduzieren und gleichzeitig das Aroma zu erhalten, was sie zur idealen Wahl f\u00fcr diejenigen macht, die sowohl Wert auf Qualit\u00e4t als auch auf Umweltbewusstsein legen.  <\/p>\n<h3><strong>Glatter und reinerer Rauch<\/strong><\/h3>\n<p><strong>PURIZE\u00ae XTRA Slim Size<\/strong> Aktivkohlefilter verwenden <strong>hochwertige Aktivkohle<\/strong> aus <strong>Kokosnussschalen<\/strong>, die unerw\u00fcnschte Substanzen effektiv aus dem Rauch herausfiltert. Das Ergebnis ist ein weicherer, frischerer Rauch, der das Aroma verst\u00e4rkt, ohne Deine Gesundheit zu beeintr\u00e4chtigen. <\/p>\n<h3><strong>Ultraschlankes Design: XTRA Slim<\/strong><\/h3>\n<p>Mit einem Durchmesser von nur <strong>5,9 mm<\/strong> sind diese Filter <strong>besonders fein<\/strong> und eignen sich perfekt f\u00fcr handgedrehte Zigaretten oder Joints. Ihre kompakte Gr\u00f6\u00dfe macht sie zur idealen Wahl f\u00fcr alle, die ein diskretes, minimalistisches und raffiniertes Raucherlebnis suchen. <\/p>\n<h3><strong>Nachhaltige und umweltfreundliche Herstellung<\/strong><\/h3>\n<p><strong>PURIZE\u00ae<\/strong> macht es sich zur Ehrensache, die Umwelt zu respektieren. Diese Filter werden in <strong>Deutschland<\/strong> unter nachhaltigen Bedingungen hergestellt, mit nat\u00fcrlichen und nachwachsenden Rohstoffen. So kannst Du Dein Raucherlebnis in aller Ruhe genie\u00dfen, in dem Wissen, dass Du dazu beitr\u00e4gst, den Planeten zu erhalten.  <\/p>\n<h3><strong>Benutzerfreundlichkeit<\/strong><\/h3>\n<p><strong>PURIZE\u00ae XTRA Slim<\/strong> Filter k\u00f6nnen <strong>auf beiden Seiten verwendet<\/strong> werden, so dass Sie sie problemlos in jedes gerollte R\u00e4ucherprodukt einsetzen k\u00f6nnen. Sie bieten <strong>eine einfache Bedienung<\/strong> und sorgen jedes Mal f\u00fcr ein hochwertiges Raucherlebnis. <\/p>\n<h3><strong>Praktische und wiederverwendbare Verpackung<\/strong><\/h3>\n<p>Die Filter werden in wiederverwendbaren <strong>Verpackungen<\/strong> geliefert, die sie vor Feuchtigkeit sch\u00fctzen und frisch halten. Dieses praktische Paket ist ideal f\u00fcr unterwegs und den t\u00e4glichen Gebrauch und h\u00e4lt Ihre Filter griffbereit und ist gleichzeitig umweltfreundlich. <\/p>\n<h3><strong>Vorteile auf einen Blick:<\/strong><\/h3>\n<ul>\n<li><strong>Smoother Smoke<\/strong> : Aktivkohle filtert effektiv Schadstoffe heraus und sorgt f\u00fcr einen angenehmen Rauch.<\/li>\n<li><strong>XTRA Slim Size<\/strong> : Ein ultrad\u00fcnner Filter, perfekt f\u00fcr ein diskretes und elegantes Raucherlebnis.<\/li>\n<li><strong>Nachhaltigkeit<\/strong> : Hergestellt aus nat\u00fcrlichen und nachwachsenden Rohstoffen.<\/li>\n<li><strong>Benutzerfreundlichkeit<\/strong> : Beidseitig verwendbar und einfach in Ihre gerollten R\u00e4ucherprodukte einf\u00fchrbar.<\/li>\n<li><strong>Mehrwegverpackung<\/strong> : Bequem und umweltfreundlich f\u00fcr Ihre Reisen.<\/li>\n<\/ul>\n<h3><strong>Technische Details:<\/strong><\/h3>\n<ul>\n<li><strong>Produkt<\/strong> : PURIZE\u00ae XTRA Slim Size Aktivkohlefilter<\/li>\n<li><strong>Durchmesser<\/strong> : 5,9 mm (XTRA Slim Size)<\/li>\n<li><strong>Material<\/strong> : Kokosnussschalen-Aktivkohle, Papierumschlag<\/li>\n<li><strong>Herstellung<\/strong> : Nachhaltig made in Germany<\/li>\n<li><strong>Verpackung<\/strong> : Mehrwegverpackung<\/li>\n<li><strong>Menge<\/strong> : 50 St\u00fcck pro Packung (oder abh\u00e4ngig von der Gr\u00f6\u00dfe der Packung)<\/li>\n<\/ul>\n<p>Mit <strong>PURIZE\u00ae XTRA Slim Filtern<\/strong> entscheiden Sie sich f\u00fcr einen sanfteren Rauch, eine optimale Filtration und einen umweltfreundlichen Ansatz. Genie\u00dfe Dein Raucherlebnis in vollen Z\u00fcgen und sorge gleichzeitig f\u00fcr Deine Gesundheit und die Umwelt! <\/p>\n","protected":false},"excerpt":{"rendered":"<p>PURIZE\u00ae XTRA Slim Size Aktivkohlefilter Hebe Dein Raucherlebnis auf ein neues Level mit den PURIZE\u00ae XTRA Slim Size Aktivkohlefiltern. Diese ultrafeinen Filter bieten einen sanften und angenehmen Rauch und sind gleichzeitig umweltfreundlich und nachhaltig hergestellt. Ihr Design tr\u00e4gt dazu bei, Schadstoffe zu reduzieren und gleichzeitig das Aroma zu erhalten, was sie zur idealen Wahl f\u00fcr [&hellip;]<\/p>\n","protected":false},"featured_media":25744,"comment_status":"open","ping_status":"closed","template":"","meta":{"_seopress_robots_primary_cat":"none","_seopress_titles_title":"","_seopress_titles_desc":"","_seopress_robots_index":""},"product_brand":[],"product_cat":[712],"product_tag":[],"class_list":{"0":"post-25740","1":"product","2":"type-product","3":"status-publish","4":"has-post-thumbnail","6":"product_cat-filtres-a-charbon-actif-de","9":"instock","10":"taxable","11":"shipping-taxable","12":"purchasable","13":"product-type-simple","14":"product-grid-view"},"_links":{"self":[{"href":"https:\/\/greenkingdom.ch\/de\/wp-json\/wp\/v2\/product\/25740","targetHints":{"allow":["GET"]}}],"collection":[{"href":"https:\/\/greenkingdom.ch\/de\/wp-json\/wp\/v2\/product"}],"about":[{"href":"https:\/\/greenkingdom.ch\/de\/wp-json\/wp\/v2\/types\/product"}],"replies":[{"embeddable":true,"href":"https:\/\/greenkingdom.ch\/de\/wp-json\/wp\/v2\/comments?post=25740"}],"version-history":[{"count":2,"href":"https:\/\/greenkingdom.ch\/de\/wp-json\/wp\/v2\/product\/25740\/revisions"}],"predecessor-version":[{"id":26632,"href":"https:\/\/greenkingdom.ch\/de\/wp-json\/wp\/v2\/product\/25740\/revisions\/26632"}],"wp:featuredmedia":[{"embeddable":true,"href":"https:\/\/greenkingdom.ch\/de\/wp-json\/wp\/v2\/media\/25744"}],"wp:attachment":[{"href":"https:\/\/greenkingdom.ch\/de\/wp-json\/wp\/v2\/media?parent=25740"}],"wp:term":[{"taxonomy":"product_brand","embeddable":true,"href":"https:\/\/greenkingdom.ch\/de\/wp-json\/wp\/v2\/product_brand?post=25740"},{"taxonomy":"product_cat","embeddable":true,"href":"https:\/\/greenkingdom.ch\/de\/wp-json\/wp\/v2\/product_cat?post=25740"},{"taxonomy":"product_tag","embeddable":true,"href":"https:\/\/greenkingdom.ch\/de\/wp-json\/wp\/v2\/product_tag?post=25740"}],"curies":[{"name":"wp","href":"https:\/\/api.w.org\/{rel}","templated":true}]}}