{"id":25903,"date":"2024-12-20T16:08:08","date_gmt":"2024-12-20T15:08:08","guid":{"rendered":"https:\/\/greenkingdom.ch\/?post_type=product&#038;p=25903"},"modified":"2025-01-02T10:49:01","modified_gmt":"2025-01-02T09:49:01","slug":"purize-filtres-charbon-actif-regular-50-pieces-all-colors","status":"publish","type":"product","link":"https:\/\/greenkingdom.ch\/de\/produkt\/purize-filtres-charbon-actif-regular-50-pieces-all-colors\/","title":{"rendered":"PURIZE\u00ae Aktivkohlefilter Regular &#8211; 50 St\u00fcck Alle Farben"},"content":{"rendered":"<h3><strong>PURIZE\u00ae Organic Aktivkohlefilter \u2013 Normale Gr\u00f6\u00dfe<\/strong><\/h3>\n<p>Entdecke ein sanfteres und angenehmeres Raucherlebnis mit <strong>den PURIZE Bio Aktivkohlefiltern\u00ae<\/strong>. Diese Premium-Filter, verpackt in einem praktischen wiederverschlie\u00dfbaren <strong>50-Z\u00e4hl-Beutel<\/strong>, geben Ihnen jedes Mal einen <strong>frischen, trockenen und aromatischen Rauch<\/strong> . Diese Filter wurden entwickelt, um Schadstoffe zu reduzieren, und sind die perfekte Option f\u00fcr wohlf\u00fchlbewusste Raucher.  <\/p>\n<h3><strong>Hochwertige Aktivkohle<\/strong><\/h3>\n<p>Diese mit <strong>Aktivkohle<\/strong> <strong>auf Kokosnussbasis<\/strong> gef\u00fcllten Filter reduzieren effektiv die Aufnahme von Schadstoffen und sch\u00fctzen so Ihre Lunge. Die Aktivkohle <strong>von\u00ae PURIZE<\/strong> sorgt f\u00fcr eine optimale Filtration und sorgt f\u00fcr einen <strong>weicheren<\/strong> und reineren Rauch. <\/p>\n<h3><strong>Universell einsetzbar<\/strong><\/h3>\n<p>Die Filter eignen sich f\u00fcr alle Arten von <strong>gerollten Zigaretten<\/strong> und sind dank ihrer hitzebest\u00e4ndigen <strong>Keramikspitzen<\/strong> an beiden Enden einfach zu bedienen. Sie m\u00fcssen sich keine Gedanken \u00fcber die Einf\u00fchrrichtung oder das Rollen machen: Setzen Sie sie einfach ein, um ein optimales Raucherlebnis zu erzielen. <\/p>\n<h3><strong>Umweltfreundlich<\/strong><\/h3>\n<p><strong>PURIZE\u00ae<\/strong> legt gro\u00dfen Wert auf Nachhaltigkeit und \u00d6kologie. Diese Filter werden aus <strong>umweltfreundlichen Materialien<\/strong> hergestellt und erf\u00fcllen strenge Qualit\u00e4tsstandards, wobei Made <strong>in Germany<\/strong> hergestellt wird. Das bedeutet, dass Du Dein Raucherlebnis in aller Ruhe genie\u00dfen kannst, da Du wei\u00dft, dass Du zum Schutz der Umwelt beitr\u00e4gst.  <\/p>\n<h3><strong>Vorteile auf einen Blick:<\/strong><\/h3>\n<ul>\n<li><strong>Passend f\u00fcr alle gerollten Zigaretten<\/strong> : Praktisch und universell.<\/li>\n<li><strong>Sanfterer Rauch<\/strong> : Hochwertige Aktivkohle verbessert das Raucherlebnis.<\/li>\n<li><strong>Aktivkohle auf Kokosnussbasis<\/strong> : Bessere Filtration von Schadstoffen.<\/li>\n<li><strong>Umweltfreundlich<\/strong> : Umweltvertr\u00e4gliche Herstellung und <strong>Made in Germany<\/strong>.<\/li>\n<li><strong>Praktische Verpackung<\/strong> : Wiederverschlie\u00dfbarer Beutel, um Ihre Filter frisch und gesch\u00fctzt zu halten.<\/li>\n<\/ul>\n<h3><strong>Technische Details:<\/strong><\/h3>\n<ul>\n<li><strong>Produkt<\/strong> : PURIZE\u00ae Organic Aktivkohlefilter<\/li>\n<li><strong>Durchmesser<\/strong> : 9 mm<\/li>\n<li><strong>L\u00e4nge<\/strong> : 35,7 mm<\/li>\n<li><strong>F\u00fcllung<\/strong> : Aktivkohle auf Kokosnussbasis<\/li>\n<li><strong>Verpackungseinheit<\/strong> : 50 St\u00fcck im wiederverschlie\u00dfbaren Beutel<\/li>\n<\/ul>\n<p><strong>PURIZE\u00ae All Colors Filter<\/strong> sind die ideale Wahl f\u00fcr alle, die ein sanfteres, saubereres und umweltfreundlicheres Raucherlebnis suchen. Genie\u00dfen Sie eine optimale Filterung und schonen Sie gleichzeitig Ihre Gesundheit und den Planeten. <\/p>\n","protected":false},"excerpt":{"rendered":"<p>PURIZE\u00ae Organic Aktivkohlefilter \u2013 Normale Gr\u00f6\u00dfe Entdecke ein sanfteres und angenehmeres Raucherlebnis mit den PURIZE Bio Aktivkohlefiltern\u00ae. Diese Premium-Filter, verpackt in einem praktischen wiederverschlie\u00dfbaren 50-Z\u00e4hl-Beutel, geben Ihnen jedes Mal einen frischen, trockenen und aromatischen Rauch . Diese Filter wurden entwickelt, um Schadstoffe zu reduzieren, und sind die perfekte Option f\u00fcr wohlf\u00fchlbewusste Raucher. Hochwertige Aktivkohle Diese [&hellip;]<\/p>\n","protected":false},"featured_media":25907,"comment_status":"open","ping_status":"closed","template":"","meta":{"_seopress_robots_primary_cat":"none","_seopress_titles_title":"","_seopress_titles_desc":"","_seopress_robots_index":""},"product_brand":[],"product_cat":[712],"product_tag":[],"class_list":{"0":"post-25903","1":"product","2":"type-product","3":"status-publish","4":"has-post-thumbnail","6":"product_cat-filtres-a-charbon-actif-de","9":"instock","10":"taxable","11":"shipping-taxable","12":"purchasable","13":"product-type-simple","14":"product-grid-view"},"_links":{"self":[{"href":"https:\/\/greenkingdom.ch\/de\/wp-json\/wp\/v2\/product\/25903","targetHints":{"allow":["GET"]}}],"collection":[{"href":"https:\/\/greenkingdom.ch\/de\/wp-json\/wp\/v2\/product"}],"about":[{"href":"https:\/\/greenkingdom.ch\/de\/wp-json\/wp\/v2\/types\/product"}],"replies":[{"embeddable":true,"href":"https:\/\/greenkingdom.ch\/de\/wp-json\/wp\/v2\/comments?post=25903"}],"version-history":[{"count":3,"href":"https:\/\/greenkingdom.ch\/de\/wp-json\/wp\/v2\/product\/25903\/revisions"}],"predecessor-version":[{"id":26756,"href":"https:\/\/greenkingdom.ch\/de\/wp-json\/wp\/v2\/product\/25903\/revisions\/26756"}],"wp:featuredmedia":[{"embeddable":true,"href":"https:\/\/greenkingdom.ch\/de\/wp-json\/wp\/v2\/media\/25907"}],"wp:attachment":[{"href":"https:\/\/greenkingdom.ch\/de\/wp-json\/wp\/v2\/media?parent=25903"}],"wp:term":[{"taxonomy":"product_brand","embeddable":true,"href":"https:\/\/greenkingdom.ch\/de\/wp-json\/wp\/v2\/product_brand?post=25903"},{"taxonomy":"product_cat","embeddable":true,"href":"https:\/\/greenkingdom.ch\/de\/wp-json\/wp\/v2\/product_cat?post=25903"},{"taxonomy":"product_tag","embeddable":true,"href":"https:\/\/greenkingdom.ch\/de\/wp-json\/wp\/v2\/product_tag?post=25903"}],"curies":[{"name":"wp","href":"https:\/\/api.w.org\/{rel}","templated":true}]}}