{"id":25938,"date":"2024-12-20T16:15:06","date_gmt":"2024-12-20T15:15:06","guid":{"rendered":"https:\/\/greenkingdom.ch\/?post_type=product&#038;p=25938"},"modified":"2025-01-02T10:49:10","modified_gmt":"2025-01-02T09:49:10","slug":"purize-filtres-charbon-actif-xtra-slim-coniques-42-pieces-white","status":"publish","type":"product","link":"https:\/\/greenkingdom.ch\/de\/produkt\/purize-filtres-charbon-actif-xtra-slim-coniques-42-pieces-white\/","title":{"rendered":"PURIZE\u00ae Xtra Slim Konische Aktivkohlefilter &#8211; 42 St\u00fcck Wei\u00df"},"content":{"rendered":"<h3><strong>Purize 42er Conical Glass &#8211; Aktivkohlefilter<\/strong><\/h3>\n<p><strong>Der erste langlebige konische Aktivkohlefilter f\u00fcr selbstgedrehte Zigaretten!<\/strong><br \/>\nNach einer langen Zeit der Forschung und Entwicklung freut sich <strong>PURIZE\u00ae<\/strong>, seinen <strong>konischen Aktivkohlefilter<\/strong> vorstellen zu k\u00f6nnen. Mit seinem einzigartigen Design ist es sowohl praktisch als auch stilvoll. Dar\u00fcber hinaus ist er mit einer L\u00e4nge von nur <strong>25 mm<\/strong> der k\u00fcrzeste <strong>PURIZE\u00ae<\/strong> Aktivkohlefilter aller Zeiten. Ideal, um perfekt <strong>geformte konische Fugen<\/strong> zu schaffen! <strong>Aktivkohle auf Kokosnussbasis<\/strong> reduziert effektiv die Aufnahme von Schadstoffen und sorgt so f\u00fcr ein <strong>frisches, trockenes und aromatisches<\/strong> Raucherlebnis, w\u00e4hrend Ihre Lungen gesund bleiben. Dieser Filter ist mit allen Arten von <strong>gedrehten Zigaretten<\/strong> kompatibel und sorgt f\u00fcr eine <strong>optimale Filtration<\/strong> f\u00fcr einen sanfteren und angenehmeren Rauch.   <\/p>\n<h3><strong>Charaktereigenschaften:<\/strong><\/h3>\n<ul>\n<li><strong>Abmessungen<\/strong> : \u00d8 5,4 mm x \u00d8 5,9 mm x 25,0 mm<\/li>\n<li><strong>F\u00fcllung<\/strong> : Aktivkohle auf Kokosnussbasis<\/li>\n<li><strong>Inhalt<\/strong>: 42 <strong>konische XTRA Slim Size<\/strong> Filter<\/li>\n<\/ul>\n<h3><strong>N\u00fctzt:<\/strong><\/h3>\n<ul>\n<li><strong>Passend f\u00fcr alle Zigaretten zum Selbstdrehen<\/strong><\/li>\n<li><strong>Sanfterer Rauch<\/strong> : Hochwertige Aktivkohle f\u00fcr ein angenehmeres Raucherlebnis<\/li>\n<li><strong>Effektive Filtration<\/strong> : Reduzierung von Schadstoffen und Verbesserung der Rauchqualit\u00e4t<\/li>\n<li><strong>Nachhaltigkeit<\/strong> : Hergestellt aus umweltfreundlichen Rohstoffen und <strong>Made in Germany<\/strong><\/li>\n<li><strong>Optimale Lagerung<\/strong> : Das Glas sch\u00fctzt die Filter perfekt vor \u00e4u\u00dferen Einfl\u00fcssen und garantiert eine lange Lebensdauer<\/li>\n<\/ul>\n<h3><strong>Ein optimales Raucherlebnis<\/strong><\/h3>\n<p><strong>PURIZE\u00ae Aktivkohlefilter<\/strong> werden sorgf\u00e4ltig hergestellt, um die beste Qualit\u00e4t zu gew\u00e4hrleisten. Sie treffen nicht nur eine Entscheidung, die Ihrer Gesundheit zutr\u00e4glich ist, sondern tragen auch zum Erhalt der Umwelt bei, indem Sie nachhaltige und umweltbewusste Materialien verwenden. Genie\u00dfen Sie jeden Moment des Rauchens mit hochwertigen Filtern <strong>Made in Germany<\/strong>.  <\/p>\n","protected":false},"excerpt":{"rendered":"<p>Purize 42er Conical Glass &#8211; Aktivkohlefilter Der erste langlebige konische Aktivkohlefilter f\u00fcr selbstgedrehte Zigaretten! Nach einer langen Zeit der Forschung und Entwicklung freut sich PURIZE\u00ae, seinen konischen Aktivkohlefilter vorstellen zu k\u00f6nnen. Mit seinem einzigartigen Design ist es sowohl praktisch als auch stilvoll. Dar\u00fcber hinaus ist er mit einer L\u00e4nge von nur 25 mm der k\u00fcrzeste [&hellip;]<\/p>\n","protected":false},"featured_media":25942,"comment_status":"open","ping_status":"closed","template":"","meta":{"_seopress_robots_primary_cat":"none","_seopress_titles_title":"","_seopress_titles_desc":"","_seopress_robots_index":""},"product_brand":[],"product_cat":[712],"product_tag":[],"class_list":{"0":"post-25938","1":"product","2":"type-product","3":"status-publish","4":"has-post-thumbnail","6":"product_cat-filtres-a-charbon-actif-de","9":"instock","10":"taxable","11":"shipping-taxable","12":"purchasable","13":"product-type-simple","14":"product-grid-view"},"_links":{"self":[{"href":"https:\/\/greenkingdom.ch\/de\/wp-json\/wp\/v2\/product\/25938","targetHints":{"allow":["GET"]}}],"collection":[{"href":"https:\/\/greenkingdom.ch\/de\/wp-json\/wp\/v2\/product"}],"about":[{"href":"https:\/\/greenkingdom.ch\/de\/wp-json\/wp\/v2\/types\/product"}],"replies":[{"embeddable":true,"href":"https:\/\/greenkingdom.ch\/de\/wp-json\/wp\/v2\/comments?post=25938"}],"version-history":[{"count":2,"href":"https:\/\/greenkingdom.ch\/de\/wp-json\/wp\/v2\/product\/25938\/revisions"}],"predecessor-version":[{"id":26767,"href":"https:\/\/greenkingdom.ch\/de\/wp-json\/wp\/v2\/product\/25938\/revisions\/26767"}],"wp:featuredmedia":[{"embeddable":true,"href":"https:\/\/greenkingdom.ch\/de\/wp-json\/wp\/v2\/media\/25942"}],"wp:attachment":[{"href":"https:\/\/greenkingdom.ch\/de\/wp-json\/wp\/v2\/media?parent=25938"}],"wp:term":[{"taxonomy":"product_brand","embeddable":true,"href":"https:\/\/greenkingdom.ch\/de\/wp-json\/wp\/v2\/product_brand?post=25938"},{"taxonomy":"product_cat","embeddable":true,"href":"https:\/\/greenkingdom.ch\/de\/wp-json\/wp\/v2\/product_cat?post=25938"},{"taxonomy":"product_tag","embeddable":true,"href":"https:\/\/greenkingdom.ch\/de\/wp-json\/wp\/v2\/product_tag?post=25938"}],"curies":[{"name":"wp","href":"https:\/\/api.w.org\/{rel}","templated":true}]}}