{"id":26238,"date":"2024-12-27T16:44:56","date_gmt":"2024-12-27T15:44:56","guid":{"rendered":"https:\/\/greenkingdom.ch\/?post_type=product&#038;p=26238"},"modified":"2024-12-28T16:45:05","modified_gmt":"2024-12-28T15:45:05","slug":"actitube-slim-6mm-10-unites","status":"publish","type":"product","link":"https:\/\/greenkingdom.ch\/de\/produkt\/actitube-slim-6mm-10-unites\/","title":{"rendered":"Actitube Slim 6mm (10 St\u00fcck)"},"content":{"rendered":"<p>Lernen Sie den actiTube SLIM Aktivkohlefilter kennen, der einen reichhaltigen Geschmack und eine effektive Elementreduzierung perfekt kombiniert. Diese Filter sind interessant f\u00fcr diejenigen, die einen sanften und angenehmen Rauch suchen, w\u00e4hrend sie ein aromatisches Erlebnis bewahren. Sie bieten eine optimale Reduzierung von Schadstoffen dank ihrer vollst\u00e4ndig mit Aktivkohle gef\u00fcllten Zusammensetzung. Dies erm\u00f6glicht es Dir, einen sanfteren Rauch zu genie\u00dfen, w\u00e4hrend die Auswirkungen auf die Lunge begrenzt werden. Trotz effektiver Filterung bleibt das Aroma treu. Die Filter sind so konzipiert, dass die Integrit\u00e4t des Geschmacks erhalten bleibt, so dass jeder Zug in vollen Z\u00fcgen genossen werden kann. Mit einem Durchmesser von 6 mm und einer L\u00e4nge von 27 mm sind diese Filter kompakt und bieten einen einfachen Griff, w\u00e4hrend sie diskret bleiben. Ihre geringe Gr\u00f6\u00dfe macht sie zu etwas Besonderem: Ihr Design mit Aktivkohle hilft auch, eine \u00dcberhitzung des Joints zu verhindern, so dass kleinere Z\u00fcge f\u00fcr ein Raucherlebnis genommen werden k\u00f6nnen.<\/p>\n","protected":false},"excerpt":{"rendered":"<p>Lernen Sie den actiTube SLIM Aktivkohlefilter kennen, der einen reichhaltigen Geschmack und eine effektive Elementreduzierung perfekt kombiniert. Diese Filter sind interessant f\u00fcr diejenigen, die einen sanften und angenehmen Rauch suchen, w\u00e4hrend sie ein aromatisches Erlebnis bewahren. Sie bieten eine optimale Reduzierung von Schadstoffen dank ihrer vollst\u00e4ndig mit Aktivkohle gef\u00fcllten Zusammensetzung. Dies erm\u00f6glicht es Dir, einen [&hellip;]<\/p>\n","protected":false},"featured_media":26250,"comment_status":"open","ping_status":"closed","template":"","meta":{"_seopress_robots_primary_cat":"none","_seopress_titles_title":"","_seopress_titles_desc":"","_seopress_robots_index":""},"product_brand":[],"product_cat":[712],"product_tag":[],"class_list":{"0":"post-26238","1":"product","2":"type-product","3":"status-publish","4":"has-post-thumbnail","6":"product_cat-filtres-a-charbon-actif-de","9":"instock","10":"taxable","11":"shipping-taxable","12":"purchasable","13":"product-type-simple","14":"product-grid-view"},"_links":{"self":[{"href":"https:\/\/greenkingdom.ch\/de\/wp-json\/wp\/v2\/product\/26238","targetHints":{"allow":["GET"]}}],"collection":[{"href":"https:\/\/greenkingdom.ch\/de\/wp-json\/wp\/v2\/product"}],"about":[{"href":"https:\/\/greenkingdom.ch\/de\/wp-json\/wp\/v2\/types\/product"}],"replies":[{"embeddable":true,"href":"https:\/\/greenkingdom.ch\/de\/wp-json\/wp\/v2\/comments?post=26238"}],"version-history":[{"count":2,"href":"https:\/\/greenkingdom.ch\/de\/wp-json\/wp\/v2\/product\/26238\/revisions"}],"predecessor-version":[{"id":26821,"href":"https:\/\/greenkingdom.ch\/de\/wp-json\/wp\/v2\/product\/26238\/revisions\/26821"}],"wp:featuredmedia":[{"embeddable":true,"href":"https:\/\/greenkingdom.ch\/de\/wp-json\/wp\/v2\/media\/26250"}],"wp:attachment":[{"href":"https:\/\/greenkingdom.ch\/de\/wp-json\/wp\/v2\/media?parent=26238"}],"wp:term":[{"taxonomy":"product_brand","embeddable":true,"href":"https:\/\/greenkingdom.ch\/de\/wp-json\/wp\/v2\/product_brand?post=26238"},{"taxonomy":"product_cat","embeddable":true,"href":"https:\/\/greenkingdom.ch\/de\/wp-json\/wp\/v2\/product_cat?post=26238"},{"taxonomy":"product_tag","embeddable":true,"href":"https:\/\/greenkingdom.ch\/de\/wp-json\/wp\/v2\/product_tag?post=26238"}],"curies":[{"name":"wp","href":"https:\/\/api.w.org\/{rel}","templated":true}]}}