{"id":26343,"date":"2024-12-27T18:00:38","date_gmt":"2024-12-27T17:00:38","guid":{"rendered":"https:\/\/greenkingdom.ch\/?post_type=product&#038;p=26343"},"modified":"2024-12-28T16:01:03","modified_gmt":"2024-12-28T15:01:03","slug":"pipes-actitube-poirier","status":"publish","type":"product","link":"https:\/\/greenkingdom.ch\/de\/produkt\/pipes-actitube-poirier\/","title":{"rendered":"actiTube &#8222;Birnbaum&#8220; Rohre"},"content":{"rendered":"<p><strong>actiTube Pfeifen &#8211; Die Reinheit des Rauchs<\/strong><\/p>\n<p>F\u00fcr alle, die lieber auf Tabak verzichten oder den reinen Rauch optimal genie\u00dfen m\u00f6chten, sind actiTube Pfeifen das ideale Werkzeug. Diese handgefertigten Pfeifen, made in Germany, bieten ein unvergleichliches Raucherlebnis. <strong>Handgefertigt in Deutschland<\/strong> : Jede Pfeife wird mit akribischer Sorgfalt in Handarbeit hergestellt, ohne den Einsatz von Farbstoffen oder Lacken, wodurch die Sch\u00f6nheit und Authentizit\u00e4t des Naturholzes erhalten bleibt. <strong>Premium-Holz<\/strong> : actiTube-Rohre werden aus Holz aus Mittel- und S\u00fcdeuropa hergestellt, das sorgf\u00e4ltig auf Langlebigkeit und au\u00dfergew\u00f6hnliche Qualit\u00e4t hin ausgew\u00e4hlt wurde. <strong>Optimierte Filtration<\/strong> : Ausgestattet mit einem 8 mm REGULAR Aktivkohlefilter mildern diese Pfeifen den Rauch und reduzieren das Gef\u00fchl von Hitze und Irritation f\u00fcr ein angenehmeres Raucherlebnis. <strong>Kompakt und praktisch<\/strong> : Mit Ma\u00dfen von 11,5 cm L\u00e4nge, 2,1 cm Breite und 2,3 cm H\u00f6he sind diese Rohre sowohl kompakt als auch leicht zu halten. Das flache, gebogene Mundst\u00fcck aus Holz erh\u00f6ht den Komfort des Rauchs zus\u00e4tzlich. <strong>Mitgeliefertes Zubeh\u00f6r<\/strong> : Jede Pfeife wird mit einem Filter und einer kleinen Aufbewahrungstasche geliefert, so dass sie leicht zu transportieren und zu lagern ist.<\/p>\n<h3>Die Vorteile:<\/h3>\n<ul>\n<li><strong>Handgefertigt<\/strong> : Jede Pfeife wird in sorgf\u00e4ltiger Handarbeit f\u00fcr au\u00dfergew\u00f6hnliche Qualit\u00e4t gefertigt.<\/li>\n<li><strong>Nat\u00fcrliche Materialien<\/strong> : Rohholz aus Mittel- und S\u00fcdeuropa.<\/li>\n<li><strong>Effiziente Filtration<\/strong> : Der 8mm REGULAR Aktivkohlefilter sorgt f\u00fcr einen sanften und angenehmen Rauch.<\/li>\n<li><strong>Kompakt und ergonomisch<\/strong> : Kleine Gr\u00f6\u00dfe und flache Spitze f\u00fcr einen bequemen Griff.<\/li>\n<li><strong>Praktisches Zubeh\u00f6r<\/strong> : Im Lieferumfang enthalten sind ein Filter und eine Tasche zur einfachen Aufbewahrung.<\/li>\n<\/ul>\n<h3>Leistungsbeschreibung:<\/h3>\n<ul>\n<li><strong>L\u00e4nge<\/strong> : ca. 11,5 cm<\/li>\n<li><strong>Breite<\/strong> : ca. 2,1 cm<\/li>\n<li><strong>H\u00f6he<\/strong> : ca. 2,3 cm<\/li>\n<li><strong>Materialien<\/strong> : Birnbaumholz und Kunststoff<\/li>\n<li><strong>Filter<\/strong> : 8mm REGULAR Aktivkohlefilter<\/li>\n<li><strong>Lieferumfang<\/strong> : Filter und Aufbewahrungstasche<\/li>\n<\/ul>\n","protected":false},"excerpt":{"rendered":"<p>actiTube Pfeifen &#8211; Die Reinheit des Rauchs F\u00fcr alle, die lieber auf Tabak verzichten oder den reinen Rauch optimal genie\u00dfen m\u00f6chten, sind actiTube Pfeifen das ideale Werkzeug. Diese handgefertigten Pfeifen, made in Germany, bieten ein unvergleichliches Raucherlebnis. Handgefertigt in Deutschland : Jede Pfeife wird mit akribischer Sorgfalt in Handarbeit hergestellt, ohne den Einsatz von Farbstoffen [&hellip;]<\/p>\n","protected":false},"featured_media":26355,"comment_status":"open","ping_status":"closed","template":"","meta":{"_seopress_robots_primary_cat":"none","_seopress_titles_title":"","_seopress_titles_desc":"","_seopress_robots_index":""},"product_brand":[],"product_cat":[712],"product_tag":[],"class_list":{"0":"post-26343","1":"product","2":"type-product","3":"status-publish","4":"has-post-thumbnail","6":"product_cat-filtres-a-charbon-actif-de","9":"instock","10":"taxable","11":"shipping-taxable","12":"purchasable","13":"product-type-simple","14":"product-grid-view"},"_links":{"self":[{"href":"https:\/\/greenkingdom.ch\/de\/wp-json\/wp\/v2\/product\/26343","targetHints":{"allow":["GET"]}}],"collection":[{"href":"https:\/\/greenkingdom.ch\/de\/wp-json\/wp\/v2\/product"}],"about":[{"href":"https:\/\/greenkingdom.ch\/de\/wp-json\/wp\/v2\/types\/product"}],"replies":[{"embeddable":true,"href":"https:\/\/greenkingdom.ch\/de\/wp-json\/wp\/v2\/comments?post=26343"}],"version-history":[{"count":3,"href":"https:\/\/greenkingdom.ch\/de\/wp-json\/wp\/v2\/product\/26343\/revisions"}],"predecessor-version":[{"id":26666,"href":"https:\/\/greenkingdom.ch\/de\/wp-json\/wp\/v2\/product\/26343\/revisions\/26666"}],"wp:featuredmedia":[{"embeddable":true,"href":"https:\/\/greenkingdom.ch\/de\/wp-json\/wp\/v2\/media\/26355"}],"wp:attachment":[{"href":"https:\/\/greenkingdom.ch\/de\/wp-json\/wp\/v2\/media?parent=26343"}],"wp:term":[{"taxonomy":"product_brand","embeddable":true,"href":"https:\/\/greenkingdom.ch\/de\/wp-json\/wp\/v2\/product_brand?post=26343"},{"taxonomy":"product_cat","embeddable":true,"href":"https:\/\/greenkingdom.ch\/de\/wp-json\/wp\/v2\/product_cat?post=26343"},{"taxonomy":"product_tag","embeddable":true,"href":"https:\/\/greenkingdom.ch\/de\/wp-json\/wp\/v2\/product_tag?post=26343"}],"curies":[{"name":"wp","href":"https:\/\/api.w.org\/{rel}","templated":true}]}}