{"id":26373,"date":"2024-12-27T18:08:18","date_gmt":"2024-12-27T17:08:18","guid":{"rendered":"https:\/\/greenkingdom.ch\/product\/actitube-charbon-actif-en-tube-335ml\/"},"modified":"2024-12-28T16:11:12","modified_gmt":"2024-12-28T15:11:12","slug":"actitube-charbon-actif-en-tube-335ml","status":"publish","type":"product","link":"https:\/\/greenkingdom.ch\/de\/produkt\/actitube-charbon-actif-en-tube-335ml\/","title":{"rendered":"Actitube Aktivkohle in 335ml Tube"},"content":{"rendered":"<p><strong>Aktivkohle in Tube 335ml<\/strong><\/p>\n<p>Aktivkohle ist eine wirksame L\u00f6sung, um Schadstoffe herauszufiltern und die Qualit\u00e4t des Rauchs, den Sie einatmen, zu verbessern. Dank der hochwertigen Aktivkohle wird jeder Zug angenehmer und bietet einen frischen, weichen und trockenen Rauch ohne Kondensation oder Verstopfung. Das Filtrationsverfahren auf Aktivkohlebasis stellt sicher, dass mit jedem Zug eine reduzierte Menge an Schad- und Wirkstoffen in die Lunge gelangt, w\u00e4hrend der \u00dcberschuss ausgeschieden wird. Dies ist besonders wichtig f\u00fcr Raucher von THC-haltigen Produkten, da Aktivkohle die Zusammensetzung des Rauchs ver\u00e4ndert. Aktivkohle wirkt haupts\u00e4chlich auf die wasserl\u00f6slichen Substanzen, die im Rauch enthalten sind, und hilft, das Verh\u00e4ltnis von Kondensat zu THC einzustellen, was ein reineres Raucherlebnis erm\u00f6glicht. Die Verwendung von Aktivkohle in Produkten wie Bong-Adaptern hilft, Verunreinigungen zu reduzieren und gleichzeitig die Qualit\u00e4t von THC zu erhalten. Unsere Aktivkohle ist die perfekte L\u00f6sung f\u00fcr ein optimales Raucherlebnis bei gleichzeitiger Schonung Ihrer Gesundheit.<\/p>\n","protected":false},"excerpt":{"rendered":"<p>Aktivkohle in Tube 335ml Aktivkohle ist eine wirksame L\u00f6sung, um Schadstoffe herauszufiltern und die Qualit\u00e4t des Rauchs, den Sie einatmen, zu verbessern. Dank der hochwertigen Aktivkohle wird jeder Zug angenehmer und bietet einen frischen, weichen und trockenen Rauch ohne Kondensation oder Verstopfung. Das Filtrationsverfahren auf Aktivkohlebasis stellt sicher, dass mit jedem Zug eine reduzierte Menge [&hellip;]<\/p>\n","protected":false},"featured_media":26369,"comment_status":"open","ping_status":"closed","template":"","meta":{"_seopress_robots_primary_cat":"none","_seopress_titles_title":"","_seopress_titles_desc":"","_seopress_robots_index":""},"product_brand":[],"product_cat":[712],"product_tag":[],"class_list":{"0":"post-26373","1":"product","2":"type-product","3":"status-publish","4":"has-post-thumbnail","6":"product_cat-filtres-a-charbon-actif-de","9":"instock","10":"taxable","11":"shipping-taxable","12":"purchasable","13":"product-type-simple","14":"product-grid-view"},"_links":{"self":[{"href":"https:\/\/greenkingdom.ch\/de\/wp-json\/wp\/v2\/product\/26373","targetHints":{"allow":["GET"]}}],"collection":[{"href":"https:\/\/greenkingdom.ch\/de\/wp-json\/wp\/v2\/product"}],"about":[{"href":"https:\/\/greenkingdom.ch\/de\/wp-json\/wp\/v2\/types\/product"}],"replies":[{"embeddable":true,"href":"https:\/\/greenkingdom.ch\/de\/wp-json\/wp\/v2\/comments?post=26373"}],"version-history":[{"count":2,"href":"https:\/\/greenkingdom.ch\/de\/wp-json\/wp\/v2\/product\/26373\/revisions"}],"predecessor-version":[{"id":26672,"href":"https:\/\/greenkingdom.ch\/de\/wp-json\/wp\/v2\/product\/26373\/revisions\/26672"}],"wp:featuredmedia":[{"embeddable":true,"href":"https:\/\/greenkingdom.ch\/de\/wp-json\/wp\/v2\/media\/26369"}],"wp:attachment":[{"href":"https:\/\/greenkingdom.ch\/de\/wp-json\/wp\/v2\/media?parent=26373"}],"wp:term":[{"taxonomy":"product_brand","embeddable":true,"href":"https:\/\/greenkingdom.ch\/de\/wp-json\/wp\/v2\/product_brand?post=26373"},{"taxonomy":"product_cat","embeddable":true,"href":"https:\/\/greenkingdom.ch\/de\/wp-json\/wp\/v2\/product_cat?post=26373"},{"taxonomy":"product_tag","embeddable":true,"href":"https:\/\/greenkingdom.ch\/de\/wp-json\/wp\/v2\/product_tag?post=26373"}],"curies":[{"name":"wp","href":"https:\/\/api.w.org\/{rel}","templated":true}]}}