{"id":26418,"date":"2024-12-28T14:38:27","date_gmt":"2024-12-28T13:38:27","guid":{"rendered":"https:\/\/greenkingdom.ch\/?post_type=product&#038;p=26418"},"modified":"2024-12-28T16:11:18","modified_gmt":"2024-12-28T15:11:18","slug":"smoke-buddy-original-rainbow","status":"publish","type":"product","link":"https:\/\/greenkingdom.ch\/de\/produkt\/smoke-buddy-original-rainbow\/","title":{"rendered":"Smoke Buddy Original Regenbogen"},"content":{"rendered":"<p>Der <strong>Smokebuddy Original<\/strong> ist ein kompakter und effizienter pers\u00f6nlicher Luftfilter, der zur Entfernung von Rauch und Ger\u00fcchen entwickelt wurde. Es erm\u00f6glicht Ihnen, diskret zu rauchen, ohne eine Spur des Geruchs zu hinterlassen, oder sekund\u00e4r zu rauchen. Es ist eine ideale L\u00f6sung f\u00fcr diejenigen, die in verschiedenen Umgebungen rauchen und dabei andere respektieren m\u00f6chten.  <\/p>\n<h3>Hauptmerkmale:<\/h3>\n<ul>\n<li><strong>Geruchlose Luft<\/strong> : Atme den Rauch durch den Smokebuddy aus, und geruchlose Luft wird auf die andere Seite ausgesto\u00dfen.<\/li>\n<li><strong>Kompakte Gr\u00f6\u00dfe<\/strong> : Mit Abmessungen von 7 x 7 x 10 cm ist es leicht zu transportieren und zu verstauen, was es ideal f\u00fcr den Einsatz unterwegs macht.<\/li>\n<li><strong>Wiederverwendbar<\/strong> : Konzipiert f\u00fcr eine Lebensdauer von etwa 300 Anwendungen oder l\u00e4nger, ist es eine umweltfreundliche Wahl, die den Abfall im Vergleich zu Einwegfiltern reduziert.<\/li>\n<li><strong>Praktisch f\u00fcr unterwegs<\/strong> : Enth\u00e4lt einen <strong>Schl\u00fcsselanh\u00e4nger<\/strong> mit LED-Licht und <strong>Reisekappen<\/strong> zur diskreten Aufbewahrung, damit Sie es leicht tragen k\u00f6nnen.<\/li>\n<li><strong>Schutz vor Passivrauchen<\/strong> : Verhindert, dass Passivrauch andere erreicht, und macht es f\u00fcr Ihre Familie, Freunde und Nachbarn sicherer.<\/li>\n<li><strong>Leichtgewicht<\/strong> : Er wiegt nur 136 Gramm, was Ihrem Hab und Gut nur ein minimales Gewicht verleiht.<\/li>\n<\/ul>\n<h3>Was ist inbegriffen:<\/h3>\n<ul>\n<li><strong>Smokebuddy Original<\/strong><\/li>\n<li><strong>Schl\u00fcsselanh\u00e4nger<\/strong> mit LED-Licht f\u00fcr mehr Komfort<\/li>\n<li><strong>Reisekappen f\u00fcr diskrete<\/strong> und sichere Aufbewahrung<\/li>\n<\/ul>\n<h3>Leistungsbeschreibung:<\/h3>\n<ul>\n<li><strong>Ma\u00dfe<\/strong> : 7 x 7 x 10 cm<\/li>\n<li><strong>Gewicht<\/strong> : 136 g<\/li>\n<li><strong>Verpackungsma\u00dfe<\/strong> : 18 x 7 x 24 cm<\/li>\n<li><strong>Versandgewicht<\/strong> : 170 g<\/li>\n<\/ul>\n<p>Egal, ob Du auf Reisen oder zu Hause bist oder einfach nur respektvoll mit anderen umgehen m\u00f6chtest, der Smokebuddy Original ist ein zuverl\u00e4ssiger und diskreter Luftfilter, der es Dir erm\u00f6glicht, zu rauchen, ohne Spuren zu hinterlassen.<\/p>\n","protected":false},"excerpt":{"rendered":"<p>Der Smokebuddy Original ist ein kompakter und effizienter pers\u00f6nlicher Luftfilter, der zur Entfernung von Rauch und Ger\u00fcchen entwickelt wurde. Es erm\u00f6glicht Ihnen, diskret zu rauchen, ohne eine Spur des Geruchs zu hinterlassen, oder sekund\u00e4r zu rauchen. Es ist eine ideale L\u00f6sung f\u00fcr diejenigen, die in verschiedenen Umgebungen rauchen und dabei andere respektieren m\u00f6chten. Hauptmerkmale: Geruchlose [&hellip;]<\/p>\n","protected":false},"featured_media":26462,"comment_status":"open","ping_status":"closed","template":"","meta":{"_seopress_robots_primary_cat":"none","_seopress_titles_title":"","_seopress_titles_desc":"","_seopress_robots_index":""},"product_brand":[],"product_cat":[716],"product_tag":[],"class_list":{"0":"post-26418","1":"product","2":"type-product","3":"status-publish","4":"has-post-thumbnail","6":"product_cat-filtres-a-air-personnels-de","9":"instock","10":"taxable","11":"shipping-taxable","12":"purchasable","13":"product-type-simple","14":"product-grid-view"},"_links":{"self":[{"href":"https:\/\/greenkingdom.ch\/de\/wp-json\/wp\/v2\/product\/26418","targetHints":{"allow":["GET"]}}],"collection":[{"href":"https:\/\/greenkingdom.ch\/de\/wp-json\/wp\/v2\/product"}],"about":[{"href":"https:\/\/greenkingdom.ch\/de\/wp-json\/wp\/v2\/types\/product"}],"replies":[{"embeddable":true,"href":"https:\/\/greenkingdom.ch\/de\/wp-json\/wp\/v2\/comments?post=26418"}],"version-history":[{"count":2,"href":"https:\/\/greenkingdom.ch\/de\/wp-json\/wp\/v2\/product\/26418\/revisions"}],"predecessor-version":[{"id":26679,"href":"https:\/\/greenkingdom.ch\/de\/wp-json\/wp\/v2\/product\/26418\/revisions\/26679"}],"wp:featuredmedia":[{"embeddable":true,"href":"https:\/\/greenkingdom.ch\/de\/wp-json\/wp\/v2\/media\/26462"}],"wp:attachment":[{"href":"https:\/\/greenkingdom.ch\/de\/wp-json\/wp\/v2\/media?parent=26418"}],"wp:term":[{"taxonomy":"product_brand","embeddable":true,"href":"https:\/\/greenkingdom.ch\/de\/wp-json\/wp\/v2\/product_brand?post=26418"},{"taxonomy":"product_cat","embeddable":true,"href":"https:\/\/greenkingdom.ch\/de\/wp-json\/wp\/v2\/product_cat?post=26418"},{"taxonomy":"product_tag","embeddable":true,"href":"https:\/\/greenkingdom.ch\/de\/wp-json\/wp\/v2\/product_tag?post=26418"}],"curies":[{"name":"wp","href":"https:\/\/api.w.org\/{rel}","templated":true}]}}