{"id":26598,"date":"2024-12-28T15:00:18","date_gmt":"2024-12-28T14:00:18","guid":{"rendered":"https:\/\/greenkingdom.ch\/?post_type=product&#038;p=26598"},"modified":"2024-12-28T16:12:02","modified_gmt":"2024-12-28T15:12:02","slug":"smoke-buddy-mega-blanc","status":"publish","type":"product","link":"https:\/\/greenkingdom.ch\/de\/produkt\/smoke-buddy-mega-blanc\/","title":{"rendered":"Smoke Buddy Mega Wei\u00df"},"content":{"rendered":"<p>Der <strong>Smokebuddy MEGA<\/strong> ist das gr\u00f6\u00dfte pers\u00f6nliche Luftfiltermodell, das f\u00fcr regelm\u00e4\u00dfige Benutzer oder diejenigen entwickelt wurde, die eine h\u00f6here Filterkapazit\u00e4t bevorzugen. Mit einem Filter, der doppelt so gro\u00df ist wie der <strong>des Smokebuddy Original-Modells<\/strong>, bietet er eine verbesserte Leistung bei der Entfernung von Rauch und Ger\u00fcchen. <\/p>\n<h3>Hauptmerkmale:<\/h3>\n<ul>\n<li><strong>Verbesserte Filtration<\/strong> : Der Smokebuddy MEGA wurde entwickelt, um eine leistungsst\u00e4rkere Filtration zu bieten, perfekt f\u00fcr Vielnutzer oder diejenigen, die mehr Filtrationskapazit\u00e4t ben\u00f6tigen.<\/li>\n<li><strong>Flache und ergonomische Form<\/strong> : Mit den Ma\u00dfen von 10 x 3,8 x 15 cm liegt er gut in der Hand und bleibt bequem zu bedienen und hat gleichzeitig ein stilvolles Aussehen.<\/li>\n<li><strong>Leicht und langlebig<\/strong> : Obwohl es gr\u00f6\u00dfer ist, wiegt es nur 164 Gramm, wodurch es leicht zu transportieren und dennoch robust ist. Es wird gesch\u00e4tzt, dass es etwa <strong>600 Anwendungen oder l\u00e4nger<\/strong> h\u00e4lt. <\/li>\n<li><strong>LED-Schl\u00fcsselanh\u00e4nger<\/strong> : Jeder MEGA Smokebuddy wird mit einem  <strong>Mr. MegaBuddy Schl\u00fcsselanh\u00e4nger <\/strong>  mit LED-Licht, das aufleuchtet, wenn Sie es dr\u00fccken \u2013 eine praktische und unterhaltsame Erg\u00e4nzung.<\/li>\n<li><strong>Wiederverwendbar und umweltfreundlich<\/strong> : Dieses Modell ist f\u00fcr eine Lebensdauer von Monaten oder sogar Jahren konzipiert und bietet eine umweltfreundlichere und wirtschaftlichere Alternative zu Einwegfiltern.<\/li>\n<li><strong>Praktisch f\u00fcr unterwegs<\/strong> : Enth\u00e4lt <strong>Reisekappen<\/strong> f\u00fcr eine diskrete Aufbewahrung, sodass Sie es leicht \u00fcberall hin mitnehmen k\u00f6nnen.<\/li>\n<li><strong>Schutz vor Passivrauchen<\/strong> : Ideal, um die Sicherheit Ihrer Mitmenschen zu gew\u00e4hrleisten, indem Sie Passivrauch effektiv herausfiltern.<\/li>\n<\/ul>\n<h3>Was ist inbegriffen:<\/h3>\n<ul>\n<li><strong>Smokebuddy MEGA<\/strong><\/li>\n<li><strong>Mr. MegaBuddy Schl\u00fcsselanh\u00e4nger <\/strong>  mit LED-Licht<\/li>\n<li><strong>Reisekappen f\u00fcr diskrete<\/strong> Aufbewahrung<\/li>\n<li><strong>Umweltfreundliches Produkt<\/strong> , das Abfall reduziert<\/li>\n<\/ul>\n<h3>Leistungsbeschreibung:<\/h3>\n<ul>\n<li><strong>Ma\u00dfe<\/strong> : 10 x 3,8 x 15 cm<\/li>\n<li><strong>Gewicht<\/strong> : 164 g<\/li>\n<li><strong>Verpackungsma\u00dfe<\/strong> : 19 x 7,6 x 23,5 cm<\/li>\n<li><strong>Versandgewicht<\/strong> : 369 g<\/li>\n<\/ul>\n<p>Der <strong>Smokebuddy MEGA<\/strong> ist perfekt f\u00fcr regelm\u00e4\u00dfige Benutzer oder diejenigen, die einen leistungsst\u00e4rkeren und langlebigeren Luftfilter suchen. Es ist so gebaut, dass es lange h\u00e4lt und dennoch recht diskret und leicht zu transportieren ist. Mit seiner gr\u00f6\u00dferen Gr\u00f6\u00dfe bietet es eine verbesserte Filtration f\u00fcr rauch- und geruchsfreie Luft, egal wo Sie sich befinden.  <\/p>\n","protected":false},"excerpt":{"rendered":"<p>Der Smokebuddy MEGA ist das gr\u00f6\u00dfte pers\u00f6nliche Luftfiltermodell, das f\u00fcr regelm\u00e4\u00dfige Benutzer oder diejenigen entwickelt wurde, die eine h\u00f6here Filterkapazit\u00e4t bevorzugen. Mit einem Filter, der doppelt so gro\u00df ist wie der des Smokebuddy Original-Modells, bietet er eine verbesserte Leistung bei der Entfernung von Rauch und Ger\u00fcchen. Hauptmerkmale: Verbesserte Filtration : Der Smokebuddy MEGA wurde entwickelt, [&hellip;]<\/p>\n","protected":false},"featured_media":26626,"comment_status":"open","ping_status":"closed","template":"","meta":{"_seopress_robots_primary_cat":"none","_seopress_titles_title":"","_seopress_titles_desc":"","_seopress_robots_index":""},"product_brand":[],"product_cat":[716],"product_tag":[],"class_list":{"0":"post-26598","1":"product","2":"type-product","3":"status-publish","4":"has-post-thumbnail","6":"product_cat-filtres-a-air-personnels-de","9":"instock","10":"taxable","11":"shipping-taxable","12":"purchasable","13":"product-type-simple","14":"product-grid-view"},"_links":{"self":[{"href":"https:\/\/greenkingdom.ch\/de\/wp-json\/wp\/v2\/product\/26598","targetHints":{"allow":["GET"]}}],"collection":[{"href":"https:\/\/greenkingdom.ch\/de\/wp-json\/wp\/v2\/product"}],"about":[{"href":"https:\/\/greenkingdom.ch\/de\/wp-json\/wp\/v2\/types\/product"}],"replies":[{"embeddable":true,"href":"https:\/\/greenkingdom.ch\/de\/wp-json\/wp\/v2\/comments?post=26598"}],"version-history":[{"count":7,"href":"https:\/\/greenkingdom.ch\/de\/wp-json\/wp\/v2\/product\/26598\/revisions"}],"predecessor-version":[{"id":26639,"href":"https:\/\/greenkingdom.ch\/de\/wp-json\/wp\/v2\/product\/26598\/revisions\/26639"}],"wp:featuredmedia":[{"embeddable":true,"href":"https:\/\/greenkingdom.ch\/de\/wp-json\/wp\/v2\/media\/26626"}],"wp:attachment":[{"href":"https:\/\/greenkingdom.ch\/de\/wp-json\/wp\/v2\/media?parent=26598"}],"wp:term":[{"taxonomy":"product_brand","embeddable":true,"href":"https:\/\/greenkingdom.ch\/de\/wp-json\/wp\/v2\/product_brand?post=26598"},{"taxonomy":"product_cat","embeddable":true,"href":"https:\/\/greenkingdom.ch\/de\/wp-json\/wp\/v2\/product_cat?post=26598"},{"taxonomy":"product_tag","embeddable":true,"href":"https:\/\/greenkingdom.ch\/de\/wp-json\/wp\/v2\/product_tag?post=26598"}],"curies":[{"name":"wp","href":"https:\/\/api.w.org\/{rel}","templated":true}]}}