{"id":27764,"date":"2025-01-02T16:05:21","date_gmt":"2025-01-02T15:05:21","guid":{"rendered":"https:\/\/greenkingdom.ch\/?post_type=product&#038;p=27764"},"modified":"2025-03-05T18:20:09","modified_gmt":"2025-03-05T17:20:09","slug":"raw-classic-king-size-slim-filtres","status":"publish","type":"product","link":"https:\/\/greenkingdom.ch\/de\/produkt\/raw-classic-king-size-slim-filtres\/","title":{"rendered":"Raw Connoisseur King Size Slim (Feuilles + Filtres)"},"content":{"rendered":"<p>Le RAW Connoisseur offre une solution pratique et \u00e9l\u00e9gante pour ceux qui souhaitent fumer partout, que ce soit \u00e0 la maison ou en d\u00e9placement. Son emballage simple mais efficace contient tout ce dont vous avez besoin : des papiers \u00e0 rouler et des filtres, tous fabriqu\u00e9s \u00e0 partir d&#8217;un m\u00e9lange sp\u00e9cial de papier non raffin\u00e9, sans bois. Chaque paquet est imprim\u00e9 sur du papier \u00e9cologique, gr\u00e2ce \u00e0 un proc\u00e9d\u00e9 d&#8217;impression thermographique japonais, garantissant une touche soign\u00e9e et respectueuse de l\u2019environnement. Pratique et discret, il se glisse facilement dans toutes les poches, que ce soit celles d&#8217;un pantalon, d&#8217;une veste ou d&#8217;un sac \u00e0 main. Vous n&#8217;aurez plus \u00e0 chercher vos filtres ou vos papiers s\u00e9par\u00e9ment, tout est \u00e0 port\u00e9e de main.<\/p>\n<p>Gr\u00e2ce \u00e0 sa taille id\u00e9ale, m\u00eame les fumeurs novices ou ceux qui pr\u00e9f\u00e8rent une cigarette un peu plus \u00e9paisse pourront appr\u00e9cier pleinement leur exp\u00e9rience. Le papier brut RAW est, selon nous, l\u2019un des meilleurs sur le march\u00e9, un papier non blanchi de grande qualit\u00e9.<\/p>\n<p>Sa texture unique et son filigrane incorpor\u00e9 assurent une combustion lente, uniforme, sans odeur, et parfaitement droite \u00e0 chaque utilisation.<\/p>\n<p>Ce papier RAW est un produit innovant qui s&#8217;est rapidement impos\u00e9 parmi les pr\u00e9f\u00e9r\u00e9s des fumeurs. Sa couleur naturelle brun clair et sa transparence sont dues au fait que le processus de fabrication est arr\u00eat\u00e9 plus t\u00f4t que pour les papiers classiques, sans l&#8217;ajout de produits chimiques ou de blanchiment. R\u00e9sultat : les fibres conservent leur couleur brute et authentique.<\/p>\n<p>De plus, chaque feuille est marqu\u00e9e du filigrane HBI CrissCross, qui permet \u00e0 la cigarette de br\u00fbler de mani\u00e8re homog\u00e8ne, une caract\u00e9ristique qui fait la renomm\u00e9e de RAW dans le monde entier.<\/p>\n","protected":false},"excerpt":{"rendered":"<p>Le RAW Connoisseur offre une solution pratique et \u00e9l\u00e9gante pour ceux qui souhaitent fumer partout, que ce soit \u00e0 la maison ou en d\u00e9placement. Son emballage simple mais efficace contient tout ce dont vous avez besoin : des papiers \u00e0 rouler et des filtres, tous fabriqu\u00e9s \u00e0 partir d&#8217;un m\u00e9lange sp\u00e9cial de papier non raffin\u00e9, [&hellip;]<\/p>\n","protected":false},"featured_media":27768,"comment_status":"open","ping_status":"closed","template":"","meta":{"_seopress_robots_primary_cat":"none","_seopress_titles_title":"Raw Connoisseur King Size Slim (Feuilles + Filtres) - Green Kingdom","_seopress_titles_desc":"Le RAW Connoisseur offre une solution pratique et \u00e9l\u00e9gante pour ceux qui souhaitent fumer partout, que ce soit \u00e0 la maison ou en d\u00e9placement.","_seopress_robots_index":""},"product_brand":[],"product_cat":[655],"product_tag":[],"class_list":{"0":"post-27764","1":"product","2":"type-product","3":"status-publish","4":"has-post-thumbnail","6":"product_cat-zigarettenpapier","9":"instock","10":"taxable","11":"shipping-taxable","12":"purchasable","13":"product-type-simple","14":"product-grid-view"},"_links":{"self":[{"href":"https:\/\/greenkingdom.ch\/de\/wp-json\/wp\/v2\/product\/27764","targetHints":{"allow":["GET"]}}],"collection":[{"href":"https:\/\/greenkingdom.ch\/de\/wp-json\/wp\/v2\/product"}],"about":[{"href":"https:\/\/greenkingdom.ch\/de\/wp-json\/wp\/v2\/types\/product"}],"replies":[{"embeddable":true,"href":"https:\/\/greenkingdom.ch\/de\/wp-json\/wp\/v2\/comments?post=27764"}],"version-history":[{"count":1,"href":"https:\/\/greenkingdom.ch\/de\/wp-json\/wp\/v2\/product\/27764\/revisions"}],"predecessor-version":[{"id":27771,"href":"https:\/\/greenkingdom.ch\/de\/wp-json\/wp\/v2\/product\/27764\/revisions\/27771"}],"wp:featuredmedia":[{"embeddable":true,"href":"https:\/\/greenkingdom.ch\/de\/wp-json\/wp\/v2\/media\/27768"}],"wp:attachment":[{"href":"https:\/\/greenkingdom.ch\/de\/wp-json\/wp\/v2\/media?parent=27764"}],"wp:term":[{"taxonomy":"product_brand","embeddable":true,"href":"https:\/\/greenkingdom.ch\/de\/wp-json\/wp\/v2\/product_brand?post=27764"},{"taxonomy":"product_cat","embeddable":true,"href":"https:\/\/greenkingdom.ch\/de\/wp-json\/wp\/v2\/product_cat?post=27764"},{"taxonomy":"product_tag","embeddable":true,"href":"https:\/\/greenkingdom.ch\/de\/wp-json\/wp\/v2\/product_tag?post=27764"}],"curies":[{"name":"wp","href":"https:\/\/api.w.org\/{rel}","templated":true}]}}