{"id":27812,"date":"2025-01-02T16:18:21","date_gmt":"2025-01-02T15:18:21","guid":{"rendered":"https:\/\/greenkingdom.ch\/?post_type=product&#038;p=27812"},"modified":"2025-03-05T18:14:46","modified_gmt":"2025-03-05T17:14:46","slug":"raw-rolls-single-wide-3m","status":"publish","type":"product","link":"https:\/\/greenkingdom.ch\/de\/produkt\/raw-rolls-single-wide-3m\/","title":{"rendered":"Raw Rolls Single Wide 3m"},"content":{"rendered":"<p>Le rouleau RAW de 3 m\u00e8tres est la solution id\u00e9ale pour les fumeurs \u00e0 la recherche de papier non blanchi, 100 % v\u00e9g\u00e9tal et de qualit\u00e9 exceptionnelle. Ce format g\u00e9n\u00e9reux vous permet de cr\u00e9er des cigarettes sur mesure, tout en b\u00e9n\u00e9ficiant de toutes les qualit\u00e9s uniques du papier RAW.<\/p>\n<p>Le papier RAW se distingue par sa couleur naturelle brun clair et sa texture translucide. Cette teinte sp\u00e9cifique est le r\u00e9sultat d&#8217;un processus de fabrication qui s&#8217;arr\u00eate plus t\u00f4t que pour les papiers conventionnels, emp\u00eachant l&#8217;ajout de produits chimiques ou d&#8217;agents de blanchiment. Les fibres, non blanchies, conservent ainsi leur couleur brute et naturelle, garantissant un produit pur et respectueux de l&#8217;environnement.<\/p>\n<p>Chaque feuille est marqu\u00e9e du filigrane HBI CrissCross, une technologie unique qui permet une combustion lente, uniforme et sans odeur. Ce filigrane est l&#8217;une des raisons pour lesquelles RAW est reconnu mondialement pour sa combustion r\u00e9guli\u00e8re et sa qualit\u00e9 exceptionnelle.<\/p>\n<p>Le rouleau RAW de 3 m\u00e8tres est l&#8217;option parfaite pour ceux qui veulent plus de libert\u00e9 et de personnalisation tout en profitant des avantages d&#8217;un papier haut de gamme, naturel et durable.<\/p>\n","protected":false},"excerpt":{"rendered":"<p>Le rouleau RAW de 3 m\u00e8tres est la solution id\u00e9ale pour les fumeurs \u00e0 la recherche de papier non blanchi, 100 % v\u00e9g\u00e9tal et de qualit\u00e9 exceptionnelle. Ce format g\u00e9n\u00e9reux vous permet de cr\u00e9er des cigarettes sur mesure, tout en b\u00e9n\u00e9ficiant de toutes les qualit\u00e9s uniques du papier RAW. Le papier RAW se distingue par [&hellip;]<\/p>\n","protected":false},"featured_media":27831,"comment_status":"open","ping_status":"closed","template":"","meta":{"_seopress_robots_primary_cat":"none","_seopress_titles_title":"Raw Rolls Single Wide 3m - Green Kingdom","_seopress_titles_desc":"Le rouleau RAW de 3 m\u00e8tres est l'option parfaite pour ceux qui veulent plus de libert\u00e9 et de personnalisation tout en profitant des avantages d'un papier haut de gamme, naturel et durable.","_seopress_robots_index":""},"product_brand":[],"product_cat":[655],"product_tag":[],"class_list":{"0":"post-27812","1":"product","2":"type-product","3":"status-publish","4":"has-post-thumbnail","6":"product_cat-zigarettenpapier","9":"instock","10":"taxable","11":"shipping-taxable","12":"purchasable","13":"product-type-simple","14":"product-grid-view"},"_links":{"self":[{"href":"https:\/\/greenkingdom.ch\/de\/wp-json\/wp\/v2\/product\/27812","targetHints":{"allow":["GET"]}}],"collection":[{"href":"https:\/\/greenkingdom.ch\/de\/wp-json\/wp\/v2\/product"}],"about":[{"href":"https:\/\/greenkingdom.ch\/de\/wp-json\/wp\/v2\/types\/product"}],"replies":[{"embeddable":true,"href":"https:\/\/greenkingdom.ch\/de\/wp-json\/wp\/v2\/comments?post=27812"}],"version-history":[{"count":2,"href":"https:\/\/greenkingdom.ch\/de\/wp-json\/wp\/v2\/product\/27812\/revisions"}],"predecessor-version":[{"id":27837,"href":"https:\/\/greenkingdom.ch\/de\/wp-json\/wp\/v2\/product\/27812\/revisions\/27837"}],"wp:featuredmedia":[{"embeddable":true,"href":"https:\/\/greenkingdom.ch\/de\/wp-json\/wp\/v2\/media\/27831"}],"wp:attachment":[{"href":"https:\/\/greenkingdom.ch\/de\/wp-json\/wp\/v2\/media?parent=27812"}],"wp:term":[{"taxonomy":"product_brand","embeddable":true,"href":"https:\/\/greenkingdom.ch\/de\/wp-json\/wp\/v2\/product_brand?post=27812"},{"taxonomy":"product_cat","embeddable":true,"href":"https:\/\/greenkingdom.ch\/de\/wp-json\/wp\/v2\/product_cat?post=27812"},{"taxonomy":"product_tag","embeddable":true,"href":"https:\/\/greenkingdom.ch\/de\/wp-json\/wp\/v2\/product_tag?post=27812"}],"curies":[{"name":"wp","href":"https:\/\/api.w.org\/{rel}","templated":true}]}}