{"id":27858,"date":"2025-01-02T16:47:58","date_gmt":"2025-01-02T15:47:58","guid":{"rendered":"https:\/\/greenkingdom.ch\/?post_type=product&#038;p=27858"},"modified":"2025-03-05T18:05:06","modified_gmt":"2025-03-05T17:05:06","slug":"raw-black-king-size-slim","status":"publish","type":"product","link":"https:\/\/greenkingdom.ch\/de\/produkt\/raw-black-king-size-slim\/","title":{"rendered":"Raw Black King Size Slim"},"content":{"rendered":"<p>Les papiers longs de la s\u00e9rie <strong>RAW Black Slim<\/strong>\u00a0sont des feuilles ultra-fines qui se distinguent par leur qualit\u00e9 exceptionnelle et leur fabrication m\u00e9ticuleuse. Press\u00e9es deux fois pour les rendre aussi fines que possible, elles repr\u00e9sentent la finesse absolue de la gamme <strong>RAW<\/strong>. Leur conception a \u00e9t\u00e9 pens\u00e9e pour r\u00e9pondre aux exigences des nouvelles g\u00e9n\u00e9rations de vari\u00e9t\u00e9s de cannabis de haute qualit\u00e9, permettant aux fumeurs de savourer pleinement les ar\u00f4mes et les terp\u00e8nes sans aucune alt\u00e9ration du go\u00fbt. Gr\u00e2ce \u00e0 leur finesse, elles br\u00fblent lentement et uniform\u00e9ment, garantissant une exp\u00e9rience de fum\u00e9e fluide et agr\u00e9able.<\/p>\n<p>Comme pour tous les produits <strong>RAW<\/strong>, ces feuilles longues sont fabriqu\u00e9es \u00e0 partir de fibres brutes 100 % v\u00e9g\u00e9taliennes. La colle utilis\u00e9e est \u00e9galement d&#8217;origine naturelle, \u00e0 base de <strong>s\u00e8ve d&#8217;acacia<\/strong>, ce qui permet d&#8217;\u00e9viter tout produit chimique ou agent blanchissant. Ce souci du d\u00e9tail permet \u00e0 <strong>RAW<\/strong> de proposer un produit pur, sans chlore ni additifs artificiels.<\/p>\n<p>Le papier RAW Black est fabriqu\u00e9 dans la r\u00e9gion espagnole d&#8217;Alcoy, o\u00f9 les conditions climatiques, notamment le vent sec de Valence, sont id\u00e9ales pour maintenir un taux d&#8217;humidit\u00e9 optimal pendant la production. De plus, <strong>RAW<\/strong> met un point d&#8217;honneur \u00e0 utiliser des pratiques de fabrication respectueuses de l&#8217;environnement, en recourant exclusivement \u00e0 <strong>l&#8217;\u00e9nergie \u00e9olienne<\/strong> pour alimenter ses installations. <strong>RAW<\/strong> s&#8217;engage \u00e9galement \u00e0 ne jamais utiliser d&#8217;organismes g\u00e9n\u00e9tiquement modifi\u00e9s (OGM) dans ses processus de production.<\/p>\n<p>Ces papiers noirs sont donc parfaits pour les fumeurs gourmets, \u00e0 la recherche d&#8217;une exp\u00e9rience de consommation de haute qualit\u00e9, qui souhaitent appr\u00e9cier le go\u00fbt pur de leur contenu tout en ayant un impact minimal sur l&#8217;environnement.<\/p>\n","protected":false},"excerpt":{"rendered":"<p>Les papiers longs de la s\u00e9rie RAW Black Slim\u00a0sont des feuilles ultra-fines qui se distinguent par leur qualit\u00e9 exceptionnelle et leur fabrication m\u00e9ticuleuse. Press\u00e9es deux fois pour les rendre aussi fines que possible, elles repr\u00e9sentent la finesse absolue de la gamme RAW. Leur conception a \u00e9t\u00e9 pens\u00e9e pour r\u00e9pondre aux exigences des nouvelles g\u00e9n\u00e9rations de [&hellip;]<\/p>\n","protected":false},"featured_media":27866,"comment_status":"open","ping_status":"closed","template":"","meta":{"_seopress_robots_primary_cat":"none","_seopress_titles_title":"Raw Black King Size Slim - Green Kingdom","_seopress_titles_desc":"Les papiers longs de la s\u00e9rie RAW Black Slim\u00a0sont des feuilles ultra-fines qui se distinguent par leur qualit\u00e9 exceptionnelle et leur fabrication m\u00e9ticuleuse.","_seopress_robots_index":""},"product_brand":[],"product_cat":[655],"product_tag":[],"class_list":{"0":"post-27858","1":"product","2":"type-product","3":"status-publish","4":"has-post-thumbnail","6":"product_cat-zigarettenpapier","9":"instock","10":"taxable","11":"shipping-taxable","12":"purchasable","13":"product-type-simple","14":"product-grid-view"},"_links":{"self":[{"href":"https:\/\/greenkingdom.ch\/de\/wp-json\/wp\/v2\/product\/27858","targetHints":{"allow":["GET"]}}],"collection":[{"href":"https:\/\/greenkingdom.ch\/de\/wp-json\/wp\/v2\/product"}],"about":[{"href":"https:\/\/greenkingdom.ch\/de\/wp-json\/wp\/v2\/types\/product"}],"replies":[{"embeddable":true,"href":"https:\/\/greenkingdom.ch\/de\/wp-json\/wp\/v2\/comments?post=27858"}],"version-history":[{"count":1,"href":"https:\/\/greenkingdom.ch\/de\/wp-json\/wp\/v2\/product\/27858\/revisions"}],"predecessor-version":[{"id":27869,"href":"https:\/\/greenkingdom.ch\/de\/wp-json\/wp\/v2\/product\/27858\/revisions\/27869"}],"wp:featuredmedia":[{"embeddable":true,"href":"https:\/\/greenkingdom.ch\/de\/wp-json\/wp\/v2\/media\/27866"}],"wp:attachment":[{"href":"https:\/\/greenkingdom.ch\/de\/wp-json\/wp\/v2\/media?parent=27858"}],"wp:term":[{"taxonomy":"product_brand","embeddable":true,"href":"https:\/\/greenkingdom.ch\/de\/wp-json\/wp\/v2\/product_brand?post=27858"},{"taxonomy":"product_cat","embeddable":true,"href":"https:\/\/greenkingdom.ch\/de\/wp-json\/wp\/v2\/product_cat?post=27858"},{"taxonomy":"product_tag","embeddable":true,"href":"https:\/\/greenkingdom.ch\/de\/wp-json\/wp\/v2\/product_tag?post=27858"}],"curies":[{"name":"wp","href":"https:\/\/api.w.org\/{rel}","templated":true}]}}