{"id":27901,"date":"2025-01-02T16:57:01","date_gmt":"2025-01-02T15:57:01","guid":{"rendered":"https:\/\/greenkingdom.ch\/?post_type=product&#038;p=27901"},"modified":"2025-03-05T18:03:51","modified_gmt":"2025-03-05T17:03:51","slug":"raw-black-organic-hemp","status":"publish","type":"product","link":"https:\/\/greenkingdom.ch\/de\/produkt\/raw-black-organic-hemp\/","title":{"rendered":"Raw Black Organic Hemp"},"content":{"rendered":"<p>Le <strong>RAW Black Organic Hemp<\/strong> a \u00e9t\u00e9 lanc\u00e9 pour c\u00e9l\u00e9brer les <strong>16 ans de RAW<\/strong>, et il incarne tout ce que la marque a de mieux \u00e0 offrir. Ce papier de chanvre non blanchi est non seulement le plus fin de la gamme, mais il br\u00fble \u00e9galement de mani\u00e8re incroyablement lente, offrant une exp\u00e9rience de fum\u00e9e douce et prolong\u00e9e. Sa porosit\u00e9 extr\u00eamement faible permet \u00e0 la combustion de se faire de mani\u00e8re homog\u00e8ne tout en pr\u00e9servant les terp\u00e8nes, pour une saveur pure et naturelle.<\/p>\n<p>Fabriqu\u00e9 \u00e0 partir de <strong>chanvre naturel<\/strong> et d&#8216;<strong>eau<\/strong>, ce papier est affin\u00e9 avec une <strong>gomme bio de s\u00e8ve d\u2019acacia<\/strong> r\u00e9colt\u00e9e de mani\u00e8re durable, garantissant ainsi un produit respectueux de l&#8217;environnement et de votre sant\u00e9. Contrairement \u00e0 de nombreux papiers classiques, le <strong>RAW Black Organic Hemp<\/strong> ne contient aucun additif de combustion, offrant ainsi une exp\u00e9rience de fumer totalement naturelle, sans produits chimiques ind\u00e9sirables.<\/p>\n<p>Ce papier ultra-fin et de qualit\u00e9 sup\u00e9rieure est la solution id\u00e9ale pour les fumeurs qui recherchent une exp\u00e9rience haut de gamme, combinant lenteur de combustion, pr\u00e9servation du go\u00fbt et respect de l&#8217;environnement.<\/p>\n","protected":false},"excerpt":{"rendered":"<p>Le RAW Black Organic Hemp a \u00e9t\u00e9 lanc\u00e9 pour c\u00e9l\u00e9brer les 16 ans de RAW, et il incarne tout ce que la marque a de mieux \u00e0 offrir. Ce papier de chanvre non blanchi est non seulement le plus fin de la gamme, mais il br\u00fble \u00e9galement de mani\u00e8re incroyablement lente, offrant une exp\u00e9rience de [&hellip;]<\/p>\n","protected":false},"featured_media":27905,"comment_status":"open","ping_status":"closed","template":"","meta":{"_seopress_robots_primary_cat":"none","_seopress_titles_title":"Raw Black Organic Hemp - Green Kingdom","_seopress_titles_desc":"Ce papier ultra-fin et de qualit\u00e9 sup\u00e9rieure est la solution id\u00e9ale pour les fumeurs qui recherchent une exp\u00e9rience haut de gamme, combinant lenteur de combustion, pr\u00e9servation du go\u00fbt et respect de l'environnement.","_seopress_robots_index":""},"product_brand":[],"product_cat":[655],"product_tag":[],"class_list":{"0":"post-27901","1":"product","2":"type-product","3":"status-publish","4":"has-post-thumbnail","6":"product_cat-zigarettenpapier","9":"instock","10":"taxable","11":"shipping-taxable","12":"purchasable","13":"product-type-simple","14":"product-grid-view"},"_links":{"self":[{"href":"https:\/\/greenkingdom.ch\/de\/wp-json\/wp\/v2\/product\/27901","targetHints":{"allow":["GET"]}}],"collection":[{"href":"https:\/\/greenkingdom.ch\/de\/wp-json\/wp\/v2\/product"}],"about":[{"href":"https:\/\/greenkingdom.ch\/de\/wp-json\/wp\/v2\/types\/product"}],"replies":[{"embeddable":true,"href":"https:\/\/greenkingdom.ch\/de\/wp-json\/wp\/v2\/comments?post=27901"}],"version-history":[{"count":1,"href":"https:\/\/greenkingdom.ch\/de\/wp-json\/wp\/v2\/product\/27901\/revisions"}],"predecessor-version":[{"id":27908,"href":"https:\/\/greenkingdom.ch\/de\/wp-json\/wp\/v2\/product\/27901\/revisions\/27908"}],"wp:featuredmedia":[{"embeddable":true,"href":"https:\/\/greenkingdom.ch\/de\/wp-json\/wp\/v2\/media\/27905"}],"wp:attachment":[{"href":"https:\/\/greenkingdom.ch\/de\/wp-json\/wp\/v2\/media?parent=27901"}],"wp:term":[{"taxonomy":"product_brand","embeddable":true,"href":"https:\/\/greenkingdom.ch\/de\/wp-json\/wp\/v2\/product_brand?post=27901"},{"taxonomy":"product_cat","embeddable":true,"href":"https:\/\/greenkingdom.ch\/de\/wp-json\/wp\/v2\/product_cat?post=27901"},{"taxonomy":"product_tag","embeddable":true,"href":"https:\/\/greenkingdom.ch\/de\/wp-json\/wp\/v2\/product_tag?post=27901"}],"curies":[{"name":"wp","href":"https:\/\/api.w.org\/{rel}","templated":true}]}}