{"id":27940,"date":"2025-01-02T17:28:52","date_gmt":"2025-01-02T16:28:52","guid":{"rendered":"https:\/\/greenkingdom.ch\/?post_type=product&#038;p=27940"},"modified":"2025-03-05T18:02:29","modified_gmt":"2025-03-05T17:02:29","slug":"elements-king-size","status":"publish","type":"product","link":"https:\/\/greenkingdom.ch\/de\/produkt\/elements-king-size\/","title":{"rendered":"Elements King Size"},"content":{"rendered":"<p>Le <strong>Elements Kingsize<\/strong> se distingue non seulement par sa finesse, mais aussi par sa largeur g\u00e9n\u00e9reuse, ce qui le rend parfait pour les d\u00e9butants ou m\u00eame les fumeurs plus exp\u00e9riment\u00e9s qui souhaitent cr\u00e9er des cigarettes plus volumineuses. Ce papier est particuli\u00e8rement appr\u00e9ci\u00e9 pour sa capacit\u00e9 \u00e0 offrir une exp\u00e9rience de fumer optimale, que ce soit pour des cigarettes classiques ou pour des pr\u00e9parations plus \u00e9labor\u00e9es.<\/p>\n<p>Fabriqu\u00e9 \u00e0 partir de <strong>100 % papier de riz pur<\/strong>, il br\u00fble proprement avec presque <strong>0% de cendres<\/strong>, garantissant ainsi une fum\u00e9e plus douce et plus agr\u00e9able. Ce papier ne contient aucun produit chimique, pas de cellulose et pas de chanvre, offrant ainsi un produit totalement naturel et pur.<\/p>\n<p>En hommage aux traditions anciennes du tabagisme, <strong>Elements<\/strong> a choisi de faire revivre ces &#8222;\u00e9l\u00e9ments&#8220; du pass\u00e9 en utilisant une <strong>gomme \u00e0 m\u00e2cher naturelle<\/strong> comme colle, ce qui accentue encore la puret\u00e9 du papier. Le r\u00e9sultat final est un papier d&#8217;une qualit\u00e9 exceptionnelle, qui peut \u00eatre consid\u00e9r\u00e9 comme l&#8217;un des meilleurs jamais fabriqu\u00e9s pour les fumeurs exigeants.<\/p>\n<p>Que vous soyez un fumeur novice ou un connaisseur, le <strong>Elements Kingsize<\/strong> est un choix incontournable pour ceux qui recherchent une exp\u00e9rience de fumer naturelle, propre et d&#8217;une grande qualit\u00e9.<\/p>\n","protected":false},"excerpt":{"rendered":"<p>Le Elements Kingsize se distingue non seulement par sa finesse, mais aussi par sa largeur g\u00e9n\u00e9reuse, ce qui le rend parfait pour les d\u00e9butants ou m\u00eame les fumeurs plus exp\u00e9riment\u00e9s qui souhaitent cr\u00e9er des cigarettes plus volumineuses. Ce papier est particuli\u00e8rement appr\u00e9ci\u00e9 pour sa capacit\u00e9 \u00e0 offrir une exp\u00e9rience de fumer optimale, que ce soit [&hellip;]<\/p>\n","protected":false},"featured_media":27944,"comment_status":"open","ping_status":"closed","template":"","meta":{"_seopress_robots_primary_cat":"none","_seopress_titles_title":"Elements King Size - Green Kingdom","_seopress_titles_desc":"Le Elements Kingsize est un choix incontournable pour ceux qui recherchent une exp\u00e9rience de fumer naturelle, propre et d'une grande qualit\u00e9.","_seopress_robots_index":""},"product_brand":[],"product_cat":[655],"product_tag":[],"class_list":{"0":"post-27940","1":"product","2":"type-product","3":"status-publish","4":"has-post-thumbnail","6":"product_cat-zigarettenpapier","9":"instock","10":"taxable","11":"shipping-taxable","12":"purchasable","13":"product-type-simple","14":"product-grid-view"},"_links":{"self":[{"href":"https:\/\/greenkingdom.ch\/de\/wp-json\/wp\/v2\/product\/27940","targetHints":{"allow":["GET"]}}],"collection":[{"href":"https:\/\/greenkingdom.ch\/de\/wp-json\/wp\/v2\/product"}],"about":[{"href":"https:\/\/greenkingdom.ch\/de\/wp-json\/wp\/v2\/types\/product"}],"replies":[{"embeddable":true,"href":"https:\/\/greenkingdom.ch\/de\/wp-json\/wp\/v2\/comments?post=27940"}],"version-history":[{"count":3,"href":"https:\/\/greenkingdom.ch\/de\/wp-json\/wp\/v2\/product\/27940\/revisions"}],"predecessor-version":[{"id":27960,"href":"https:\/\/greenkingdom.ch\/de\/wp-json\/wp\/v2\/product\/27940\/revisions\/27960"}],"wp:featuredmedia":[{"embeddable":true,"href":"https:\/\/greenkingdom.ch\/de\/wp-json\/wp\/v2\/media\/27944"}],"wp:attachment":[{"href":"https:\/\/greenkingdom.ch\/de\/wp-json\/wp\/v2\/media?parent=27940"}],"wp:term":[{"taxonomy":"product_brand","embeddable":true,"href":"https:\/\/greenkingdom.ch\/de\/wp-json\/wp\/v2\/product_brand?post=27940"},{"taxonomy":"product_cat","embeddable":true,"href":"https:\/\/greenkingdom.ch\/de\/wp-json\/wp\/v2\/product_cat?post=27940"},{"taxonomy":"product_tag","embeddable":true,"href":"https:\/\/greenkingdom.ch\/de\/wp-json\/wp\/v2\/product_tag?post=27940"}],"curies":[{"name":"wp","href":"https:\/\/api.w.org\/{rel}","templated":true}]}}