{"id":28060,"date":"2025-01-02T18:23:34","date_gmt":"2025-01-02T17:23:34","guid":{"rendered":"https:\/\/greenkingdom.ch\/?post_type=product&#038;p=28060"},"modified":"2025-01-02T18:25:48","modified_gmt":"2025-01-02T17:25:48","slug":"elements-rolls-single-wide-5m","status":"publish","type":"product","link":"https:\/\/greenkingdom.ch\/de\/produkt\/elements-rolls-single-wide-5m\/","title":{"rendered":"Elements Rolls Single Wide 5m"},"content":{"rendered":"<p>Les <strong>rouleaux Elements Blue Kingsize Single Wide<\/strong> se distinguent par leur <strong>faible \u00e9paisseur<\/strong> et leur <strong>largeur de 38 mm<\/strong>, offrant une exp\u00e9rience de roulage flexible et de qualit\u00e9. Avec <strong>5 m\u00e8tres de longueur<\/strong>, ce rouleau permet de rouler plusieurs cigarettes tout en restant facile \u00e0 utiliser, quel que soit le type de cigarette que vous souhaitez cr\u00e9er.<\/p>\n<p>Fabriqu\u00e9 \u00e0 partir de <strong>100 % papier de riz pur<\/strong>, ce rouleau br\u00fble proprement avec <strong>presque aucune cendre<\/strong>, pour une fum\u00e9e douce et sans r\u00e9sidu. Ce papier est <strong>sans produits chimiques<\/strong>, <strong>sans cellulose<\/strong> et <strong>sans chanvre<\/strong>, garantissant une exp\u00e9rience totalement naturelle.<\/p>\n<p>Pour conserver un respect des traditions, <strong>Elements<\/strong> utilise une <strong>fine bande de caoutchouc naturel \u00e0 base de sucre<\/strong> comme colle, une solution propre et naturelle, fid\u00e8le \u00e0 l\u2019esprit des premiers papiers \u00e0 cigarette. En choisissant les rouleaux Elements Blue, vous optez pour un produit haut de gamme, respectueux de l\u2019environnement et con\u00e7u pour offrir une exp\u00e9rience de fumer optimale.<\/p>\n","protected":false},"excerpt":{"rendered":"<p>Les rouleaux Elements Blue Kingsize Single Wide se distinguent par leur faible \u00e9paisseur et leur largeur de 38 mm, offrant une exp\u00e9rience de roulage flexible et de qualit\u00e9. Avec 5 m\u00e8tres de longueur, ce rouleau permet de rouler plusieurs cigarettes tout en restant facile \u00e0 utiliser, quel que soit le type de cigarette que vous [&hellip;]<\/p>\n","protected":false},"featured_media":28064,"comment_status":"open","ping_status":"closed","template":"","meta":{"_seopress_robots_primary_cat":"none","_seopress_titles_title":"","_seopress_titles_desc":"","_seopress_robots_index":""},"product_brand":[],"product_cat":[655],"product_tag":[],"class_list":{"0":"post-28060","1":"product","2":"type-product","3":"status-publish","4":"has-post-thumbnail","6":"product_cat-zigarettenpapier","9":"instock","10":"taxable","11":"shipping-taxable","12":"purchasable","13":"product-type-simple","14":"product-grid-view"},"_links":{"self":[{"href":"https:\/\/greenkingdom.ch\/de\/wp-json\/wp\/v2\/product\/28060","targetHints":{"allow":["GET"]}}],"collection":[{"href":"https:\/\/greenkingdom.ch\/de\/wp-json\/wp\/v2\/product"}],"about":[{"href":"https:\/\/greenkingdom.ch\/de\/wp-json\/wp\/v2\/types\/product"}],"replies":[{"embeddable":true,"href":"https:\/\/greenkingdom.ch\/de\/wp-json\/wp\/v2\/comments?post=28060"}],"version-history":[{"count":1,"href":"https:\/\/greenkingdom.ch\/de\/wp-json\/wp\/v2\/product\/28060\/revisions"}],"predecessor-version":[{"id":28067,"href":"https:\/\/greenkingdom.ch\/de\/wp-json\/wp\/v2\/product\/28060\/revisions\/28067"}],"wp:featuredmedia":[{"embeddable":true,"href":"https:\/\/greenkingdom.ch\/de\/wp-json\/wp\/v2\/media\/28064"}],"wp:attachment":[{"href":"https:\/\/greenkingdom.ch\/de\/wp-json\/wp\/v2\/media?parent=28060"}],"wp:term":[{"taxonomy":"product_brand","embeddable":true,"href":"https:\/\/greenkingdom.ch\/de\/wp-json\/wp\/v2\/product_brand?post=28060"},{"taxonomy":"product_cat","embeddable":true,"href":"https:\/\/greenkingdom.ch\/de\/wp-json\/wp\/v2\/product_cat?post=28060"},{"taxonomy":"product_tag","embeddable":true,"href":"https:\/\/greenkingdom.ch\/de\/wp-json\/wp\/v2\/product_tag?post=28060"}],"curies":[{"name":"wp","href":"https:\/\/api.w.org\/{rel}","templated":true}]}}