{"id":28072,"date":"2025-01-02T18:25:59","date_gmt":"2025-01-02T17:25:59","guid":{"rendered":"https:\/\/greenkingdom.ch\/?post_type=product&#038;p=28072"},"modified":"2025-03-05T17:58:06","modified_gmt":"2025-03-05T16:58:06","slug":"elements-rolls-single-king-size-slim-5m","status":"publish","type":"product","link":"https:\/\/greenkingdom.ch\/de\/produkt\/elements-rolls-single-king-size-slim-5m\/","title":{"rendered":"Elements Rolls Single King Size Slim 5m"},"content":{"rendered":"<p>Les <strong>rouleaux Elements Blue Kingsize Slim<\/strong> se distinguent par leur <strong>faible \u00e9paisseur<\/strong> et leur <strong>largeur de 45 mm<\/strong>, offrant ainsi une exp\u00e9rience de roulage plus large et plus flexible. Avec <strong>5 m\u00e8tres de longueur<\/strong>, ce rouleau permet de rouler plusieurs cigarettes, tout en offrant une grande libert\u00e9 dans la personnalisation de vos roulages.<\/p>\n<p>Fabriqu\u00e9 \u00e0 partir de <strong>100 % papier de riz pur<\/strong>, ce rouleau br\u00fble <strong>presque sans cendres<\/strong>, offrant une fum\u00e9e douce et propre. Ce papier est <strong>sans produits chimiques<\/strong>, <strong>sans cellulose<\/strong> et <strong>sans chanvre<\/strong>, garantissant une exp\u00e9rience de fumer naturelle et pure.<\/p>\n<p><strong>Elements<\/strong> a opt\u00e9 pour l\u2019utilisation d\u2019une <strong>fine bande de caoutchouc naturel \u00e0 base de sucre<\/strong> comme colle, afin de rester fid\u00e8le aux m\u00e9thodes traditionnelles de fabrication de papiers \u00e0 cigarettes. Ainsi, en choisissant les rouleaux Elements Blue Kingsize Slim, vous optez pour un produit de qualit\u00e9 sup\u00e9rieure, respectueux de l\u2019environnement et con\u00e7u pour offrir une exp\u00e9rience de fumer optimale et sans compromis.<\/p>\n","protected":false},"excerpt":{"rendered":"<p>Les rouleaux Elements Blue Kingsize Slim se distinguent par leur faible \u00e9paisseur et leur largeur de 45 mm, offrant ainsi une exp\u00e9rience de roulage plus large et plus flexible. Avec 5 m\u00e8tres de longueur, ce rouleau permet de rouler plusieurs cigarettes, tout en offrant une grande libert\u00e9 dans la personnalisation de vos roulages. Fabriqu\u00e9 \u00e0 [&hellip;]<\/p>\n","protected":false},"featured_media":28076,"comment_status":"open","ping_status":"closed","template":"","meta":{"_seopress_robots_primary_cat":"none","_seopress_titles_title":"Elements Rolls Single King Size Slim 5m - Green Kingdom","_seopress_titles_desc":"Fabriqu\u00e9 \u00e0 partir de 100 % papier de riz pur, ce rouleau br\u00fble presque sans cendres, offrant une fum\u00e9e douce et propre.","_seopress_robots_index":""},"product_brand":[],"product_cat":[655],"product_tag":[],"class_list":{"0":"post-28072","1":"product","2":"type-product","3":"status-publish","4":"has-post-thumbnail","6":"product_cat-zigarettenpapier","9":"instock","10":"taxable","11":"shipping-taxable","12":"purchasable","13":"product-type-simple","14":"product-grid-view"},"_links":{"self":[{"href":"https:\/\/greenkingdom.ch\/de\/wp-json\/wp\/v2\/product\/28072","targetHints":{"allow":["GET"]}}],"collection":[{"href":"https:\/\/greenkingdom.ch\/de\/wp-json\/wp\/v2\/product"}],"about":[{"href":"https:\/\/greenkingdom.ch\/de\/wp-json\/wp\/v2\/types\/product"}],"replies":[{"embeddable":true,"href":"https:\/\/greenkingdom.ch\/de\/wp-json\/wp\/v2\/comments?post=28072"}],"version-history":[{"count":1,"href":"https:\/\/greenkingdom.ch\/de\/wp-json\/wp\/v2\/product\/28072\/revisions"}],"predecessor-version":[{"id":28079,"href":"https:\/\/greenkingdom.ch\/de\/wp-json\/wp\/v2\/product\/28072\/revisions\/28079"}],"wp:featuredmedia":[{"embeddable":true,"href":"https:\/\/greenkingdom.ch\/de\/wp-json\/wp\/v2\/media\/28076"}],"wp:attachment":[{"href":"https:\/\/greenkingdom.ch\/de\/wp-json\/wp\/v2\/media?parent=28072"}],"wp:term":[{"taxonomy":"product_brand","embeddable":true,"href":"https:\/\/greenkingdom.ch\/de\/wp-json\/wp\/v2\/product_brand?post=28072"},{"taxonomy":"product_cat","embeddable":true,"href":"https:\/\/greenkingdom.ch\/de\/wp-json\/wp\/v2\/product_cat?post=28072"},{"taxonomy":"product_tag","embeddable":true,"href":"https:\/\/greenkingdom.ch\/de\/wp-json\/wp\/v2\/product_tag?post=28072"}],"curies":[{"name":"wp","href":"https:\/\/api.w.org\/{rel}","templated":true}]}}