{"id":28084,"date":"2025-01-02T18:27:48","date_gmt":"2025-01-02T17:27:48","guid":{"rendered":"https:\/\/greenkingdom.ch\/?post_type=product&#038;p=28084"},"modified":"2025-03-05T18:00:29","modified_gmt":"2025-03-05T17:00:29","slug":"elements-rolls-king-size-width","status":"publish","type":"product","link":"https:\/\/greenkingdom.ch\/de\/produkt\/elements-rolls-king-size-width\/","title":{"rendered":"Elements Rolls King Size Width 5m"},"content":{"rendered":"<p>Les <strong>rouleaux Elements Blue Kingsize Width<\/strong> se distinguent par leur <strong>faible \u00e9paisseur<\/strong> et leur <strong>largeur g\u00e9n\u00e9reuse de 55 mm<\/strong>, offrant une exp\u00e9rience de roulage encore plus flexible. Avec <strong>5 m\u00e8tres de longueur<\/strong>, ce rouleau permet de rouler plusieurs cigarettes et s\u2019adapte \u00e0 une grande vari\u00e9t\u00e9 de pr\u00e9f\u00e9rences en mati\u00e8re de taille et de forme.<\/p>\n<p>Fabriqu\u00e9 \u00e0 partir de <strong>100 % papier de riz pur<\/strong>, ce rouleau br\u00fble <strong>presque sans cendres<\/strong>, garantissant une fum\u00e9e propre et douce \u00e0 chaque utilisation. Ce papier est <strong>sans produits chimiques<\/strong>, <strong>sans cellulose<\/strong> et <strong>sans chanvre<\/strong>, pour une exp\u00e9rience de fumer 100 % naturelle.<\/p>\n<p>Pour pr\u00e9server la tradition et s&#8217;inspirer des m\u00e9thodes anciennes, <strong>Elements<\/strong> a choisi une <strong>fine bande de caoutchouc naturel \u00e0 base de sucre<\/strong> comme colle, assurant ainsi un produit respectueux de l&#8217;environnement et de la sant\u00e9. En choisissant les <strong>rouleaux Elements Blue Kingsize<\/strong>, vous optez pour un papier haut de gamme, \u00e0 la fois pur, \u00e9cologique et performant, pour des moments de roulage optimaux.<\/p>\n","protected":false},"excerpt":{"rendered":"<p>Les rouleaux Elements Blue Kingsize Width se distinguent par leur faible \u00e9paisseur et leur largeur g\u00e9n\u00e9reuse de 55 mm, offrant une exp\u00e9rience de roulage encore plus flexible. Avec 5 m\u00e8tres de longueur, ce rouleau permet de rouler plusieurs cigarettes et s\u2019adapte \u00e0 une grande vari\u00e9t\u00e9 de pr\u00e9f\u00e9rences en mati\u00e8re de taille et de forme. Fabriqu\u00e9 [&hellip;]<\/p>\n","protected":false},"featured_media":28088,"comment_status":"open","ping_status":"closed","template":"","meta":{"_seopress_robots_primary_cat":"none","_seopress_titles_title":"Elements Rolls King Size Width 5m - Green Kingdom","_seopress_titles_desc":"Fabriqu\u00e9 \u00e0 partir de 100 % papier de riz pur, ce rouleau br\u00fble presque sans cendres, garantissant une fum\u00e9e propre et douce \u00e0 chaque utilisation.","_seopress_robots_index":""},"product_brand":[],"product_cat":[655],"product_tag":[],"class_list":{"0":"post-28084","1":"product","2":"type-product","3":"status-publish","4":"has-post-thumbnail","6":"product_cat-zigarettenpapier","9":"instock","10":"taxable","11":"shipping-taxable","12":"purchasable","13":"product-type-simple","14":"product-grid-view"},"_links":{"self":[{"href":"https:\/\/greenkingdom.ch\/de\/wp-json\/wp\/v2\/product\/28084","targetHints":{"allow":["GET"]}}],"collection":[{"href":"https:\/\/greenkingdom.ch\/de\/wp-json\/wp\/v2\/product"}],"about":[{"href":"https:\/\/greenkingdom.ch\/de\/wp-json\/wp\/v2\/types\/product"}],"replies":[{"embeddable":true,"href":"https:\/\/greenkingdom.ch\/de\/wp-json\/wp\/v2\/comments?post=28084"}],"version-history":[{"count":2,"href":"https:\/\/greenkingdom.ch\/de\/wp-json\/wp\/v2\/product\/28084\/revisions"}],"predecessor-version":[{"id":28107,"href":"https:\/\/greenkingdom.ch\/de\/wp-json\/wp\/v2\/product\/28084\/revisions\/28107"}],"wp:featuredmedia":[{"embeddable":true,"href":"https:\/\/greenkingdom.ch\/de\/wp-json\/wp\/v2\/media\/28088"}],"wp:attachment":[{"href":"https:\/\/greenkingdom.ch\/de\/wp-json\/wp\/v2\/media?parent=28084"}],"wp:term":[{"taxonomy":"product_brand","embeddable":true,"href":"https:\/\/greenkingdom.ch\/de\/wp-json\/wp\/v2\/product_brand?post=28084"},{"taxonomy":"product_cat","embeddable":true,"href":"https:\/\/greenkingdom.ch\/de\/wp-json\/wp\/v2\/product_cat?post=28084"},{"taxonomy":"product_tag","embeddable":true,"href":"https:\/\/greenkingdom.ch\/de\/wp-json\/wp\/v2\/product_tag?post=28084"}],"curies":[{"name":"wp","href":"https:\/\/api.w.org\/{rel}","templated":true}]}}