{"id":28423,"date":"2025-01-03T15:05:20","date_gmt":"2025-01-03T14:05:20","guid":{"rendered":"https:\/\/greenkingdom.ch\/product\/focus-v-aeris-clear\/"},"modified":"2025-01-28T16:58:35","modified_gmt":"2025-01-28T15:58:35","slug":"focus-v-aeris-clear","status":"publish","type":"product","link":"https:\/\/greenkingdom.ch\/de\/produkt\/focus-v-aeris-clear\/","title":{"rendered":"Focus V Aeris &#8222;Clear&#8220;"},"content":{"rendered":"<p><strong>AERIS Smart Vaporizer \u2013 Die mobile Dabbing-Revolution<\/strong><\/p>\n<p>Der <strong>AERIS Smart Vaporizer<\/strong> ist ein kompaktes und leistungsstarkes Ger\u00e4t, das das mobile Dabbing-Erlebnis ver\u00e4ndert. Entwickelt f\u00fcr Enthusiasten, die Leistung und Praktikabilit\u00e4t kombinieren m\u00f6chten, ist der AERIS ideal f\u00fcr intensive und schmackhafte Dabbing-Sessions, egal ob auf Festivals, Konzerten oder in der freien Natur. <\/p>\n<h3><strong>Hauptmerkmale<\/strong> :<\/h3>\n<ul>\n<li><strong>Kompakt und leistungsstark<\/strong> : Der AERIS zeichnet sich durch seine geringe Gr\u00f6\u00dfe aus, l\u00e4sst sich leicht transportieren und in jede Tasche stecken und bietet gleichzeitig eine beeindruckende Dampfleistung. Seine einfache Bedienung erm\u00f6glicht ein reibungsloses und m\u00fcheloses Erlebnis. <\/li>\n<li><strong>Einstellbare Luftstromregelung<\/strong> : Ausgestattet mit zwei in das Mundst\u00fcck eingebauten Luftkappen k\u00f6nnen Sie mit dem AERIS den Luftstrom einstellen, um Ihr Erlebnis individuell zu gestalten. \u00c4ndern Sie den Geschmack oder die Intensit\u00e4t des Dampfes, indem Sie die Kappen drehen, um je nach Vorliebe einen dichten Dampf oder einen intensiveren Geschmack zu erzielen. <\/li>\n<li><strong>Fortschrittliche Intelli-Core-Technologie\u2122<\/strong> : Der AERIS verwendet den <strong>Intelli-Core-Zerst\u00e4uber\u2122<\/strong>, eine 360-Grad-Heiztechnologie, die sicherstellt, dass Ihre Konzentrate gleichm\u00e4\u00dfig und effizient erhitzt werden. Dadurch entsteht ein dichter und geschmackvoller Dampf, der sich perfekt f\u00fcr \u00d6le und Extrakte eignet. <\/li>\n<li><strong>Robust und tragbar<\/strong> : Aus hochwertigem Edelstahl gefertigt und durch eine Silikonh\u00fclle gesch\u00fctzt, ist der AERIS so konzipiert, dass er den rauen Bedingungen des Alltags standh\u00e4lt. Sein magnetisches Mundst\u00fcck mit Keramikeinsatz ist leicht zu reinigen und zu pflegen. <\/li>\n<li><strong>Intelligente Funktionen mit der Focus V App<\/strong> : Verbinden Sie Ihren AERIS ganz einfach mit der Focus V App, um die Temperatur (zwischen 365 und 600 \u00b0F) anzupassen, LED-Lichteffekte anzupassen und Erfahrungspunkte zu sammeln. Diese Funktion bietet eine einzigartige Interaktion und umfangreiche Anpassungsm\u00f6glichkeiten f\u00fcr Deine Dabbing-Sessions. <\/li>\n<li><strong>Austauschbare Batterie und modernes Aufladen<\/strong> : Der AERIS bietet dank seines austauschbaren Batteriesystems eine hohe Flexibilit\u00e4t und garantiert so eine erh\u00f6hte Reichweite. Neben dem Schnellladen \u00fcber USB-C haben Sie auch die M\u00f6glichkeit des kabellosen Ladens f\u00fcr ein <strong>problemloses<\/strong> Erlebnis. <\/li>\n<\/ul>\n<h3><strong>Vorteile<\/strong> :<\/h3>\n<ul>\n<li><strong>Kompakt und mobil<\/strong> : Ideale Gr\u00f6\u00dfe f\u00fcr den Einsatz unterwegs, aber ohne Kompromisse bei der Leistung.<\/li>\n<li><strong>Luftstromregelung<\/strong> : Passen Sie die Intensit\u00e4t des Dampfes nach Ihren W\u00fcnschen an.<\/li>\n<li><strong>Effizientes Erhitzen: Die<\/strong> Intelli-Core-Technologie\u2122 sorgt f\u00fcr eine gleichm\u00e4\u00dfige Erw\u00e4rmung f\u00fcr das beste Dabbing-Erlebnis.<\/li>\n<li><strong>Robust und langlebig<\/strong> : Geh\u00e4use aus Edelstahl und Silikon, um Langlebigkeit und Festigkeit zu gew\u00e4hrleisten.<\/li>\n<li><strong>Personalisierung \u00fcber die App<\/strong> : Vereinfachte Nutzung und erweiterte Anpassung dank der Focus V-App.<\/li>\n<li><strong>Flexible Akkulaufzeit<\/strong> : Austauschbarer Akku und moderne Ladem\u00f6glichkeiten (USB-C und kabellos).<\/li>\n<\/ul>\n<h3><strong>Technische Details<\/strong> :<\/h3>\n<ul>\n<li><strong>Intelli-Core-Technologie\u2122: 360-Grad-Heizung<\/strong> , speziell f\u00fcr \u00d6le und Extrakte entwickelt.<\/li>\n<li><strong>Abmessungen<\/strong> : Kompakt, f\u00fcr den mobilen Einsatz konzipiert.<\/li>\n<li><strong>Batterie<\/strong> : Austauschbares Batteriesystem f\u00fcr kontinuierliche Akkulaufzeit.<\/li>\n<li><strong>Magnetspitze mit Keramikeinsatz: Leicht<\/strong> zu reinigen und stabil f\u00fcr l\u00e4ngere Nutzung.<\/li>\n<li><strong>Transport<\/strong> : Umh\u00e4ngetasche und Staubschutzkappe f\u00fcr den sicheren Transport im Lieferumfang enthalten.<\/li>\n<li><strong>Mitgeliefertes Zubeh\u00f6r<\/strong> : Dabbing-Werkzeuge und Tupfer f\u00fcr die Wartung.<\/li>\n<li><strong>Konnektivit\u00e4t<\/strong> : Focus V App zum Anpassen von Heizprofilen und LEDs.<\/li>\n<li><strong>Ladeoptionen<\/strong> : USB-C-Kabel und kabelloses Laden.<\/li>\n<li><strong>Materialien<\/strong> : Edelstahl und Silikon f\u00fcr zus\u00e4tzliche Festigkeit.<\/li>\n<li><strong>Air Caps<\/strong> : Zwei Kappen, um den Luftstrom nach Ihren W\u00fcnschen einzustellen.<\/li>\n<li>Temperaturbereich: Von 365 \u00b0F bis 600 \u00b0F f\u00fcr <strong>ma\u00dfgeschneiderte<\/strong> Sitzungen.<\/li>\n<\/ul>\n<p>Der <strong>AERIS Smart Vaporizer<\/strong> ist der perfekte Begleiter f\u00fcr Dabbing-Enthusiasten, die viel unterwegs sind, und bietet Leistung, Portabilit\u00e4t und Anpassungsm\u00f6glichkeiten. Dank seiner fortschrittlichen Funktionen und seines robusten Designs zeichnet es sich als leistungsstarkes, praktisches und stilvolles Dabbing-Ger\u00e4t aus. <\/p>\n","protected":false},"excerpt":{"rendered":"<p>AERIS Smart Vaporizer \u2013 Die mobile Dabbing-Revolution Der AERIS Smart Vaporizer ist ein kompaktes und leistungsstarkes Ger\u00e4t, das das mobile Dabbing-Erlebnis ver\u00e4ndert. Entwickelt f\u00fcr Enthusiasten, die Leistung und Praktikabilit\u00e4t kombinieren m\u00f6chten, ist der AERIS ideal f\u00fcr intensive und schmackhafte Dabbing-Sessions, egal ob auf Festivals, Konzerten oder in der freien Natur. Hauptmerkmale : Kompakt und leistungsstark [&hellip;]<\/p>\n","protected":false},"featured_media":28419,"comment_status":"open","ping_status":"closed","template":"","meta":{"_seopress_robots_primary_cat":"none","_seopress_titles_title":"","_seopress_titles_desc":"","_seopress_robots_index":""},"product_brand":[],"product_cat":[673],"product_tag":[],"class_list":{"0":"post-28423","1":"product","2":"type-product","3":"status-publish","4":"has-post-thumbnail","6":"product_cat-geraete","9":"instock","10":"taxable","11":"shipping-taxable","12":"purchasable","13":"product-type-simple","14":"product-grid-view"},"_links":{"self":[{"href":"https:\/\/greenkingdom.ch\/de\/wp-json\/wp\/v2\/product\/28423","targetHints":{"allow":["GET"]}}],"collection":[{"href":"https:\/\/greenkingdom.ch\/de\/wp-json\/wp\/v2\/product"}],"about":[{"href":"https:\/\/greenkingdom.ch\/de\/wp-json\/wp\/v2\/types\/product"}],"replies":[{"embeddable":true,"href":"https:\/\/greenkingdom.ch\/de\/wp-json\/wp\/v2\/comments?post=28423"}],"version-history":[{"count":2,"href":"https:\/\/greenkingdom.ch\/de\/wp-json\/wp\/v2\/product\/28423\/revisions"}],"predecessor-version":[{"id":28681,"href":"https:\/\/greenkingdom.ch\/de\/wp-json\/wp\/v2\/product\/28423\/revisions\/28681"}],"wp:featuredmedia":[{"embeddable":true,"href":"https:\/\/greenkingdom.ch\/de\/wp-json\/wp\/v2\/media\/28419"}],"wp:attachment":[{"href":"https:\/\/greenkingdom.ch\/de\/wp-json\/wp\/v2\/media?parent=28423"}],"wp:term":[{"taxonomy":"product_brand","embeddable":true,"href":"https:\/\/greenkingdom.ch\/de\/wp-json\/wp\/v2\/product_brand?post=28423"},{"taxonomy":"product_cat","embeddable":true,"href":"https:\/\/greenkingdom.ch\/de\/wp-json\/wp\/v2\/product_cat?post=28423"},{"taxonomy":"product_tag","embeddable":true,"href":"https:\/\/greenkingdom.ch\/de\/wp-json\/wp\/v2\/product_tag?post=28423"}],"curies":[{"name":"wp","href":"https:\/\/api.w.org\/{rel}","templated":true}]}}