{"id":28486,"date":"2025-01-03T15:47:46","date_gmt":"2025-01-03T14:47:46","guid":{"rendered":"https:\/\/greenkingdom.ch\/?post_type=product&#038;p=28486"},"modified":"2025-01-28T16:58:28","modified_gmt":"2025-01-28T15:58:28","slug":"focus-v-intelli-core-concentres","status":"publish","type":"product","link":"https:\/\/greenkingdom.ch\/de\/produkt\/focus-v-intelli-core-concentres\/","title":{"rendered":"Focus V Intelli-Core Carta 2 f\u00fcr Konzentrate"},"content":{"rendered":"<h3><strong>Intelli-Core\u2122 \u00d6lzerst\u00e4uber \u2013 gr\u00f6\u00dfer, besser, intelligenter<\/strong><\/h3>\n<p>Der <strong>Intelli-Core\u2122 Oil Zerst\u00e4uber<\/strong> ist ein innovatives Zubeh\u00f6r, das Dein Dabbing-Erlebnis auf ein ganz neues Level hebt. Speziell f\u00fcr Konzentrate entwickelt, bietet sie eine gleichm\u00e4\u00dfige Hitze und eine au\u00dfergew\u00f6hnliche Dampfproduktion, vergleichbar mit der eines <strong>Quarz-Bangers<\/strong>, w\u00e4hrend sie gleichzeitig ein reines und optimales Dampferlebnis gew\u00e4hrleistet. <\/p>\n<h3><strong>Hauptmerkmale<\/strong> :<\/h3>\n<ul>\n<li><strong>Thermische Konsistenz und \u00fcberlegene Dampfproduktion<\/strong> : Der <strong>Intelli-Core-Zerst\u00e4uber\u2122<\/strong> sorgt f\u00fcr <strong>eine gleichm\u00e4\u00dfige W\u00e4rme<\/strong> , die eine gleichm\u00e4\u00dfige Dampfproduktion in jeder Sitzung erm\u00f6glicht. Diese Technologie sorgt f\u00fcr dichten und geschmackvollen Dampf und eliminiert gleichzeitig Temperaturschwankungen, die die Qualit\u00e4t der Verdampfung beeintr\u00e4chtigen k\u00f6nnen. <\/li>\n<li><strong>Quarzbeschichteter Keramikeimer<\/strong>: Der <strong>quarzbeschichtete<\/strong> <strong>Keramikeimer<\/strong> erm\u00f6glicht eine unvergleichliche <strong>Temperaturkontrolle<\/strong> und garantiert ein reines Geschmackserlebnis. <strong>Quarz<\/strong> verbessert das Geschmacksprofil, indem es die Aromen Ihrer Konzentrate bewahrt, ohne sich durch \u00fcberm\u00e4\u00dfige Hitze zu verschlechtern. <\/li>\n<li><strong>Haltbarkeit und einfache Reinigung<\/strong> : Dieser Zerst\u00e4uber wurde f\u00fcr eine lange Lebensdauer gebaut. Dank seiner hochwertigen Konstruktion und <strong>reinigungsoptimierten Konstruktion<\/strong> ist er wartungsfreundlich. Der Intelli-Core-Zerst\u00e4uber\u2122 liefert w\u00e4hrend seiner gesamten Lebensdauer eine au\u00dfergew\u00f6hnliche Leistung.  <\/li>\n<li><strong>360 Plus Heiztechnologie<\/strong> : Die <strong>360 Plus Technologie<\/strong> sorgt f\u00fcr <strong>eine gleichm\u00e4\u00dfige Erw\u00e4rmung<\/strong> und <strong>maximale Effizienz<\/strong>. Jede Sitzung wird f\u00fcr konsistente und zuverl\u00e4ssige Ergebnisse optimiert. <\/li>\n<li><strong>Kompatibilit\u00e4t<\/strong> : Dieser Zerst\u00e4uber ist mit <strong>CARTA 2<\/strong> und <strong>AERIS-Ger\u00e4ten<\/strong> kompatibel und bietet eine erh\u00f6hte Vielseitigkeit und Flexibilit\u00e4t f\u00fcr Dabbing-Anwender, die nach modernster Leistung suchen.<\/li>\n<\/ul>\n<h3><strong>Vorteile auf einen Blick<\/strong> :<\/h3>\n<ul>\n<li><strong>Gleichm\u00e4\u00dfige Hitze und dichter Dampf<\/strong> : Bietet ein \u00fcberlegenes Verdampfungserlebnis mit einer stabileren und intensiveren Dampfproduktion.<\/li>\n<li><strong>Quarzbeschichteter Keramikeimer<\/strong> : Optimiert Geschmacksprofile und sorgt f\u00fcr eine pr\u00e4zise Temperaturregelung.<\/li>\n<li><strong>Verbesserte Haltbarkeit<\/strong> : Robustes, langlebiges und leicht zu reinigendes Design f\u00fcr ein l\u00e4ngeres Erlebnis.<\/li>\n<li><strong>360 Plus Heiztechnologie<\/strong> : Schnelles, gleichm\u00e4\u00dfiges und effizientes Heizen f\u00fcr gleichm\u00e4\u00dfige, zuverl\u00e4ssige Sitzungen.<\/li>\n<li><strong>Kompatibel mit CARTA 2 und AERIS:<\/strong> Flexibilit\u00e4t und Kompatibilit\u00e4t mit High-End-Ger\u00e4ten.<\/li>\n<\/ul>\n<h3><strong>Technische Details<\/strong> :<\/h3>\n<ul>\n<li><strong>Technologie<\/strong> : Intelli-Core\u2122 f\u00fcr gleichm\u00e4\u00dfiges Heizen.<\/li>\n<li><strong>Materialien<\/strong> : <strong>Keramikeimer<\/strong> , der mit <strong>Quarz<\/strong> beschichtet ist, um eine bessere W\u00e4rmekontrolle und Aromaerhaltung zu gew\u00e4hrleisten.<\/li>\n<li><strong>Kompatibilit\u00e4t<\/strong>: Kompatibel mit <strong>CARTA 2<\/strong> und <strong>AERIS.<\/strong><\/li>\n<li><strong>Garantie<\/strong> : 6 Monate Herstellergarantie.<\/li>\n<li><strong>Einfache Wartung: Optimiertes<\/strong> Design f\u00fcr einfache Reinigung.<\/li>\n<\/ul>\n<p>Der <strong>Intelli-Core\u2122 Oil Zerst\u00e4uber<\/strong> ist mehr als nur ein Accessoire \u2013 er ist ein technologischer Fortschritt, der Dein Dabbing-Erlebnis optimiert. Genie\u00dfe au\u00dfergew\u00f6hnlichen Dampf, reinen Geschmack und modernste Technologie, alles in einem langlebigen, leicht zu wartenden Zerst\u00e4uber. Dieses Modell ist die perfekte Wahl f\u00fcr alle, die ein erstklassiges Dabbing-Erlebnis suchen, das sowohl leistungsf\u00e4hig als auch bequem ist.  <\/p>\n","protected":false},"excerpt":{"rendered":"<p>Intelli-Core\u2122 \u00d6lzerst\u00e4uber \u2013 gr\u00f6\u00dfer, besser, intelligenter Der Intelli-Core\u2122 Oil Zerst\u00e4uber ist ein innovatives Zubeh\u00f6r, das Dein Dabbing-Erlebnis auf ein ganz neues Level hebt. Speziell f\u00fcr Konzentrate entwickelt, bietet sie eine gleichm\u00e4\u00dfige Hitze und eine au\u00dfergew\u00f6hnliche Dampfproduktion, vergleichbar mit der eines Quarz-Bangers, w\u00e4hrend sie gleichzeitig ein reines und optimales Dampferlebnis gew\u00e4hrleistet. Hauptmerkmale : Thermische Konsistenz und [&hellip;]<\/p>\n","protected":false},"featured_media":28494,"comment_status":"open","ping_status":"closed","template":"","meta":{"_seopress_robots_primary_cat":"none","_seopress_titles_title":"","_seopress_titles_desc":"","_seopress_robots_index":""},"product_brand":[],"product_cat":[670],"product_tag":[],"class_list":{"0":"post-28486","1":"product","2":"type-product","3":"status-publish","4":"has-post-thumbnail","6":"product_cat-zubehoer","9":"instock","10":"taxable","11":"shipping-taxable","12":"purchasable","13":"product-type-simple","14":"product-grid-view"},"_links":{"self":[{"href":"https:\/\/greenkingdom.ch\/de\/wp-json\/wp\/v2\/product\/28486","targetHints":{"allow":["GET"]}}],"collection":[{"href":"https:\/\/greenkingdom.ch\/de\/wp-json\/wp\/v2\/product"}],"about":[{"href":"https:\/\/greenkingdom.ch\/de\/wp-json\/wp\/v2\/types\/product"}],"replies":[{"embeddable":true,"href":"https:\/\/greenkingdom.ch\/de\/wp-json\/wp\/v2\/comments?post=28486"}],"version-history":[{"count":4,"href":"https:\/\/greenkingdom.ch\/de\/wp-json\/wp\/v2\/product\/28486\/revisions"}],"predecessor-version":[{"id":28692,"href":"https:\/\/greenkingdom.ch\/de\/wp-json\/wp\/v2\/product\/28486\/revisions\/28692"}],"wp:featuredmedia":[{"embeddable":true,"href":"https:\/\/greenkingdom.ch\/de\/wp-json\/wp\/v2\/media\/28494"}],"wp:attachment":[{"href":"https:\/\/greenkingdom.ch\/de\/wp-json\/wp\/v2\/media?parent=28486"}],"wp:term":[{"taxonomy":"product_brand","embeddable":true,"href":"https:\/\/greenkingdom.ch\/de\/wp-json\/wp\/v2\/product_brand?post=28486"},{"taxonomy":"product_cat","embeddable":true,"href":"https:\/\/greenkingdom.ch\/de\/wp-json\/wp\/v2\/product_cat?post=28486"},{"taxonomy":"product_tag","embeddable":true,"href":"https:\/\/greenkingdom.ch\/de\/wp-json\/wp\/v2\/product_tag?post=28486"}],"curies":[{"name":"wp","href":"https:\/\/api.w.org\/{rel}","templated":true}]}}