{"id":28490,"date":"2025-01-03T15:47:49","date_gmt":"2025-01-03T14:47:49","guid":{"rendered":"https:\/\/greenkingdom.ch\/?post_type=product&#038;p=28490"},"modified":"2025-01-28T16:58:25","modified_gmt":"2025-01-28T15:58:25","slug":"focus-v-intelli-core-herbe","status":"publish","type":"product","link":"https:\/\/greenkingdom.ch\/de\/produkt\/focus-v-intelli-core-herbe\/","title":{"rendered":"Focus V Intelli-Core Carta 2 f\u00fcr Kr\u00e4uter"},"content":{"rendered":"<h3><strong>CARTA 2 Intelli-Core\u2122 Kr\u00e4uterzerst\u00e4uber &#8211; entfaltet sein volles Potenzial<\/strong><\/h3>\n<p>Der <strong>CARTA 2 Intelli-Core\u2122 Herb Zerst\u00e4uber ist das unverzichtbare<\/strong> Zubeh\u00f6r, um Ihr Dampferlebnis mit dem <strong>CARTA 2-System<\/strong> zu maximieren. Entwickelt, um <strong>eine optimale Verdampfung von Kr\u00e4utern<\/strong> zu gew\u00e4hrleisten, revolutioniert dieser Zerst\u00e4uber die Art und Weise, wie Sie Ihre Pflanzen konsumieren, w\u00e4hrend die Reinheit und Intensit\u00e4t der Aromen erhalten bleibt. <\/p>\n<h3><strong>Hauptmerkmale<\/strong> :<\/h3>\n<ul>\n<li><strong>Optimiert f\u00fcr Kr\u00e4uter: Exklusiv<\/strong> f\u00fcr das Verdampfen von Kr\u00e4utern entwickelt, garantiert Ihnen dieser Verdampfer das bestm\u00f6gliche Geschmackserlebnis. Die <strong>vergr\u00f6\u00dferte Keramikkammer<\/strong> erm\u00f6glicht eine gleichm\u00e4\u00dfige und kraftvolle Verdampfung und sorgt f\u00fcr au\u00dfergew\u00f6hnlich reichhaltige Dampfwolken. <\/li>\n<li><strong>Keine Konzentrate<\/strong> : Der Leistung und Langlebigkeit deines Verdampfers zuliebe ist er <strong>streng f\u00fcr Kr\u00e4uter reserviert<\/strong> und sollte nicht f\u00fcr Konzentrate verwendet werden. Diese Spezifikation sorgt f\u00fcr eine perfekte Verdampfung und verhindert eine vorzeitige Degradation der Komponenten. <\/li>\n<li><strong>Maximale Leistung<\/strong> : Der <strong>CARTA 2 Intelli-Core\u2122<\/strong> Verdampfer arbeitet optimal mit Zubeh\u00f6r wie der <strong>CARTA Borosilicate Carb Cap<\/strong> oder der <strong>Chromatix Carb Cap<\/strong> zusammen und sorgt so f\u00fcr eine gleichm\u00e4\u00dfige Verdampfung und gleichm\u00e4\u00dfige W\u00e4rmeverteilung f\u00fcr jedes Mal perfekte Ergebnisse.<\/li>\n<li><strong>Geschmacksintensit\u00e4t<\/strong> : Dank der <strong>Intelli-Core-Technologie\u2122<\/strong> ist jeder Zug reich im Geschmack, ohne zu verbrennen, so dass Sie die volle F\u00fclle der Aromen Ihrer Kr\u00e4uter extrahieren k\u00f6nnen, ohne sie zu ver\u00e4ndern.<\/li>\n<\/ul>\n<h3><strong>Vorteile auf einen Blick<\/strong> :<\/h3>\n<ul>\n<li><strong>Speziell f\u00fcr Kr\u00e4uter entwickelt<\/strong> : Bietet ein reines und geschmackvolles Dampferlebnis, das speziell f\u00fcr trockene Kr\u00e4uter geeignet ist.<\/li>\n<li><strong>Vergr\u00f6\u00dferte Keramikkammer<\/strong> : Sorgt f\u00fcr einen sanfteren, aber dennoch kraftvollen Dampf f\u00fcr eine angenehme und geschmackvolle Dabbing-Session.<\/li>\n<li>Verbesserte <strong>Leistung<\/strong>: Optimale Verwendung mit kompatiblen Vergaserkappen f\u00fcr sanftes, effizientes Dampfen.<\/li>\n<li><strong>Einfache Bedienung<\/strong> : Dieser Zerst\u00e4uber ist einfach einzurichten und mit Ihrem <strong>CARTA 2<\/strong> zu verwenden und verbessert Ihr rauchfreies Dampferlebnis erheblich.<\/li>\n<\/ul>\n<h3><strong>Technische Details<\/strong> :<\/h3>\n<ul>\n<li><strong>Verwendung<\/strong> : Nur f\u00fcr Kr\u00e4uter bestimmt.<\/li>\n<li><strong>Nicht geeignet f\u00fcr den Einsatz in Konzentraten<\/strong> .<\/li>\n<li><strong>Eigenschaften<\/strong> : Vergr\u00f6\u00dferte Keramikkammer, die eine optimale Verdampfung und einen starken Dampf gew\u00e4hrleistet.<\/li>\n<li><strong>Empfohlenes Zubeh\u00f6r<\/strong> : <strong>CARTA Borosilikat-Vergaserkappe<\/strong> oder <strong>Chromatix Vergaserkappe<\/strong> f\u00fcr maximale Effizienz.<\/li>\n<\/ul>\n<p>Mit dem <strong>CARTA 2 Intelli-Core\u2122 Kr\u00e4uterzerst\u00e4uber<\/strong> geben Sie Ihrem <strong>CARTA 2<\/strong> Vaporizer einen Schub, indem Sie das volle Potenzial Ihrer Kr\u00e4uter aussch\u00f6pfen und gleichzeitig deren Geschmacksrichtungen und Aromen erhalten. Ein reineres, saubereres und angenehmeres Dampferlebnis erwartet Dich. <\/p>\n","protected":false},"excerpt":{"rendered":"<p>CARTA 2 Intelli-Core\u2122 Kr\u00e4uterzerst\u00e4uber &#8211; entfaltet sein volles Potenzial Der CARTA 2 Intelli-Core\u2122 Herb Zerst\u00e4uber ist das unverzichtbare Zubeh\u00f6r, um Ihr Dampferlebnis mit dem CARTA 2-System zu maximieren. Entwickelt, um eine optimale Verdampfung von Kr\u00e4utern zu gew\u00e4hrleisten, revolutioniert dieser Zerst\u00e4uber die Art und Weise, wie Sie Ihre Pflanzen konsumieren, w\u00e4hrend die Reinheit und Intensit\u00e4t der [&hellip;]<\/p>\n","protected":false},"featured_media":28506,"comment_status":"open","ping_status":"closed","template":"","meta":{"_seopress_robots_primary_cat":"none","_seopress_titles_title":"","_seopress_titles_desc":"","_seopress_robots_index":""},"product_brand":[],"product_cat":[670],"product_tag":[],"class_list":{"0":"post-28490","1":"product","2":"type-product","3":"status-publish","4":"has-post-thumbnail","6":"product_cat-zubehoer","9":"instock","10":"taxable","11":"shipping-taxable","12":"purchasable","13":"product-type-simple","14":"product-grid-view"},"_links":{"self":[{"href":"https:\/\/greenkingdom.ch\/de\/wp-json\/wp\/v2\/product\/28490","targetHints":{"allow":["GET"]}}],"collection":[{"href":"https:\/\/greenkingdom.ch\/de\/wp-json\/wp\/v2\/product"}],"about":[{"href":"https:\/\/greenkingdom.ch\/de\/wp-json\/wp\/v2\/types\/product"}],"replies":[{"embeddable":true,"href":"https:\/\/greenkingdom.ch\/de\/wp-json\/wp\/v2\/comments?post=28490"}],"version-history":[{"count":2,"href":"https:\/\/greenkingdom.ch\/de\/wp-json\/wp\/v2\/product\/28490\/revisions"}],"predecessor-version":[{"id":28698,"href":"https:\/\/greenkingdom.ch\/de\/wp-json\/wp\/v2\/product\/28490\/revisions\/28698"}],"wp:featuredmedia":[{"embeddable":true,"href":"https:\/\/greenkingdom.ch\/de\/wp-json\/wp\/v2\/media\/28506"}],"wp:attachment":[{"href":"https:\/\/greenkingdom.ch\/de\/wp-json\/wp\/v2\/media?parent=28490"}],"wp:term":[{"taxonomy":"product_brand","embeddable":true,"href":"https:\/\/greenkingdom.ch\/de\/wp-json\/wp\/v2\/product_brand?post=28490"},{"taxonomy":"product_cat","embeddable":true,"href":"https:\/\/greenkingdom.ch\/de\/wp-json\/wp\/v2\/product_cat?post=28490"},{"taxonomy":"product_tag","embeddable":true,"href":"https:\/\/greenkingdom.ch\/de\/wp-json\/wp\/v2\/product_tag?post=28490"}],"curies":[{"name":"wp","href":"https:\/\/api.w.org\/{rel}","templated":true}]}}