{"id":28563,"date":"2025-01-03T16:58:37","date_gmt":"2025-01-03T15:58:37","guid":{"rendered":"https:\/\/greenkingdom.ch\/?post_type=product&#038;p=28563"},"modified":"2025-01-28T16:59:11","modified_gmt":"2025-01-28T15:59:11","slug":"focus-v-carta-2-verre-de-remplacement","status":"publish","type":"product","link":"https:\/\/greenkingdom.ch\/de\/produkt\/focus-v-carta-2-verre-de-remplacement\/","title":{"rendered":"Focus V Carta 2 Ersatzglas"},"content":{"rendered":"<h3><strong>CARTA 2 Ersatz-Glasplatte &#8211; f\u00fcr sanftere Z\u00fcge und gr\u00f6\u00dfere Wolken<\/strong><\/h3>\n<p>Verbessere Dein Dabbing-Erlebnis mit der <strong>CARTA 2 Ersatz-Glasplatte<\/strong>. Dieser <strong>Glasersatz<\/strong> wurde entwickelt, um die Leistung Ihres <strong>CARTA 2<\/strong> zu optimieren und bei jeder Sitzung f\u00fcr sanftere Z\u00fcge und vollere Wolken zu sorgen. <\/p>\n<h3><strong>Hauptmerkmale<\/strong> :<\/h3>\n<ul>\n<li><strong>Optimiert f\u00fcr sanfte Z\u00fcge<\/strong> : Die <strong>CARTA 2 Ersatzglasplatte<\/strong> wurde speziell entwickelt, um jeden Zug angenehmer zu machen, auch bei gro\u00dfen Z\u00fcgen. Dank ihres sorgf\u00e4ltig abgestimmten Designs sorgt sie f\u00fcr ein <strong>sanftes<\/strong> und <strong>seidenweiches<\/strong> Dabbing-Erlebnis bei gleichzeitiger Maximierung der Dampfproduktion. <\/li>\n<li><strong>Einfaches und elegantes Design<\/strong> : Diese <strong>Glasplatte<\/strong> beh\u00e4lt das elegante Aussehen Ihres <strong>CARTA 2-Ger\u00e4ts<\/strong> bei und verbessert gleichzeitig die Leistung. Weit davon entfernt, nur ein funktionales St\u00fcck zu sein, vervollst\u00e4ndigt es das Aussehen Ihres <strong>E-Rigs<\/strong> mit einem n\u00fcchternen und sauberen Design. <\/li>\n<li><strong>Benutzerfreundlichkeit<\/strong> : Die Installation dieser <strong>Ersatzglasplatte<\/strong> ist schnell und einfach. Er passt ohne zus\u00e4tzlichen Aufwand perfekt zu Deinem <strong>CARTA 2<\/strong> und erm\u00f6glicht es Dir, Deine Dabbing-Sessions schnell und mit einem optimierten Erlebnis fortzusetzen. <\/li>\n<li><strong>\u00dcberlegene Leistung<\/strong> : Diese <strong>Glasplatte<\/strong> verbessert die Qualit\u00e4t jeder Session, indem sie <strong>volumin\u00f6se Wolken<\/strong> und <strong>sanfteren Dampf<\/strong> liefert, selbst bei den intensivsten Sessions.<\/li>\n<\/ul>\n<h3><strong>Vorteile auf einen Blick<\/strong> :<\/h3>\n<ul>\n<li><strong>Optimiert f\u00fcr sanfte Z\u00fcge<\/strong> : Liefert angenehme, sanfte Z\u00fcge auch bei den gr\u00f6\u00dften Wolken.<\/li>\n<li><strong>Benutzerfreundlichkeit<\/strong> : Einfache Installation, perfekt f\u00fcr den Austausch einer alten <strong>Glasplatte<\/strong>.<\/li>\n<li><strong>Verbesserte Leistung<\/strong> : Macht die Sitzungen komfortabler, mit besserer Dampfkontrolle.<\/li>\n<li><strong>Schlankes Design<\/strong> : Erg\u00e4nzt perfekt den Look Ihres <strong>CARTA 2<\/strong>.<\/li>\n<\/ul>\n<h3><strong>Technische Details<\/strong> :<\/h3>\n<ul>\n<li><strong>Kompatibilit\u00e4t<\/strong> : Nur mit <strong>CARTA 2<\/strong> kompatibel.<\/li>\n<li><strong>Besondere Merkmale<\/strong> : Optimiert f\u00fcr sanfte Z\u00fcge und einfache Installation.<\/li>\n<\/ul>\n<p>Egal, ob Du ein kaputtes Teil ersetzen oder einfach nur Dein Dabbing-Erlebnis verbessern m\u00f6chtest, der <strong>CARTA 2 Replacement Glass Top<\/strong> ist die perfekte L\u00f6sung, um einen sanften und angenehmen Dampf zu genie\u00dfen und gleichzeitig die Qualit\u00e4t Deiner Z\u00fcge und der Dampfproduktion zu erh\u00f6hen. Ein unverzichtbares Zubeh\u00f6r f\u00fcr alle <strong>CARTA 2-Benutzer<\/strong> ! <\/p>\n","protected":false},"excerpt":{"rendered":"<p>CARTA 2 Ersatz-Glasplatte &#8211; f\u00fcr sanftere Z\u00fcge und gr\u00f6\u00dfere Wolken Verbessere Dein Dabbing-Erlebnis mit der CARTA 2 Ersatz-Glasplatte. Dieser Glasersatz wurde entwickelt, um die Leistung Ihres CARTA 2 zu optimieren und bei jeder Sitzung f\u00fcr sanftere Z\u00fcge und vollere Wolken zu sorgen. Hauptmerkmale : Optimiert f\u00fcr sanfte Z\u00fcge : Die CARTA 2 Ersatzglasplatte wurde speziell [&hellip;]<\/p>\n","protected":false},"featured_media":28567,"comment_status":"open","ping_status":"closed","template":"","meta":{"_seopress_robots_primary_cat":"none","_seopress_titles_title":"","_seopress_titles_desc":"","_seopress_robots_index":""},"product_brand":[],"product_cat":[670],"product_tag":[],"class_list":{"0":"post-28563","1":"product","2":"type-product","3":"status-publish","4":"has-post-thumbnail","6":"product_cat-zubehoer","9":"instock","10":"taxable","11":"shipping-taxable","12":"purchasable","13":"product-type-simple","14":"product-grid-view"},"_links":{"self":[{"href":"https:\/\/greenkingdom.ch\/de\/wp-json\/wp\/v2\/product\/28563","targetHints":{"allow":["GET"]}}],"collection":[{"href":"https:\/\/greenkingdom.ch\/de\/wp-json\/wp\/v2\/product"}],"about":[{"href":"https:\/\/greenkingdom.ch\/de\/wp-json\/wp\/v2\/types\/product"}],"replies":[{"embeddable":true,"href":"https:\/\/greenkingdom.ch\/de\/wp-json\/wp\/v2\/comments?post=28563"}],"version-history":[{"count":3,"href":"https:\/\/greenkingdom.ch\/de\/wp-json\/wp\/v2\/product\/28563\/revisions"}],"predecessor-version":[{"id":28705,"href":"https:\/\/greenkingdom.ch\/de\/wp-json\/wp\/v2\/product\/28563\/revisions\/28705"}],"wp:featuredmedia":[{"embeddable":true,"href":"https:\/\/greenkingdom.ch\/de\/wp-json\/wp\/v2\/media\/28567"}],"wp:attachment":[{"href":"https:\/\/greenkingdom.ch\/de\/wp-json\/wp\/v2\/media?parent=28563"}],"wp:term":[{"taxonomy":"product_brand","embeddable":true,"href":"https:\/\/greenkingdom.ch\/de\/wp-json\/wp\/v2\/product_brand?post=28563"},{"taxonomy":"product_cat","embeddable":true,"href":"https:\/\/greenkingdom.ch\/de\/wp-json\/wp\/v2\/product_cat?post=28563"},{"taxonomy":"product_tag","embeddable":true,"href":"https:\/\/greenkingdom.ch\/de\/wp-json\/wp\/v2\/product_tag?post=28563"}],"curies":[{"name":"wp","href":"https:\/\/api.w.org\/{rel}","templated":true}]}}