{"id":28585,"date":"2025-01-03T17:02:13","date_gmt":"2025-01-03T16:02:13","guid":{"rendered":"https:\/\/greenkingdom.ch\/product\/focus-v-saber-replacement-tip\/"},"modified":"2025-01-28T16:59:14","modified_gmt":"2025-01-28T15:59:14","slug":"focus-v-saber-replacement-tip","status":"publish","type":"product","link":"https:\/\/greenkingdom.ch\/de\/produkt\/focus-v-saber-replacement-tip\/","title":{"rendered":"Focus V S\u00e4bel Ersatzspitze"},"content":{"rendered":"<h3><strong>S\u00e4bel-Ersatzspitze &#8211; einfacher Austausch f\u00fcr Ihr elektronisches Dab-Werkzeug<\/strong><\/h3>\n<p>Verl\u00e4ngern Sie die Lebensdauer und Leistung Ihres <strong>elektronischen SABER-Dab-Werkzeugs<\/strong> mit der <strong>Saber-Ersatzspitze<\/strong>. Mit dieser Ersatzspitze kannst Du eine besch\u00e4digte, abgenutzte oder schmutzige Spitze im Handumdrehen austauschen und so sicherstellen, dass Dein Dabbing-Erlebnis makellos bleibt. <\/p>\n<h3><strong>Hauptmerkmale<\/strong> :<\/h3>\n<ul>\n<li><strong>Schneller und einfacher Austausch<\/strong> : Der Austauschprozess ist einfach und erfordert keine besonderen F\u00e4higkeiten. Halten Sie einfach das Geh\u00e4use des <strong>SABER<\/strong> fest, drehen Sie die Spitze um 1 <strong>\/8 Umdrehung gegen den Uhrzeigersinn<\/strong> , um sie zu entfernen, und setzen Sie dann die neue Spitze in die entgegengesetzte Richtung ein. In Sekundenschnelle ist Ihr Ger\u00e4t bereit, wie neu zu funktionieren.  <\/li>\n<li><strong>Perfekte Kompatibilit\u00e4t<\/strong>: Die <strong>S\u00e4bel-Ersatzspitze<\/strong> wurde speziell f\u00fcr das elektronische Saber-Dab-Tool entwickelt.<strong> Dieser Tipp ist ein direkter Ersatz und gew\u00e4hrleistet eine perfekte Integration in Ihr Ger\u00e4t.<\/strong> <\/li>\n<li><strong>Langlebiges Material<\/strong> : Hergestellt aus einer hochwertigen <strong>Spitze<\/strong> und <strong>einer schwarzen Silikonbasis<\/strong>, ist diese Spitze so konzipiert, dass sie ein optimales Erlebnis bietet und gleichzeitig langlebig und pflegeleicht ist.<\/li>\n<li><strong>Vereinfachte Wartung<\/strong> : Es war noch nie so einfach, Ihr Ger\u00e4t sauber und funktionsf\u00e4hig zu halten. Die <strong>S\u00e4bel-Ersatzspitze macht die<\/strong> Wartung Deines elektronischen Dab-Tools schnell und problemlos, sodass Du jede Dabbing-Session genie\u00dfen kannst. <\/li>\n<\/ul>\n<h3><strong>Vorteile auf einen Blick<\/strong> :<\/h3>\n<ul>\n<li><strong>Einfache Installation<\/strong> : Tauschen Sie Ihre Spitze in Sekundenschnelle aus.<\/li>\n<li><strong>Perfekte Vertr\u00e4glichkeit<\/strong>: Speziell f\u00fcr <strong>SABER entwickelt.<\/strong><\/li>\n<li><strong>Langlebiges Material<\/strong> : <strong>Schwarze Silikonbasis<\/strong> f\u00fcr Langlebigkeit und einfache Reinigung.<\/li>\n<li><strong>Komfortabel und effizient<\/strong> : Schnelle Wartung f\u00fcr kontinuierliche Leistung.<\/li>\n<\/ul>\n<h3><strong>Technische Details<\/strong> :<\/h3>\n<ul>\n<li><strong>Kompatibel mit<\/strong> : <strong>Elektronisches Werkzeug SABER<\/strong> Dab.<\/li>\n<li><strong>Installation<\/strong> : Drehen Sie 1\/8 Umdrehung gegen den Uhrzeigersinn, um die alte Spitze zu entfernen, und drehen Sie sie f\u00fcr den Einbau der neuen um.<\/li>\n<li><strong>Material<\/strong> : Mundst\u00fcck mit <strong>schwarzem Silikonboden<\/strong>.<\/li>\n<\/ul>\n<p>Die <strong>S\u00e4bel-Ersatzspitze<\/strong> ist ein <strong>unverzichtbares Zubeh\u00f6r<\/strong> , um sicherzustellen, dass Ihr <strong>SABER<\/strong> weiterhin die bestm\u00f6gliche Leistung erbringt. Achte darauf, dass Du immer ein Ersatzmundst\u00fcck zur Hand hast, um das Beste aus Deinen Dabbing-Sessions herauszuholen. <\/p>\n","protected":false},"excerpt":{"rendered":"<p>S\u00e4bel-Ersatzspitze &#8211; einfacher Austausch f\u00fcr Ihr elektronisches Dab-Werkzeug Verl\u00e4ngern Sie die Lebensdauer und Leistung Ihres elektronischen SABER-Dab-Werkzeugs mit der Saber-Ersatzspitze. Mit dieser Ersatzspitze kannst Du eine besch\u00e4digte, abgenutzte oder schmutzige Spitze im Handumdrehen austauschen und so sicherstellen, dass Dein Dabbing-Erlebnis makellos bleibt. Hauptmerkmale : Schneller und einfacher Austausch : Der Austauschprozess ist einfach und erfordert [&hellip;]<\/p>\n","protected":false},"featured_media":28581,"comment_status":"open","ping_status":"closed","template":"","meta":{"_seopress_robots_primary_cat":"none","_seopress_titles_title":"","_seopress_titles_desc":"","_seopress_robots_index":""},"product_brand":[],"product_cat":[670],"product_tag":[],"class_list":{"0":"post-28585","1":"product","2":"type-product","3":"status-publish","4":"has-post-thumbnail","6":"product_cat-zubehoer","9":"instock","10":"taxable","11":"shipping-taxable","12":"purchasable","13":"product-type-simple","14":"product-grid-view"},"_links":{"self":[{"href":"https:\/\/greenkingdom.ch\/de\/wp-json\/wp\/v2\/product\/28585","targetHints":{"allow":["GET"]}}],"collection":[{"href":"https:\/\/greenkingdom.ch\/de\/wp-json\/wp\/v2\/product"}],"about":[{"href":"https:\/\/greenkingdom.ch\/de\/wp-json\/wp\/v2\/types\/product"}],"replies":[{"embeddable":true,"href":"https:\/\/greenkingdom.ch\/de\/wp-json\/wp\/v2\/comments?post=28585"}],"version-history":[{"count":2,"href":"https:\/\/greenkingdom.ch\/de\/wp-json\/wp\/v2\/product\/28585\/revisions"}],"predecessor-version":[{"id":28711,"href":"https:\/\/greenkingdom.ch\/de\/wp-json\/wp\/v2\/product\/28585\/revisions\/28711"}],"wp:featuredmedia":[{"embeddable":true,"href":"https:\/\/greenkingdom.ch\/de\/wp-json\/wp\/v2\/media\/28581"}],"wp:attachment":[{"href":"https:\/\/greenkingdom.ch\/de\/wp-json\/wp\/v2\/media?parent=28585"}],"wp:term":[{"taxonomy":"product_brand","embeddable":true,"href":"https:\/\/greenkingdom.ch\/de\/wp-json\/wp\/v2\/product_brand?post=28585"},{"taxonomy":"product_cat","embeddable":true,"href":"https:\/\/greenkingdom.ch\/de\/wp-json\/wp\/v2\/product_cat?post=28585"},{"taxonomy":"product_tag","embeddable":true,"href":"https:\/\/greenkingdom.ch\/de\/wp-json\/wp\/v2\/product_tag?post=28585"}],"curies":[{"name":"wp","href":"https:\/\/api.w.org\/{rel}","templated":true}]}}