{"id":28650,"date":"2025-01-03T18:09:35","date_gmt":"2025-01-03T17:09:35","guid":{"rendered":"https:\/\/greenkingdom.ch\/?post_type=product&#038;p=28650"},"modified":"2025-01-28T16:58:58","modified_gmt":"2025-01-28T15:58:58","slug":"focus-v-set-daccessoires-en-silicone-carta-2-black","status":"publish","type":"product","link":"https:\/\/greenkingdom.ch\/de\/produkt\/focus-v-set-daccessoires-en-silicone-carta-2-black\/","title":{"rendered":"Focus V Silikon Zubeh\u00f6r Set Carta 2 &#8222;Schwarz&#8220;"},"content":{"rendered":"<h3><strong>Silikon Accessory Set &#8211; Schwarz f\u00fcr CARTA 2 \u2013 Maximiere Dein Dabbing-Erlebnis<\/strong><\/h3>\n<p>Bringe Deine Dabbing-Sessions auf die n\u00e4chste Stufe mit dem <strong>Silikon Accessory Set &#8211; Schwarz f\u00fcr CARTA 2<\/strong>. Dieses komplette Set an Silikonzubeh\u00f6r wurde speziell entwickelt, um Ihr Dampferlebnis zu optimieren und <strong>gleichzeitig Funktionalit\u00e4t<\/strong>, <strong>Stil<\/strong> und <strong>Haltbarkeit<\/strong> zu bieten. <\/p>\n<h3><strong>Mitgeliefertes Zubeh\u00f6r<\/strong> :<\/h3>\n<ol>\n<li><strong>Silikon-Tether<\/strong> : Ein praktisches Zubeh\u00f6r, mit dem Sie Ihr Ger\u00e4t an einem St\u00e4nder befestigen k\u00f6nnen, um das Sturzrisiko zu verringern und Ihren CARTA 2 immer griffbereit zu haben.<\/li>\n<li><strong>Silikonstopfen<\/strong> : Hilft bei der Abdichtung und dem Schutz Ihres Ger\u00e4ts, wenn es nicht verwendet wird, ideal, um zu verhindern, dass Staub oder andere Verunreinigungen mit empfindlichen Teilen in Kontakt kommen.<\/li>\n<li><strong>Silikonh\u00fclle<\/strong> : Bietet zus\u00e4tzlichen Schutz f\u00fcr Ihren CARTA 2 und verbessert gleichzeitig den Griff. Es ist au\u00dferdem hitzebest\u00e4ndig, was die Lebensdauer Ihres Ger\u00e4ts verl\u00e4ngert. <\/li>\n<li><strong>Silikonh\u00fclle mit Vergaserkappe<\/strong> : Diese H\u00fclle in Kombination mit einer Vergaserkappe erm\u00f6glicht eine optimale Luftstromkontrolle und verbessert die Dampfproduktion und den Geschmack. Es hilft, eine konstante Sch\u00e4rfe f\u00fcr ein noch angenehmeres Dabbing-Erlebnis aufrechtzuerhalten. <\/li>\n<\/ol>\n<h3><strong>Hauptmerkmale<\/strong> :<\/h3>\n<ul>\n<li><strong>Hochwertiges Material<\/strong> : Jedes Zubeh\u00f6r im Set besteht aus <strong>hochwertigem Silikon<\/strong>, einem Material, das langlebig, flexibel, hitzebest\u00e4ndig und leicht zu reinigen ist.<\/li>\n<li><strong>Perfekte Kompatibilit\u00e4t<\/strong> : Dieses Set wurde <strong>speziell f\u00fcr den CARTA 2 entwickelt<\/strong> und bietet eine reibungslose Integration und eine perfekte Passform.<\/li>\n<li><strong>Vielseitigkeit und Stil<\/strong> : Neben seinem praktischen und funktionalen Design verleiht <strong>das schwarze Silikon<\/strong> Ihrem CARTA 2 ein schlankes und modernes Aussehen und bietet gleichzeitig optimalen Schutz.<\/li>\n<li><strong>Benutzerfreundlichkeit<\/strong> : Dieses Zubeh\u00f6r ist nicht nur einfach zu installieren, sondern auch sehr einfach zu reinigen, was ein problemloses Erlebnis gew\u00e4hrleistet.<\/li>\n<\/ul>\n<h3><strong>Vorteile auf einen Blick<\/strong> :<\/h3>\n<ul>\n<li><strong>Schutz und Funktionalit\u00e4t<\/strong> : Sch\u00fctze Deine CARTA 2 und verbessere gleichzeitig die Leistung Deiner Dabbing-Sessions.<\/li>\n<li><strong>Premium-Material<\/strong> : Hitzebest\u00e4ndiges und langlebiges Silikon f\u00fcr l\u00e4ngere Nutzung.<\/li>\n<li><strong>Schlankes und modernes Design<\/strong> : Ein zeitloser schwarzer Look, der sich nahtlos in den CARTA 2 einf\u00fcgt.<\/li>\n<li><strong>Einfache Reinigung<\/strong> : Das Zubeh\u00f6r ist pflegeleicht und sorgt f\u00fcr ein sauberes und optimales Dabbing-Erlebnis.<\/li>\n<\/ul>\n<h3><strong>Technische Details<\/strong> :<\/h3>\n<ul>\n<li><strong>Enth\u00e4lt<\/strong> : 1 Silikon-Haltegurt, 1 Silikonstopfen, 1 Silikonh\u00fclle, 1 Silikonh\u00fclle mit Vergaserkappe.<\/li>\n<li><strong>Farbe<\/strong> : Schwarz<\/li>\n<li><strong>Material<\/strong> : Hochwertiges hitzebest\u00e4ndiges Silikon<\/li>\n<li><strong>Kompatibilit\u00e4t<\/strong>: Speziell f\u00fcr <strong>CARTA 2<\/strong> entwickelt<\/li>\n<\/ul>\n<h3><strong>Fazit<\/strong> :<\/h3>\n<p>Das <strong>Silikon Zubeh\u00f6r Set &#8211; Schwarz f\u00fcr CARTA 2<\/strong> ist viel mehr als nur ein Set an Zubeh\u00f6r. Es ist eine unverzichtbare Erg\u00e4nzung f\u00fcr jeden CARTA 2-Benutzer und bietet <strong>gleichzeitig Schutz<\/strong>, <strong>Funktionalit\u00e4t<\/strong> und <strong>Stil<\/strong>. Mit seinen praktischen Komponenten und dem schlanken Design maximiert dieses Set die Effizienz Deines Rigs und erm\u00f6glicht es Dir, jede Dabbing-Session mit noch mehr Komfort und Leistung in vollen Z\u00fcgen zu genie\u00dfen.  <\/p>\n","protected":false},"excerpt":{"rendered":"<p>Silikon Accessory Set &#8211; Schwarz f\u00fcr CARTA 2 \u2013 Maximiere Dein Dabbing-Erlebnis Bringe Deine Dabbing-Sessions auf die n\u00e4chste Stufe mit dem Silikon Accessory Set &#8211; Schwarz f\u00fcr CARTA 2. Dieses komplette Set an Silikonzubeh\u00f6r wurde speziell entwickelt, um Ihr Dampferlebnis zu optimieren und gleichzeitig Funktionalit\u00e4t, Stil und Haltbarkeit zu bieten. Mitgeliefertes Zubeh\u00f6r : Silikon-Tether : [&hellip;]<\/p>\n","protected":false},"featured_media":28654,"comment_status":"open","ping_status":"closed","template":"","meta":{"_seopress_robots_primary_cat":"none","_seopress_titles_title":"","_seopress_titles_desc":"","_seopress_robots_index":""},"product_brand":[],"product_cat":[670],"product_tag":[],"class_list":{"0":"post-28650","1":"product","2":"type-product","3":"status-publish","4":"has-post-thumbnail","6":"product_cat-zubehoer","9":"instock","10":"taxable","11":"shipping-taxable","12":"purchasable","13":"product-type-simple","14":"product-grid-view"},"_links":{"self":[{"href":"https:\/\/greenkingdom.ch\/de\/wp-json\/wp\/v2\/product\/28650","targetHints":{"allow":["GET"]}}],"collection":[{"href":"https:\/\/greenkingdom.ch\/de\/wp-json\/wp\/v2\/product"}],"about":[{"href":"https:\/\/greenkingdom.ch\/de\/wp-json\/wp\/v2\/types\/product"}],"replies":[{"embeddable":true,"href":"https:\/\/greenkingdom.ch\/de\/wp-json\/wp\/v2\/comments?post=28650"}],"version-history":[{"count":2,"href":"https:\/\/greenkingdom.ch\/de\/wp-json\/wp\/v2\/product\/28650\/revisions"}],"predecessor-version":[{"id":28722,"href":"https:\/\/greenkingdom.ch\/de\/wp-json\/wp\/v2\/product\/28650\/revisions\/28722"}],"wp:featuredmedia":[{"embeddable":true,"href":"https:\/\/greenkingdom.ch\/de\/wp-json\/wp\/v2\/media\/28654"}],"wp:attachment":[{"href":"https:\/\/greenkingdom.ch\/de\/wp-json\/wp\/v2\/media?parent=28650"}],"wp:term":[{"taxonomy":"product_brand","embeddable":true,"href":"https:\/\/greenkingdom.ch\/de\/wp-json\/wp\/v2\/product_brand?post=28650"},{"taxonomy":"product_cat","embeddable":true,"href":"https:\/\/greenkingdom.ch\/de\/wp-json\/wp\/v2\/product_cat?post=28650"},{"taxonomy":"product_tag","embeddable":true,"href":"https:\/\/greenkingdom.ch\/de\/wp-json\/wp\/v2\/product_tag?post=28650"}],"curies":[{"name":"wp","href":"https:\/\/api.w.org\/{rel}","templated":true}]}}