{"id":28739,"date":"2025-01-04T11:57:02","date_gmt":"2025-01-04T10:57:02","guid":{"rendered":"https:\/\/greenkingdom.ch\/product\/yeuf-original-king-size-slim\/"},"modified":"2025-01-28T16:58:59","modified_gmt":"2025-01-28T15:58:59","slug":"yeuf-original-king-size-slim","status":"publish","type":"product","link":"https:\/\/greenkingdom.ch\/de\/produkt\/yeuf-original-king-size-slim\/","title":{"rendered":"Yeuf Original King Size Slim"},"content":{"rendered":"<p>Entdecken Sie YEUF ORIGINAL, das schmale Rollpapier, das Qualit\u00e4t und Eleganz vereint. Mit seinen perfekten Abmessungen von 110 mm x 44 mm bietet Ihnen jedes Blatt ein reibungsloses und angenehmes Rollgef\u00fchl. Jede Packung enth\u00e4lt 32 Bl\u00e4tter, ideal f\u00fcr Ihre Momente der Entspannung. Die in Frankreich hergestellten YEUF ORIGINAL-Platten garantieren Ihnen ein Spitzenprodukt, das Ihren Anforderungen entspricht. F\u00fcr Genie\u00dfer ist YEUF ORIGINAL die Garantie f\u00fcr eine perfekte Fahrt.    <\/p>\n","protected":false},"excerpt":{"rendered":"<p>Entdecken Sie YEUF ORIGINAL, das schmale Rollpapier, das Qualit\u00e4t und Eleganz vereint. Mit seinen perfekten Abmessungen von 110 mm x 44 mm bietet Ihnen jedes Blatt ein reibungsloses und angenehmes Rollgef\u00fchl. Jede Packung enth\u00e4lt 32 Bl\u00e4tter, ideal f\u00fcr Ihre Momente der Entspannung. Die in Frankreich hergestellten YEUF ORIGINAL-Platten garantieren Ihnen ein Spitzenprodukt, das Ihren Anforderungen [&hellip;]<\/p>\n","protected":false},"featured_media":28735,"comment_status":"open","ping_status":"closed","template":"","meta":{"_seopress_robots_primary_cat":"none","_seopress_titles_title":"","_seopress_titles_desc":"","_seopress_robots_index":""},"product_brand":[],"product_cat":[655],"product_tag":[],"class_list":{"0":"post-28739","1":"product","2":"type-product","3":"status-publish","4":"has-post-thumbnail","6":"product_cat-zigarettenpapier","9":"instock","10":"taxable","11":"shipping-taxable","12":"purchasable","13":"product-type-simple","14":"product-grid-view"},"_links":{"self":[{"href":"https:\/\/greenkingdom.ch\/de\/wp-json\/wp\/v2\/product\/28739","targetHints":{"allow":["GET"]}}],"collection":[{"href":"https:\/\/greenkingdom.ch\/de\/wp-json\/wp\/v2\/product"}],"about":[{"href":"https:\/\/greenkingdom.ch\/de\/wp-json\/wp\/v2\/types\/product"}],"replies":[{"embeddable":true,"href":"https:\/\/greenkingdom.ch\/de\/wp-json\/wp\/v2\/comments?post=28739"}],"version-history":[{"count":2,"href":"https:\/\/greenkingdom.ch\/de\/wp-json\/wp\/v2\/product\/28739\/revisions"}],"predecessor-version":[{"id":31242,"href":"https:\/\/greenkingdom.ch\/de\/wp-json\/wp\/v2\/product\/28739\/revisions\/31242"}],"wp:featuredmedia":[{"embeddable":true,"href":"https:\/\/greenkingdom.ch\/de\/wp-json\/wp\/v2\/media\/28735"}],"wp:attachment":[{"href":"https:\/\/greenkingdom.ch\/de\/wp-json\/wp\/v2\/media?parent=28739"}],"wp:term":[{"taxonomy":"product_brand","embeddable":true,"href":"https:\/\/greenkingdom.ch\/de\/wp-json\/wp\/v2\/product_brand?post=28739"},{"taxonomy":"product_cat","embeddable":true,"href":"https:\/\/greenkingdom.ch\/de\/wp-json\/wp\/v2\/product_cat?post=28739"},{"taxonomy":"product_tag","embeddable":true,"href":"https:\/\/greenkingdom.ch\/de\/wp-json\/wp\/v2\/product_tag?post=28739"}],"curies":[{"name":"wp","href":"https:\/\/api.w.org\/{rel}","templated":true}]}}