{"id":28746,"date":"2025-01-04T11:57:41","date_gmt":"2025-01-04T10:57:41","guid":{"rendered":"https:\/\/greenkingdom.ch\/?post_type=product&#038;p=28746"},"modified":"2025-01-28T16:58:56","modified_gmt":"2025-01-28T15:58:56","slug":"yeuf-original-king-size-slim-carton","status":"publish","type":"product","link":"https:\/\/greenkingdom.ch\/de\/produkt\/yeuf-original-king-size-slim-carton\/","title":{"rendered":"Yeuf Original King Size Slim (Karton)"},"content":{"rendered":"<p>Entscheiden Sie sich f\u00fcr die 50er-Packung <strong>YEUF ORIGINAL,<\/strong> den Ma\u00dfstab f\u00fcr hochwertige schlanke Bl\u00e4tter. Jede Packung enth\u00e4lt 32 schlanke Bl\u00e4tter von 110 mm x 44 mm, die jedes Mal eine glatte und pr\u00e4zise Rolle erm\u00f6glichen. Mit dieser Box sind Sie bereit f\u00fcr ausgedehnte Momente der Entspannung, w\u00e4hrend Sie die Exzellenz der franz\u00f6sischen Herstellung genie\u00dfen. <strong>YEUF ORIGINAL<\/strong> ist die Garantie f\u00fcr ein Spitzenprodukt f\u00fcr Liebhaber von Qualit\u00e4t und Komfort bei jeder Fahrt.  <\/p>\n","protected":false},"excerpt":{"rendered":"<p>Entscheiden Sie sich f\u00fcr die 50er-Packung YEUF ORIGINAL, den Ma\u00dfstab f\u00fcr hochwertige schlanke Bl\u00e4tter. Jede Packung enth\u00e4lt 32 schlanke Bl\u00e4tter von 110 mm x 44 mm, die jedes Mal eine glatte und pr\u00e4zise Rolle erm\u00f6glichen. Mit dieser Box sind Sie bereit f\u00fcr ausgedehnte Momente der Entspannung, w\u00e4hrend Sie die Exzellenz der franz\u00f6sischen Herstellung genie\u00dfen. YEUF [&hellip;]<\/p>\n","protected":false},"featured_media":28750,"comment_status":"open","ping_status":"closed","template":"","meta":{"_seopress_robots_primary_cat":"none","_seopress_titles_title":"","_seopress_titles_desc":"","_seopress_robots_index":""},"product_brand":[],"product_cat":[655],"product_tag":[],"class_list":{"0":"post-28746","1":"product","2":"type-product","3":"status-publish","4":"has-post-thumbnail","6":"product_cat-zigarettenpapier","9":"instock","10":"taxable","11":"shipping-taxable","12":"purchasable","13":"product-type-simple","14":"product-grid-view"},"_links":{"self":[{"href":"https:\/\/greenkingdom.ch\/de\/wp-json\/wp\/v2\/product\/28746","targetHints":{"allow":["GET"]}}],"collection":[{"href":"https:\/\/greenkingdom.ch\/de\/wp-json\/wp\/v2\/product"}],"about":[{"href":"https:\/\/greenkingdom.ch\/de\/wp-json\/wp\/v2\/types\/product"}],"replies":[{"embeddable":true,"href":"https:\/\/greenkingdom.ch\/de\/wp-json\/wp\/v2\/comments?post=28746"}],"version-history":[{"count":2,"href":"https:\/\/greenkingdom.ch\/de\/wp-json\/wp\/v2\/product\/28746\/revisions"}],"predecessor-version":[{"id":31239,"href":"https:\/\/greenkingdom.ch\/de\/wp-json\/wp\/v2\/product\/28746\/revisions\/31239"}],"wp:featuredmedia":[{"embeddable":true,"href":"https:\/\/greenkingdom.ch\/de\/wp-json\/wp\/v2\/media\/28750"}],"wp:attachment":[{"href":"https:\/\/greenkingdom.ch\/de\/wp-json\/wp\/v2\/media?parent=28746"}],"wp:term":[{"taxonomy":"product_brand","embeddable":true,"href":"https:\/\/greenkingdom.ch\/de\/wp-json\/wp\/v2\/product_brand?post=28746"},{"taxonomy":"product_cat","embeddable":true,"href":"https:\/\/greenkingdom.ch\/de\/wp-json\/wp\/v2\/product_cat?post=28746"},{"taxonomy":"product_tag","embeddable":true,"href":"https:\/\/greenkingdom.ch\/de\/wp-json\/wp\/v2\/product_tag?post=28746"}],"curies":[{"name":"wp","href":"https:\/\/api.w.org\/{rel}","templated":true}]}}