{"id":28758,"date":"2025-01-04T12:00:56","date_gmt":"2025-01-04T11:00:56","guid":{"rendered":"https:\/\/greenkingdom.ch\/?post_type=product&#038;p=28758"},"modified":"2025-01-28T16:58:50","modified_gmt":"2025-01-28T15:58:50","slug":"yeuf-pure-king-size-slim","status":"publish","type":"product","link":"https:\/\/greenkingdom.ch\/de\/produkt\/yeuf-pure-king-size-slim\/","title":{"rendered":"Yeuf PURE King Size Slim"},"content":{"rendered":"<p>Entdecken Sie <strong>YEUF PURE,<\/strong> das ungebleichte Rollpapier, f\u00fcr ein 100% nat\u00fcrliches Rollerlebnis. Ohne chemische Bleichbehandlung beh\u00e4lt <strong>YEUF PURE<\/strong> alle seine nat\u00fcrlichen Eigenschaften bei und sorgt f\u00fcr einen sanfteren und angenehmeren Rauch. Jede Packung enth\u00e4lt 32 schlanke Bl\u00e4tter von 110 mm x 44 mm, ideal f\u00fcr pr\u00e4zises und komfortables Rollen. <strong>YEUF PURE<\/strong> wird in Frankreich hergestellt und garantiert erstklassige Qualit\u00e4t f\u00fcr Kenner, die Reinheit und Geschmack bevorzugen. Die perfekte Wahl f\u00fcr ein authentisches Raucherlebnis.    <\/p>\n","protected":false},"excerpt":{"rendered":"<p>Entdecken Sie YEUF PURE, das ungebleichte Rollpapier, f\u00fcr ein 100% nat\u00fcrliches Rollerlebnis. Ohne chemische Bleichbehandlung beh\u00e4lt YEUF PURE alle seine nat\u00fcrlichen Eigenschaften bei und sorgt f\u00fcr einen sanfteren und angenehmeren Rauch. Jede Packung enth\u00e4lt 32 schlanke Bl\u00e4tter von 110 mm x 44 mm, ideal f\u00fcr pr\u00e4zises und komfortables Rollen. YEUF PURE wird in Frankreich hergestellt [&hellip;]<\/p>\n","protected":false},"featured_media":28774,"comment_status":"open","ping_status":"closed","template":"","meta":{"_seopress_robots_primary_cat":"none","_seopress_titles_title":"","_seopress_titles_desc":"","_seopress_robots_index":""},"product_brand":[],"product_cat":[655],"product_tag":[],"class_list":{"0":"post-28758","1":"product","2":"type-product","3":"status-publish","4":"has-post-thumbnail","6":"product_cat-zigarettenpapier","9":"instock","10":"taxable","11":"shipping-taxable","12":"purchasable","13":"product-type-simple","14":"product-grid-view"},"_links":{"self":[{"href":"https:\/\/greenkingdom.ch\/de\/wp-json\/wp\/v2\/product\/28758","targetHints":{"allow":["GET"]}}],"collection":[{"href":"https:\/\/greenkingdom.ch\/de\/wp-json\/wp\/v2\/product"}],"about":[{"href":"https:\/\/greenkingdom.ch\/de\/wp-json\/wp\/v2\/types\/product"}],"replies":[{"embeddable":true,"href":"https:\/\/greenkingdom.ch\/de\/wp-json\/wp\/v2\/comments?post=28758"}],"version-history":[{"count":2,"href":"https:\/\/greenkingdom.ch\/de\/wp-json\/wp\/v2\/product\/28758\/revisions"}],"predecessor-version":[{"id":31231,"href":"https:\/\/greenkingdom.ch\/de\/wp-json\/wp\/v2\/product\/28758\/revisions\/31231"}],"wp:featuredmedia":[{"embeddable":true,"href":"https:\/\/greenkingdom.ch\/de\/wp-json\/wp\/v2\/media\/28774"}],"wp:attachment":[{"href":"https:\/\/greenkingdom.ch\/de\/wp-json\/wp\/v2\/media?parent=28758"}],"wp:term":[{"taxonomy":"product_brand","embeddable":true,"href":"https:\/\/greenkingdom.ch\/de\/wp-json\/wp\/v2\/product_brand?post=28758"},{"taxonomy":"product_cat","embeddable":true,"href":"https:\/\/greenkingdom.ch\/de\/wp-json\/wp\/v2\/product_cat?post=28758"},{"taxonomy":"product_tag","embeddable":true,"href":"https:\/\/greenkingdom.ch\/de\/wp-json\/wp\/v2\/product_tag?post=28758"}],"curies":[{"name":"wp","href":"https:\/\/api.w.org\/{rel}","templated":true}]}}