{"id":28766,"date":"2025-01-04T12:01:10","date_gmt":"2025-01-04T11:01:10","guid":{"rendered":"https:\/\/greenkingdom.ch\/?post_type=product&#038;p=28766"},"modified":"2025-01-28T16:58:50","modified_gmt":"2025-01-28T15:58:50","slug":"yeuf-pure-king-size-slim-carton","status":"publish","type":"product","link":"https:\/\/greenkingdom.ch\/de\/produkt\/yeuf-pure-king-size-slim-carton\/","title":{"rendered":"Yeuf PURE King Size Slim (Karton)"},"content":{"rendered":"<p>Entscheiden Sie sich f\u00fcr die 50er-Packung <strong>von YEUF PURE,<\/strong> der Referenz f\u00fcr ungebleichte Bl\u00e4ttchen. Ohne jegliche chemische Behandlung bewahrt <strong>YEUF PURE<\/strong> seine Reinheit f\u00fcr einen sanfteren und angenehmeren Rauch, f\u00fcr ein nat\u00fcrlicheres Erlebnis bei jeder Fahrt. Jede Packung enth\u00e4lt 32 schlanke B\u00f6gen von 110 mm x 44 mm, die perfekt aufeinander abgestimmt sind, um ein reibungsloses und pr\u00e4zises Walzen zu erm\u00f6glichen. <strong>YEUF PURE<\/strong> wird in Frankreich hergestellt und verk\u00f6rpert die Exzellenz des franz\u00f6sischen Know-hows. Eine praktische Box, ideal f\u00fcr Liebhaber von Qualit\u00e4t und Reinheit, f\u00fcr authentische Momente der Entspannung.    <\/p>\n","protected":false},"excerpt":{"rendered":"<p>Entscheiden Sie sich f\u00fcr die 50er-Packung von YEUF PURE, der Referenz f\u00fcr ungebleichte Bl\u00e4ttchen. Ohne jegliche chemische Behandlung bewahrt YEUF PURE seine Reinheit f\u00fcr einen sanfteren und angenehmeren Rauch, f\u00fcr ein nat\u00fcrlicheres Erlebnis bei jeder Fahrt. Jede Packung enth\u00e4lt 32 schlanke B\u00f6gen von 110 mm x 44 mm, die perfekt aufeinander abgestimmt sind, um ein [&hellip;]<\/p>\n","protected":false},"featured_media":28778,"comment_status":"open","ping_status":"closed","template":"","meta":{"_seopress_robots_primary_cat":"none","_seopress_titles_title":"","_seopress_titles_desc":"","_seopress_robots_index":""},"product_brand":[],"product_cat":[655],"product_tag":[],"class_list":{"0":"post-28766","1":"product","2":"type-product","3":"status-publish","4":"has-post-thumbnail","6":"product_cat-zigarettenpapier","9":"instock","10":"taxable","11":"shipping-taxable","12":"purchasable","13":"product-type-simple","14":"product-grid-view"},"_links":{"self":[{"href":"https:\/\/greenkingdom.ch\/de\/wp-json\/wp\/v2\/product\/28766","targetHints":{"allow":["GET"]}}],"collection":[{"href":"https:\/\/greenkingdom.ch\/de\/wp-json\/wp\/v2\/product"}],"about":[{"href":"https:\/\/greenkingdom.ch\/de\/wp-json\/wp\/v2\/types\/product"}],"replies":[{"embeddable":true,"href":"https:\/\/greenkingdom.ch\/de\/wp-json\/wp\/v2\/comments?post=28766"}],"version-history":[{"count":2,"href":"https:\/\/greenkingdom.ch\/de\/wp-json\/wp\/v2\/product\/28766\/revisions"}],"predecessor-version":[{"id":31228,"href":"https:\/\/greenkingdom.ch\/de\/wp-json\/wp\/v2\/product\/28766\/revisions\/31228"}],"wp:featuredmedia":[{"embeddable":true,"href":"https:\/\/greenkingdom.ch\/de\/wp-json\/wp\/v2\/media\/28778"}],"wp:attachment":[{"href":"https:\/\/greenkingdom.ch\/de\/wp-json\/wp\/v2\/media?parent=28766"}],"wp:term":[{"taxonomy":"product_brand","embeddable":true,"href":"https:\/\/greenkingdom.ch\/de\/wp-json\/wp\/v2\/product_brand?post=28766"},{"taxonomy":"product_cat","embeddable":true,"href":"https:\/\/greenkingdom.ch\/de\/wp-json\/wp\/v2\/product_cat?post=28766"},{"taxonomy":"product_tag","embeddable":true,"href":"https:\/\/greenkingdom.ch\/de\/wp-json\/wp\/v2\/product_tag?post=28766"}],"curies":[{"name":"wp","href":"https:\/\/api.w.org\/{rel}","templated":true}]}}