{"id":28770,"date":"2025-01-04T12:01:17","date_gmt":"2025-01-04T11:01:17","guid":{"rendered":"https:\/\/greenkingdom.ch\/?post_type=product&#038;p=28770"},"modified":"2025-01-28T16:58:51","modified_gmt":"2025-01-28T15:58:51","slug":"yeuf-supreme-king-size-slim-carton","status":"publish","type":"product","link":"https:\/\/greenkingdom.ch\/de\/produkt\/yeuf-supreme-king-size-slim-carton\/","title":{"rendered":"Yeuf Supreme King Size Slim (Karton)"},"content":{"rendered":"<p>Entscheiden Sie sich f\u00fcr die 50er-Packung <strong>von YEUF SUPREME<\/strong>, die ideale L\u00f6sung f\u00fcr Liebhaber pr\u00e4ziser und diskreter Fahrweise. Jede Packung enth\u00e4lt 32 schlanke Bl\u00e4tter in einem schmaleren Format, perfekt f\u00fcr ein reibungsloses und angenehmes Erlebnis bei jedem Gebrauch. Die in Frankreich entwickelten und hergestellten <strong>YEUF SUPREME-Platten<\/strong> sorgen f\u00fcr eine optimale Verbrennung und einen sanften Rauch f\u00fcr einen unvergleichlichen Rauchkomfort. Mit dieser Box sind Sie bereit, jeden Moment der Entspannung in vollen Z\u00fcgen zu genie\u00dfen und gleichzeitig ein Spitzenprodukt zur Hand zu haben, das f\u00fcr diejenigen entwickelt wurde, die Qualit\u00e4t und Zweckm\u00e4\u00dfigkeit suchen.   <\/p>\n","protected":false},"excerpt":{"rendered":"<p>Entscheiden Sie sich f\u00fcr die 50er-Packung von YEUF SUPREME, die ideale L\u00f6sung f\u00fcr Liebhaber pr\u00e4ziser und diskreter Fahrweise. Jede Packung enth\u00e4lt 32 schlanke Bl\u00e4tter in einem schmaleren Format, perfekt f\u00fcr ein reibungsloses und angenehmes Erlebnis bei jedem Gebrauch. Die in Frankreich entwickelten und hergestellten YEUF SUPREME-Platten sorgen f\u00fcr eine optimale Verbrennung und einen sanften Rauch [&hellip;]<\/p>\n","protected":false},"featured_media":28794,"comment_status":"open","ping_status":"closed","template":"","meta":{"_seopress_robots_primary_cat":"none","_seopress_titles_title":"","_seopress_titles_desc":"","_seopress_robots_index":""},"product_brand":[],"product_cat":[655],"product_tag":[],"class_list":{"0":"post-28770","1":"product","2":"type-product","3":"status-publish","4":"has-post-thumbnail","6":"product_cat-zigarettenpapier","9":"instock","10":"taxable","11":"shipping-taxable","12":"purchasable","13":"product-type-simple","14":"product-grid-view"},"_links":{"self":[{"href":"https:\/\/greenkingdom.ch\/de\/wp-json\/wp\/v2\/product\/28770","targetHints":{"allow":["GET"]}}],"collection":[{"href":"https:\/\/greenkingdom.ch\/de\/wp-json\/wp\/v2\/product"}],"about":[{"href":"https:\/\/greenkingdom.ch\/de\/wp-json\/wp\/v2\/types\/product"}],"replies":[{"embeddable":true,"href":"https:\/\/greenkingdom.ch\/de\/wp-json\/wp\/v2\/comments?post=28770"}],"version-history":[{"count":3,"href":"https:\/\/greenkingdom.ch\/de\/wp-json\/wp\/v2\/product\/28770\/revisions"}],"predecessor-version":[{"id":31233,"href":"https:\/\/greenkingdom.ch\/de\/wp-json\/wp\/v2\/product\/28770\/revisions\/31233"}],"wp:featuredmedia":[{"embeddable":true,"href":"https:\/\/greenkingdom.ch\/de\/wp-json\/wp\/v2\/media\/28794"}],"wp:attachment":[{"href":"https:\/\/greenkingdom.ch\/de\/wp-json\/wp\/v2\/media?parent=28770"}],"wp:term":[{"taxonomy":"product_brand","embeddable":true,"href":"https:\/\/greenkingdom.ch\/de\/wp-json\/wp\/v2\/product_brand?post=28770"},{"taxonomy":"product_cat","embeddable":true,"href":"https:\/\/greenkingdom.ch\/de\/wp-json\/wp\/v2\/product_cat?post=28770"},{"taxonomy":"product_tag","embeddable":true,"href":"https:\/\/greenkingdom.ch\/de\/wp-json\/wp\/v2\/product_tag?post=28770"}],"curies":[{"name":"wp","href":"https:\/\/api.w.org\/{rel}","templated":true}]}}