{"id":28865,"date":"2025-01-04T16:38:24","date_gmt":"2025-01-04T15:38:24","guid":{"rendered":"https:\/\/greenkingdom.ch\/?post_type=product&#038;p=28865"},"modified":"2025-01-28T17:02:13","modified_gmt":"2025-01-28T16:02:13","slug":"real-leaf-organic-pineapple-express","status":"publish","type":"product","link":"https:\/\/greenkingdom.ch\/de\/produkt\/real-leaf-organic-pineapple-express\/","title":{"rendered":"Real Leaf Bio Ananas Express 20g"},"content":{"rendered":"<p><strong>Real Leaf Pineapple Express<\/strong> ist eine 100% nat\u00fcrliche, nikotinfreie Kr\u00e4utermischung, die mit Terpenen von <strong>Pineapple Express<\/strong> angereichert ist, einer Cannabissorte, die f\u00fcr ihre fruchtigen und s\u00fc\u00dfen Aromen bekannt ist. Diese Terpene verst\u00e4rken den Geschmack von Cannabis und verleihen mit jedem Zug eine einzigartige tropische Note f\u00fcr ein Raucherlebnis, das sowohl angenehm als auch raffiniert ist. <strong>Handgefertigt, Real Leaf<\/strong> zeichnet sich durch seine feine Textur, S\u00fc\u00dfe und seinen nat\u00fcrlichen Geschmack aus. Diese biologische und nat\u00fcrliche Mischung wird aus Himbeer-, Marshmallow- und K\u00f6nigskerzenbl\u00e4ttern hergestellt und sorgf\u00e4ltig verarbeitet, um ein leichtes Rollen und ein optimales Raucherlebnis zu bieten. Nikotin- und tabakfrei ist <strong>Real Leaf Pineapple Express<\/strong> die perfekte L\u00f6sung f\u00fcr alle, die auf das Rauchen verzichten und gleichzeitig das Gef\u00fchl des Rollens genie\u00dfen m\u00f6chten. Er kann auch pur ger\u00e4uchert werden, um ein noch weicheres und reineres Erlebnis zu erzielen. Egal, ob Sie auf der Suche nach einer gesunden Alternative zu Tabak sind oder mit dem Rauchen aufh\u00f6ren m\u00f6chten, <strong>Real Leaf Pineapple Express<\/strong> hat alles f\u00fcr Sie. Dieses Produkt ist eine gro\u00dfartige Option f\u00fcr alle, die ihren Tabakkonsum reduzieren und gleichzeitig die Freuden eines guten Br\u00f6tchens behalten m\u00f6chten. <strong>Real Leaf Pineapple Express<\/strong> ist eine Premium-L\u00f6sung, die eine intelligente Alternative bietet, um das Rauchen zu reduzieren, ohne auf das Raucherlebnis ganz verzichten zu m\u00fcssen. Mit <strong>Real Leaf<\/strong> entscheiden Sie sich f\u00fcr ein saubereres, sanfteres und nat\u00fcrlicheres Produkt, das Ihnen hilft, mit dem Rauchen aufzuh\u00f6ren und gleichzeitig ein angenehmes, nikotinfreies Raucherlebnis zu genie\u00dfen. <\/p>\n","protected":false},"excerpt":{"rendered":"<p>Real Leaf Pineapple Express ist eine 100% nat\u00fcrliche, nikotinfreie Kr\u00e4utermischung, die mit Terpenen von Pineapple Express angereichert ist, einer Cannabissorte, die f\u00fcr ihre fruchtigen und s\u00fc\u00dfen Aromen bekannt ist. Diese Terpene verst\u00e4rken den Geschmack von Cannabis und verleihen mit jedem Zug eine einzigartige tropische Note f\u00fcr ein Raucherlebnis, das sowohl angenehm als auch raffiniert ist. [&hellip;]<\/p>\n","protected":false},"featured_media":28899,"comment_status":"open","ping_status":"closed","template":"","meta":{"_seopress_robots_primary_cat":"none","_seopress_titles_title":"","_seopress_titles_desc":"","_seopress_robots_index":""},"product_brand":[],"product_cat":[720],"product_tag":[],"class_list":{"0":"post-28865","1":"product","2":"type-product","3":"status-publish","4":"has-post-thumbnail","6":"product_cat-tabakersatz-de","9":"instock","10":"taxable","11":"shipping-taxable","12":"purchasable","13":"product-type-simple","14":"product-grid-view"},"_links":{"self":[{"href":"https:\/\/greenkingdom.ch\/de\/wp-json\/wp\/v2\/product\/28865","targetHints":{"allow":["GET"]}}],"collection":[{"href":"https:\/\/greenkingdom.ch\/de\/wp-json\/wp\/v2\/product"}],"about":[{"href":"https:\/\/greenkingdom.ch\/de\/wp-json\/wp\/v2\/types\/product"}],"replies":[{"embeddable":true,"href":"https:\/\/greenkingdom.ch\/de\/wp-json\/wp\/v2\/comments?post=28865"}],"version-history":[{"count":3,"href":"https:\/\/greenkingdom.ch\/de\/wp-json\/wp\/v2\/product\/28865\/revisions"}],"predecessor-version":[{"id":31246,"href":"https:\/\/greenkingdom.ch\/de\/wp-json\/wp\/v2\/product\/28865\/revisions\/31246"}],"wp:featuredmedia":[{"embeddable":true,"href":"https:\/\/greenkingdom.ch\/de\/wp-json\/wp\/v2\/media\/28899"}],"wp:attachment":[{"href":"https:\/\/greenkingdom.ch\/de\/wp-json\/wp\/v2\/media?parent=28865"}],"wp:term":[{"taxonomy":"product_brand","embeddable":true,"href":"https:\/\/greenkingdom.ch\/de\/wp-json\/wp\/v2\/product_brand?post=28865"},{"taxonomy":"product_cat","embeddable":true,"href":"https:\/\/greenkingdom.ch\/de\/wp-json\/wp\/v2\/product_cat?post=28865"},{"taxonomy":"product_tag","embeddable":true,"href":"https:\/\/greenkingdom.ch\/de\/wp-json\/wp\/v2\/product_tag?post=28865"}],"curies":[{"name":"wp","href":"https:\/\/api.w.org\/{rel}","templated":true}]}}