{"id":30015,"date":"2025-01-17T17:16:16","date_gmt":"2025-01-17T16:16:16","guid":{"rendered":"https:\/\/greenkingdom.ch\/?post_type=product&#038;p=30015"},"modified":"2025-01-24T18:02:32","modified_gmt":"2025-01-24T17:02:32","slug":"plateau-a-rouler-rick-morty-simpsons-m-175-x-275-mm","status":"publish","type":"product","link":"https:\/\/greenkingdom.ch\/de\/produkt\/plateau-a-rouler-rick-morty-simpsons-m-175-x-275-mm\/","title":{"rendered":"Simpsons Rick &amp; Morty Drehtablett &#8222;M&#8220; 175 x 275 mm"},"content":{"rendered":"<p><strong>Rolltablett \u2013 175x275x13mm<\/strong><\/p>\n<p>Betreten Sie mit diesem Rolldeck eine neue Dimension des Rollens. Mit seinen Ma\u00dfen von <strong>75x275x13mm<\/strong> bietet er den perfekten Platz, um Ihre Kr\u00e4uter pr\u00e4zise und stilvoll zuzubereiten. Seine ultraglatte Oberfl\u00e4che macht das Rollen einfach und geschmeidig, als ob Sie auf einer Wolke reiten w\u00fcrden. Dieses Tablett ist nicht nur praktisch, es ist auch ein echtes Statement. Sein einzigartiges Design zeigt deutlich, dass Sie die Kunst des Rollens beherrschen. Die erh\u00f6hten R\u00e4nder helfen dabei, Ihre Kr\u00e4uter, Bl\u00e4ttchen und Filter an Ort und Stelle zu halten und Abfall zu vermeiden. Dieses leichte und funktionelle Tablett verwandelt jede Fahrsession in einen organisierten und \u00e4sthetisch ansprechenden Moment.  <\/p>\n","protected":false},"excerpt":{"rendered":"<p>Rolltablett \u2013 175x275x13mm Betreten Sie mit diesem Rolldeck eine neue Dimension des Rollens. Mit seinen Ma\u00dfen von 75x275x13mm bietet er den perfekten Platz, um Ihre Kr\u00e4uter pr\u00e4zise und stilvoll zuzubereiten. Seine ultraglatte Oberfl\u00e4che macht das Rollen einfach und geschmeidig, als ob Sie auf einer Wolke reiten w\u00fcrden. Dieses Tablett ist nicht nur praktisch, es ist [&hellip;]<\/p>\n","protected":false},"featured_media":30027,"comment_status":"open","ping_status":"closed","template":"","meta":{"_seopress_robots_primary_cat":"none","_seopress_titles_title":"","_seopress_titles_desc":"","_seopress_robots_index":""},"product_brand":[],"product_cat":[724],"product_tag":[],"class_list":{"0":"post-30015","1":"product","2":"type-product","3":"status-publish","4":"has-post-thumbnail","6":"product_cat-plateaux-a-rouler-de","9":"instock","10":"taxable","11":"shipping-taxable","12":"purchasable","13":"product-type-simple","14":"product-grid-view"},"_links":{"self":[{"href":"https:\/\/greenkingdom.ch\/de\/wp-json\/wp\/v2\/product\/30015","targetHints":{"allow":["GET"]}}],"collection":[{"href":"https:\/\/greenkingdom.ch\/de\/wp-json\/wp\/v2\/product"}],"about":[{"href":"https:\/\/greenkingdom.ch\/de\/wp-json\/wp\/v2\/types\/product"}],"replies":[{"embeddable":true,"href":"https:\/\/greenkingdom.ch\/de\/wp-json\/wp\/v2\/comments?post=30015"}],"version-history":[{"count":2,"href":"https:\/\/greenkingdom.ch\/de\/wp-json\/wp\/v2\/product\/30015\/revisions"}],"predecessor-version":[{"id":31074,"href":"https:\/\/greenkingdom.ch\/de\/wp-json\/wp\/v2\/product\/30015\/revisions\/31074"}],"wp:featuredmedia":[{"embeddable":true,"href":"https:\/\/greenkingdom.ch\/de\/wp-json\/wp\/v2\/media\/30027"}],"wp:attachment":[{"href":"https:\/\/greenkingdom.ch\/de\/wp-json\/wp\/v2\/media?parent=30015"}],"wp:term":[{"taxonomy":"product_brand","embeddable":true,"href":"https:\/\/greenkingdom.ch\/de\/wp-json\/wp\/v2\/product_brand?post=30015"},{"taxonomy":"product_cat","embeddable":true,"href":"https:\/\/greenkingdom.ch\/de\/wp-json\/wp\/v2\/product_cat?post=30015"},{"taxonomy":"product_tag","embeddable":true,"href":"https:\/\/greenkingdom.ch\/de\/wp-json\/wp\/v2\/product_tag?post=30015"}],"curies":[{"name":"wp","href":"https:\/\/api.w.org\/{rel}","templated":true}]}}