{"id":30035,"date":"2025-01-17T17:20:32","date_gmt":"2025-01-17T16:20:32","guid":{"rendered":"https:\/\/greenkingdom.ch\/?post_type=product&#038;p=30035"},"modified":"2025-02-25T18:38:47","modified_gmt":"2025-02-25T17:38:47","slug":"plateau-a-rouler-wheres-weedo-m-175-x-275-mm","status":"publish","type":"product","link":"https:\/\/greenkingdom.ch\/de\/produkt\/plateau-a-rouler-wheres-weedo-m-175-x-275-mm\/","title":{"rendered":"Plateau \u00e0 Rouler Best Bud Where&#8217;s Weedo &#8222;M&#8220; 175 x 275 mm"},"content":{"rendered":"<p><strong>Plateau \u00e0 Rouler \u2013 175x275x13mm<\/strong><\/p>\n<p>Entrez dans une nouvelle dimension du roulage avec ce plateau \u00e0 rouler. Avec ses dimensions de <strong>75x275x13mm<\/strong>, il offre un espace parfait pour pr\u00e9parer vos herbes avec pr\u00e9cision et style. Sa surface ultra-lisse rend le roulage facile et fluide, comme si vous rouliez sur un nuage.<\/p>\n<p>Ce plateau n\u2019est pas seulement pratique, il est aussi un v\u00e9ritable statement. Son design unique montre clairement votre ma\u00eetrise de l&#8217;art du roulage.<\/p>\n<p>Les bords sur\u00e9lev\u00e9s permettent de garder vos herbes, papiers et filtres en place, \u00e9vitant ainsi toute perte. L\u00e9ger et fonctionnel, ce plateau transforme chaque session de roulage en un moment organis\u00e9 et esth\u00e9tique.<\/p>\n","protected":false},"excerpt":{"rendered":"<p>Plateau \u00e0 Rouler \u2013 175x275x13mm Entrez dans une nouvelle dimension du roulage avec ce plateau \u00e0 rouler. Avec ses dimensions de 75x275x13mm, il offre un espace parfait pour pr\u00e9parer vos herbes avec pr\u00e9cision et style. Sa surface ultra-lisse rend le roulage facile et fluide, comme si vous rouliez sur un nuage. Ce plateau n\u2019est pas [&hellip;]<\/p>\n","protected":false},"featured_media":30039,"comment_status":"open","ping_status":"closed","template":"","meta":{"_seopress_robots_primary_cat":"none","_seopress_titles_title":"Plateau \u00e0 Rouler Best Bud Where's Weedo \"M\" - Green Kingdom","_seopress_titles_desc":"Ce plateau n\u2019est pas seulement pratique, il est aussi un v\u00e9ritable statement. Son design unique montre clairement votre ma\u00eetrise de l'art du roulage.","_seopress_robots_index":""},"product_brand":[],"product_cat":[724],"product_tag":[],"class_list":{"0":"post-30035","1":"product","2":"type-product","3":"status-publish","4":"has-post-thumbnail","6":"product_cat-plateaux-a-rouler-de","9":"instock","10":"taxable","11":"shipping-taxable","12":"purchasable","13":"product-type-simple","14":"product-grid-view"},"_links":{"self":[{"href":"https:\/\/greenkingdom.ch\/de\/wp-json\/wp\/v2\/product\/30035","targetHints":{"allow":["GET"]}}],"collection":[{"href":"https:\/\/greenkingdom.ch\/de\/wp-json\/wp\/v2\/product"}],"about":[{"href":"https:\/\/greenkingdom.ch\/de\/wp-json\/wp\/v2\/types\/product"}],"replies":[{"embeddable":true,"href":"https:\/\/greenkingdom.ch\/de\/wp-json\/wp\/v2\/comments?post=30035"}],"version-history":[{"count":3,"href":"https:\/\/greenkingdom.ch\/de\/wp-json\/wp\/v2\/product\/30035\/revisions"}],"predecessor-version":[{"id":30049,"href":"https:\/\/greenkingdom.ch\/de\/wp-json\/wp\/v2\/product\/30035\/revisions\/30049"}],"wp:featuredmedia":[{"embeddable":true,"href":"https:\/\/greenkingdom.ch\/de\/wp-json\/wp\/v2\/media\/30039"}],"wp:attachment":[{"href":"https:\/\/greenkingdom.ch\/de\/wp-json\/wp\/v2\/media?parent=30035"}],"wp:term":[{"taxonomy":"product_brand","embeddable":true,"href":"https:\/\/greenkingdom.ch\/de\/wp-json\/wp\/v2\/product_brand?post=30035"},{"taxonomy":"product_cat","embeddable":true,"href":"https:\/\/greenkingdom.ch\/de\/wp-json\/wp\/v2\/product_cat?post=30035"},{"taxonomy":"product_tag","embeddable":true,"href":"https:\/\/greenkingdom.ch\/de\/wp-json\/wp\/v2\/product_tag?post=30035"}],"curies":[{"name":"wp","href":"https:\/\/api.w.org\/{rel}","templated":true}]}}