{"id":30690,"date":"2025-01-24T14:00:27","date_gmt":"2025-01-24T13:00:27","guid":{"rendered":"https:\/\/greenkingdom.ch\/?post_type=product&#038;p=30690"},"modified":"2025-02-07T17:09:40","modified_gmt":"2025-02-07T16:09:40","slug":"g-rollz-hemp-cone-blueberry-bop","status":"publish","type":"product","link":"https:\/\/greenkingdom.ch\/de\/produkt\/g-rollz-hemp-cone-blueberry-bop\/","title":{"rendered":"G-Rollz Hanfwaffel Blueberry Bop (2 St\u00fcck)"},"content":{"rendered":"<h3>G-Rollz Hanf Zapfen Heidelbeere Bop (2 St\u00fcck)<\/h3>\n<p>Entdecken Sie unsere Hanffaser-Blunts mit Blaubeerduft f\u00fcr ein sanftes und angenehmes Raucherlebnis. Hergestellt aus hochwertigem spanischem Bio-Hanf, bieten diese Zapfen Rei\u00dffestigkeit und hervorragende Feuchtigkeitsspeicherung. So kannst Du Deine Blunts f\u00fcllen, ohne Dir Sorgen \u00fcber Risse oder Risse machen zu m\u00fcssen. Diese G-Rollz sind tabak- und nikotinfrei und eignen sich perfekt f\u00fcr alle, die eine nat\u00fcrliche und schmackhafte Alternative suchen.<\/p>\n","protected":false},"excerpt":{"rendered":"<p>G-Rollz Hanf Zapfen Heidelbeere Bop (2 St\u00fcck) Entdecken Sie unsere Hanffaser-Blunts mit Blaubeerduft f\u00fcr ein sanftes und angenehmes Raucherlebnis. Hergestellt aus hochwertigem spanischem Bio-Hanf, bieten diese Zapfen Rei\u00dffestigkeit und hervorragende Feuchtigkeitsspeicherung. So kannst Du Deine Blunts f\u00fcllen, ohne Dir Sorgen \u00fcber Risse oder Risse machen zu m\u00fcssen. Diese G-Rollz sind tabak- und nikotinfrei und eignen [&hellip;]<\/p>\n","protected":false},"featured_media":30824,"comment_status":"open","ping_status":"closed","template":"","meta":{"_seopress_robots_primary_cat":"none","_seopress_titles_title":"","_seopress_titles_desc":"","_seopress_robots_index":""},"product_brand":[],"product_cat":[728],"product_tag":[],"class_list":{"0":"post-30690","1":"product","2":"type-product","3":"status-publish","4":"has-post-thumbnail","6":"product_cat-blunts-de","9":"instock","10":"taxable","11":"shipping-taxable","12":"purchasable","13":"product-type-simple","14":"product-grid-view"},"_links":{"self":[{"href":"https:\/\/greenkingdom.ch\/de\/wp-json\/wp\/v2\/product\/30690","targetHints":{"allow":["GET"]}}],"collection":[{"href":"https:\/\/greenkingdom.ch\/de\/wp-json\/wp\/v2\/product"}],"about":[{"href":"https:\/\/greenkingdom.ch\/de\/wp-json\/wp\/v2\/types\/product"}],"replies":[{"embeddable":true,"href":"https:\/\/greenkingdom.ch\/de\/wp-json\/wp\/v2\/comments?post=30690"}],"version-history":[{"count":4,"href":"https:\/\/greenkingdom.ch\/de\/wp-json\/wp\/v2\/product\/30690\/revisions"}],"predecessor-version":[{"id":32100,"href":"https:\/\/greenkingdom.ch\/de\/wp-json\/wp\/v2\/product\/30690\/revisions\/32100"}],"wp:featuredmedia":[{"embeddable":true,"href":"https:\/\/greenkingdom.ch\/de\/wp-json\/wp\/v2\/media\/30824"}],"wp:attachment":[{"href":"https:\/\/greenkingdom.ch\/de\/wp-json\/wp\/v2\/media?parent=30690"}],"wp:term":[{"taxonomy":"product_brand","embeddable":true,"href":"https:\/\/greenkingdom.ch\/de\/wp-json\/wp\/v2\/product_brand?post=30690"},{"taxonomy":"product_cat","embeddable":true,"href":"https:\/\/greenkingdom.ch\/de\/wp-json\/wp\/v2\/product_cat?post=30690"},{"taxonomy":"product_tag","embeddable":true,"href":"https:\/\/greenkingdom.ch\/de\/wp-json\/wp\/v2\/product_tag?post=30690"}],"curies":[{"name":"wp","href":"https:\/\/api.w.org\/{rel}","templated":true}]}}