{"id":30835,"date":"2025-01-24T14:39:04","date_gmt":"2025-01-24T13:39:04","guid":{"rendered":"https:\/\/greenkingdom.ch\/?post_type=product&#038;p=30835"},"modified":"2025-01-24T15:44:25","modified_gmt":"2025-01-24T14:44:25","slug":"g-rollz-hemp-cone-honey-buzz","status":"publish","type":"product","link":"https:\/\/greenkingdom.ch\/de\/produkt\/g-rollz-hemp-cone-honey-buzz\/","title":{"rendered":"G-Rollz Hanfkegel Honey Buzz (2 St\u00fcck)"},"content":{"rendered":"<h3>G-Rollz Hanf Zapfen Honey Buzz (2 St\u00fcck)<\/h3>\n<p>Genie\u00dfe das sanfte und s\u00fc\u00dfe Erlebnis unserer Hanffaser-Blunts mit einem zarten Honigduft. Hergestellt aus hochwertigem spanischem Bio-Hanf, garantieren diese Blunts eine au\u00dfergew\u00f6hnliche Rei\u00dffestigkeit und Feuchtigkeitsspeicherung. Du wirst in der Lage sein, Deine Blunts ohne Sorgen nachzuf\u00fcllen, wodurch jedes Risiko von Rissen oder Rissen ausgeschlossen ist. Diese G-Rollz sind tabak- und nikotinfrei und die perfekte Alternative f\u00fcr ein 100% nat\u00fcrliches und schmackhaftes Raucherlebnis.<\/p>\n","protected":false},"excerpt":{"rendered":"<p>G-Rollz Hanf Zapfen Honey Buzz (2 St\u00fcck) Genie\u00dfe das sanfte und s\u00fc\u00dfe Erlebnis unserer Hanffaser-Blunts mit einem zarten Honigduft. Hergestellt aus hochwertigem spanischem Bio-Hanf, garantieren diese Blunts eine au\u00dfergew\u00f6hnliche Rei\u00dffestigkeit und Feuchtigkeitsspeicherung. Du wirst in der Lage sein, Deine Blunts ohne Sorgen nachzuf\u00fcllen, wodurch jedes Risiko von Rissen oder Rissen ausgeschlossen ist. Diese G-Rollz sind [&hellip;]<\/p>\n","protected":false},"featured_media":30852,"comment_status":"open","ping_status":"closed","template":"","meta":{"_seopress_robots_primary_cat":"none","_seopress_titles_title":"","_seopress_titles_desc":"","_seopress_robots_index":""},"product_brand":[],"product_cat":[728],"product_tag":[],"class_list":{"0":"post-30835","1":"product","2":"type-product","3":"status-publish","4":"has-post-thumbnail","6":"product_cat-blunts-de","9":"instock","10":"taxable","11":"shipping-taxable","12":"purchasable","13":"product-type-simple","14":"product-grid-view"},"_links":{"self":[{"href":"https:\/\/greenkingdom.ch\/de\/wp-json\/wp\/v2\/product\/30835","targetHints":{"allow":["GET"]}}],"collection":[{"href":"https:\/\/greenkingdom.ch\/de\/wp-json\/wp\/v2\/product"}],"about":[{"href":"https:\/\/greenkingdom.ch\/de\/wp-json\/wp\/v2\/types\/product"}],"replies":[{"embeddable":true,"href":"https:\/\/greenkingdom.ch\/de\/wp-json\/wp\/v2\/comments?post=30835"}],"version-history":[{"count":2,"href":"https:\/\/greenkingdom.ch\/de\/wp-json\/wp\/v2\/product\/30835\/revisions"}],"predecessor-version":[{"id":30923,"href":"https:\/\/greenkingdom.ch\/de\/wp-json\/wp\/v2\/product\/30835\/revisions\/30923"}],"wp:featuredmedia":[{"embeddable":true,"href":"https:\/\/greenkingdom.ch\/de\/wp-json\/wp\/v2\/media\/30852"}],"wp:attachment":[{"href":"https:\/\/greenkingdom.ch\/de\/wp-json\/wp\/v2\/media?parent=30835"}],"wp:term":[{"taxonomy":"product_brand","embeddable":true,"href":"https:\/\/greenkingdom.ch\/de\/wp-json\/wp\/v2\/product_brand?post=30835"},{"taxonomy":"product_cat","embeddable":true,"href":"https:\/\/greenkingdom.ch\/de\/wp-json\/wp\/v2\/product_cat?post=30835"},{"taxonomy":"product_tag","embeddable":true,"href":"https:\/\/greenkingdom.ch\/de\/wp-json\/wp\/v2\/product_tag?post=30835"}],"curies":[{"name":"wp","href":"https:\/\/api.w.org\/{rel}","templated":true}]}}