{"id":30839,"date":"2025-01-24T14:39:07","date_gmt":"2025-01-24T13:39:07","guid":{"rendered":"https:\/\/greenkingdom.ch\/?post_type=product&#038;p=30839"},"modified":"2025-01-24T15:44:26","modified_gmt":"2025-01-24T14:44:26","slug":"g-rollz-hemp-cone-passion-haze","status":"publish","type":"product","link":"https:\/\/greenkingdom.ch\/de\/produkt\/g-rollz-hemp-cone-passion-haze\/","title":{"rendered":"G-Rollz Hanfkegel Passion Haze (2 St\u00fcck)"},"content":{"rendered":"<h3>G-Rollz Hanf Cones Passion Haze (2 St\u00fcck)<\/h3>\n<p>Lassen Sie sich von unseren Hanffaser-Blunts mit einem exotischen und bet\u00f6renden Geschmack von Passionsfrucht verzaubern. Hergestellt aus hochwertigem spanischem Bio-Hanf, bieten diese Blunts eine au\u00dfergew\u00f6hnliche Rei\u00dffestigkeit und Feuchtigkeitsspeicherung, sodass Du Deine Blunts mit Leichtigkeit nachf\u00fcllen kannst, ohne Angst vor Rissen oder Rissen haben zu m\u00fcssen. Diese G-Rollz sind tabak- und nikotinfrei und die perfekte Alternative f\u00fcr ein nat\u00fcrliches und schmackhaftes Raucherlebnis.<\/p>\n","protected":false},"excerpt":{"rendered":"<p>G-Rollz Hanf Cones Passion Haze (2 St\u00fcck) Lassen Sie sich von unseren Hanffaser-Blunts mit einem exotischen und bet\u00f6renden Geschmack von Passionsfrucht verzaubern. Hergestellt aus hochwertigem spanischem Bio-Hanf, bieten diese Blunts eine au\u00dfergew\u00f6hnliche Rei\u00dffestigkeit und Feuchtigkeitsspeicherung, sodass Du Deine Blunts mit Leichtigkeit nachf\u00fcllen kannst, ohne Angst vor Rissen oder Rissen haben zu m\u00fcssen. Diese G-Rollz sind [&hellip;]<\/p>\n","protected":false},"featured_media":30860,"comment_status":"open","ping_status":"closed","template":"","meta":{"_seopress_robots_primary_cat":"none","_seopress_titles_title":"","_seopress_titles_desc":"","_seopress_robots_index":""},"product_brand":[],"product_cat":[728],"product_tag":[],"class_list":{"0":"post-30839","1":"product","2":"type-product","3":"status-publish","4":"has-post-thumbnail","6":"product_cat-blunts-de","9":"instock","10":"taxable","11":"shipping-taxable","12":"purchasable","13":"product-type-simple","14":"product-grid-view"},"_links":{"self":[{"href":"https:\/\/greenkingdom.ch\/de\/wp-json\/wp\/v2\/product\/30839","targetHints":{"allow":["GET"]}}],"collection":[{"href":"https:\/\/greenkingdom.ch\/de\/wp-json\/wp\/v2\/product"}],"about":[{"href":"https:\/\/greenkingdom.ch\/de\/wp-json\/wp\/v2\/types\/product"}],"replies":[{"embeddable":true,"href":"https:\/\/greenkingdom.ch\/de\/wp-json\/wp\/v2\/comments?post=30839"}],"version-history":[{"count":3,"href":"https:\/\/greenkingdom.ch\/de\/wp-json\/wp\/v2\/product\/30839\/revisions"}],"predecessor-version":[{"id":30925,"href":"https:\/\/greenkingdom.ch\/de\/wp-json\/wp\/v2\/product\/30839\/revisions\/30925"}],"wp:featuredmedia":[{"embeddable":true,"href":"https:\/\/greenkingdom.ch\/de\/wp-json\/wp\/v2\/media\/30860"}],"wp:attachment":[{"href":"https:\/\/greenkingdom.ch\/de\/wp-json\/wp\/v2\/media?parent=30839"}],"wp:term":[{"taxonomy":"product_brand","embeddable":true,"href":"https:\/\/greenkingdom.ch\/de\/wp-json\/wp\/v2\/product_brand?post=30839"},{"taxonomy":"product_cat","embeddable":true,"href":"https:\/\/greenkingdom.ch\/de\/wp-json\/wp\/v2\/product_cat?post=30839"},{"taxonomy":"product_tag","embeddable":true,"href":"https:\/\/greenkingdom.ch\/de\/wp-json\/wp\/v2\/product_tag?post=30839"}],"curies":[{"name":"wp","href":"https:\/\/api.w.org\/{rel}","templated":true}]}}