{"id":30843,"date":"2025-01-24T14:39:12","date_gmt":"2025-01-24T13:39:12","guid":{"rendered":"https:\/\/greenkingdom.ch\/?post_type=product&#038;p=30843"},"modified":"2025-01-24T15:44:27","modified_gmt":"2025-01-24T14:44:27","slug":"g-rollz-hemp-cone-green-funk","status":"publish","type":"product","link":"https:\/\/greenkingdom.ch\/de\/produkt\/g-rollz-hemp-cone-green-funk\/","title":{"rendered":"G-Rollz Hemp Cone Green Funk (2 Pi\u00e8ces)"},"content":{"rendered":"<h3>G-Rollz Hanf Kegel Green Funk (2 St\u00fcck)<\/h3>\n<p>Tauche ein in das einzigartige Erlebnis unserer Hanffaser-Blunts mit einem fruchtigen und erfrischenden Traubenduft. Hergestellt aus hochwertigem spanischem Bio-Hanf, bieten diese Blunts eine au\u00dfergew\u00f6hnliche Rei\u00dffestigkeit und Feuchtigkeitsspeicherung und sorgen daf\u00fcr, dass Sie eine einfache und sorgenfreie Bef\u00fcllung haben, ohne Angst vor Rissen oder Rissen haben zu m\u00fcssen. Tabak- und nikotinfrei sind diese G-Rollz die ideale Alternative f\u00fcr ein nat\u00fcrliches und schmackhaftes Erlebnis.<\/p>\n","protected":false},"excerpt":{"rendered":"<p>G-Rollz Hanf Kegel Green Funk (2 St\u00fcck) Tauche ein in das einzigartige Erlebnis unserer Hanffaser-Blunts mit einem fruchtigen und erfrischenden Traubenduft. Hergestellt aus hochwertigem spanischem Bio-Hanf, bieten diese Blunts eine au\u00dfergew\u00f6hnliche Rei\u00dffestigkeit und Feuchtigkeitsspeicherung und sorgen daf\u00fcr, dass Sie eine einfache und sorgenfreie Bef\u00fcllung haben, ohne Angst vor Rissen oder Rissen haben zu m\u00fcssen. Tabak- [&hellip;]<\/p>\n","protected":false},"featured_media":30868,"comment_status":"open","ping_status":"closed","template":"","meta":{"_seopress_robots_primary_cat":"none","_seopress_titles_title":"","_seopress_titles_desc":"","_seopress_robots_index":""},"product_brand":[],"product_cat":[728],"product_tag":[],"class_list":{"0":"post-30843","1":"product","2":"type-product","3":"status-publish","4":"has-post-thumbnail","6":"product_cat-blunts-de","9":"instock","10":"taxable","11":"shipping-taxable","12":"purchasable","13":"product-type-simple","14":"product-grid-view"},"_links":{"self":[{"href":"https:\/\/greenkingdom.ch\/de\/wp-json\/wp\/v2\/product\/30843","targetHints":{"allow":["GET"]}}],"collection":[{"href":"https:\/\/greenkingdom.ch\/de\/wp-json\/wp\/v2\/product"}],"about":[{"href":"https:\/\/greenkingdom.ch\/de\/wp-json\/wp\/v2\/types\/product"}],"replies":[{"embeddable":true,"href":"https:\/\/greenkingdom.ch\/de\/wp-json\/wp\/v2\/comments?post=30843"}],"version-history":[{"count":3,"href":"https:\/\/greenkingdom.ch\/de\/wp-json\/wp\/v2\/product\/30843\/revisions"}],"predecessor-version":[{"id":30928,"href":"https:\/\/greenkingdom.ch\/de\/wp-json\/wp\/v2\/product\/30843\/revisions\/30928"}],"wp:featuredmedia":[{"embeddable":true,"href":"https:\/\/greenkingdom.ch\/de\/wp-json\/wp\/v2\/media\/30868"}],"wp:attachment":[{"href":"https:\/\/greenkingdom.ch\/de\/wp-json\/wp\/v2\/media?parent=30843"}],"wp:term":[{"taxonomy":"product_brand","embeddable":true,"href":"https:\/\/greenkingdom.ch\/de\/wp-json\/wp\/v2\/product_brand?post=30843"},{"taxonomy":"product_cat","embeddable":true,"href":"https:\/\/greenkingdom.ch\/de\/wp-json\/wp\/v2\/product_cat?post=30843"},{"taxonomy":"product_tag","embeddable":true,"href":"https:\/\/greenkingdom.ch\/de\/wp-json\/wp\/v2\/product_tag?post=30843"}],"curies":[{"name":"wp","href":"https:\/\/api.w.org\/{rel}","templated":true}]}}