{"id":31413,"date":"2025-01-31T15:33:41","date_gmt":"2025-01-31T14:33:41","guid":{"rendered":"https:\/\/greenkingdom.ch\/product\/aquamaster-tools-substrat-ec-temp-e300-pro\/"},"modified":"2025-01-31T15:33:41","modified_gmt":"2025-01-31T14:33:41","slug":"aquamaster-tools-substrat-ec-temp-e300-pro","status":"publish","type":"product","link":"https:\/\/greenkingdom.ch\/de\/produkt\/aquamaster-tools-substrat-ec-temp-e300-pro\/","title":{"rendered":"Aquamaster Tools Substrat EC\/Temp E300 Pro"},"content":{"rendered":"<p>Le E300 Pro est l&#8217;outil de mesure parfait pour d\u00e9terminer la conductivit\u00e9 \u00e9lectrique (EC) et la temp\u00e9rature, que ce soit dans la terre de coco, d&#8217;autres substrats humides et mous, ou m\u00eame dans des liquides.<\/p>\n<p>Son bo\u00eetier moderne et r\u00e9sistant, associ\u00e9 \u00e0 des touches intuitives, garantit une utilisation facile et durable. L&#8217;appareil se distingue par son \u00e9lectrode EC de qualit\u00e9 exceptionnelle, offrant des mesures pr\u00e9cises et fiables.<\/p>\n<p>Le E300 Pro arrive pr\u00e9-calibr\u00e9 et est livr\u00e9 avec des piles, pr\u00eat \u00e0 l&#8217;emploi d\u00e8s sa r\u00e9ception pour une utilisation imm\u00e9diate.<\/p>\n","protected":false},"excerpt":{"rendered":"<p>Le E300 Pro est l&#8217;outil de mesure parfait pour d\u00e9terminer la conductivit\u00e9 \u00e9lectrique (EC) et la temp\u00e9rature, que ce soit dans la terre de coco, d&#8217;autres substrats humides et mous, ou m\u00eame dans des liquides. Son bo\u00eetier moderne et r\u00e9sistant, associ\u00e9 \u00e0 des touches intuitives, garantit une utilisation facile et durable. L&#8217;appareil se distingue par [&hellip;]<\/p>\n","protected":false},"featured_media":31409,"comment_status":"open","ping_status":"closed","template":"","meta":{"_seopress_robots_primary_cat":"none","_seopress_titles_title":"Aquamaster Tools Substrat EC\/Temp E300 Pro - Green Kingdom","_seopress_titles_desc":"Le E300 Pro arrive pr\u00e9-calibr\u00e9 et est livr\u00e9 avec des piles, pr\u00eat \u00e0 l'emploi d\u00e8s sa r\u00e9ception pour une utilisation imm\u00e9diate.","_seopress_robots_index":""},"product_brand":[],"product_cat":[594],"product_tag":[],"class_list":{"0":"post-31413","1":"product","2":"type-product","3":"status-publish","4":"has-post-thumbnail","6":"product_cat-instrumente","9":"instock","10":"taxable","11":"shipping-taxable","12":"purchasable","13":"product-type-simple","14":"product-grid-view"},"_links":{"self":[{"href":"https:\/\/greenkingdom.ch\/de\/wp-json\/wp\/v2\/product\/31413","targetHints":{"allow":["GET"]}}],"collection":[{"href":"https:\/\/greenkingdom.ch\/de\/wp-json\/wp\/v2\/product"}],"about":[{"href":"https:\/\/greenkingdom.ch\/de\/wp-json\/wp\/v2\/types\/product"}],"replies":[{"embeddable":true,"href":"https:\/\/greenkingdom.ch\/de\/wp-json\/wp\/v2\/comments?post=31413"}],"version-history":[{"count":0,"href":"https:\/\/greenkingdom.ch\/de\/wp-json\/wp\/v2\/product\/31413\/revisions"}],"wp:featuredmedia":[{"embeddable":true,"href":"https:\/\/greenkingdom.ch\/de\/wp-json\/wp\/v2\/media\/31409"}],"wp:attachment":[{"href":"https:\/\/greenkingdom.ch\/de\/wp-json\/wp\/v2\/media?parent=31413"}],"wp:term":[{"taxonomy":"product_brand","embeddable":true,"href":"https:\/\/greenkingdom.ch\/de\/wp-json\/wp\/v2\/product_brand?post=31413"},{"taxonomy":"product_cat","embeddable":true,"href":"https:\/\/greenkingdom.ch\/de\/wp-json\/wp\/v2\/product_cat?post=31413"},{"taxonomy":"product_tag","embeddable":true,"href":"https:\/\/greenkingdom.ch\/de\/wp-json\/wp\/v2\/product_tag?post=31413"}],"curies":[{"name":"wp","href":"https:\/\/api.w.org\/{rel}","templated":true}]}}