{"id":31429,"date":"2025-01-31T15:44:10","date_gmt":"2025-01-31T14:44:10","guid":{"rendered":"https:\/\/greenkingdom.ch\/product\/aquamaster-tools-combo-meter-p700-pro-2\/"},"modified":"2025-01-31T15:44:43","modified_gmt":"2025-01-31T14:44:43","slug":"aquamaster-tools-combo-meter-p700-pro-2","status":"publish","type":"product","link":"https:\/\/greenkingdom.ch\/de\/produkt\/aquamaster-tools-combo-meter-p700-pro-2\/","title":{"rendered":"Aquamaster Tools Combo Meter P700 Pro 2"},"content":{"rendered":"<p>Le Combo Meter P700 Pro2, avec son bo\u00eetier moderne et robuste, est un appareil de mesure dot\u00e9 d&#8217;un grand \u00e9cran facilitant la lecture des valeurs. Gr\u00e2ce \u00e0 son logiciel mis \u00e0 jour, il permet d\u00e9sormais d&#8217;obtenir des mesures plus rapidement et avec une grande pr\u00e9cision. Les \u00e9lectrodes sont facilement rempla\u00e7ables en cas d&#8217;usure ou de dysfonctionnement, ce qui garantit une utilisation \u00e0 long terme.<\/p>\n<p>Id\u00e9al pour mesurer le pH, la conductivit\u00e9 \u00e9lectrique (EC), le facteur de conductivit\u00e9 (CF), les parties par million (PPM) et la temp\u00e9rature, cet appareil est parfait pour les liquides destin\u00e9s aux plantes, ainsi que pour l&#8217;eau des piscines, des jacuzzis et des \u00e9tangs. D&#8217;une grande simplicit\u00e9 d\u2019utilisation, il suffit d&#8217;appuyer sur un bouton pour passer d&#8217;un param\u00e8tre \u00e0 l&#8217;autre en toute rapidit\u00e9. Le P700 Pro2 est livr\u00e9 pr\u00e9-calibr\u00e9 et avec des piles, pr\u00eat \u00e0 l&#8217;emploi d\u00e8s sa r\u00e9ception.<\/p>\n","protected":false},"excerpt":{"rendered":"<p>Le Combo Meter P700 Pro2, avec son bo\u00eetier moderne et robuste, est un appareil de mesure dot\u00e9 d&#8217;un grand \u00e9cran facilitant la lecture des valeurs. Gr\u00e2ce \u00e0 son logiciel mis \u00e0 jour, il permet d\u00e9sormais d&#8217;obtenir des mesures plus rapidement et avec une grande pr\u00e9cision. Les \u00e9lectrodes sont facilement rempla\u00e7ables en cas d&#8217;usure ou de [&hellip;]<\/p>\n","protected":false},"featured_media":31425,"comment_status":"open","ping_status":"closed","template":"","meta":{"_seopress_robots_primary_cat":"none","_seopress_titles_title":"Aquamaster Tools Combo Meter P700 Pro 2 - Green Kingdom","_seopress_titles_desc":"Id\u00e9al pour mesurer le pH, la conductivit\u00e9 \u00e9lectrique (EC), le facteur de conductivit\u00e9 (CF), les parties par million (PPM) et la temp\u00e9rature\u00a0","_seopress_robots_index":""},"product_brand":[],"product_cat":[594],"product_tag":[],"class_list":{"0":"post-31429","1":"product","2":"type-product","3":"status-publish","4":"has-post-thumbnail","6":"product_cat-instrumente","9":"instock","10":"taxable","11":"shipping-taxable","12":"purchasable","13":"product-type-simple","14":"product-grid-view"},"_links":{"self":[{"href":"https:\/\/greenkingdom.ch\/de\/wp-json\/wp\/v2\/product\/31429","targetHints":{"allow":["GET"]}}],"collection":[{"href":"https:\/\/greenkingdom.ch\/de\/wp-json\/wp\/v2\/product"}],"about":[{"href":"https:\/\/greenkingdom.ch\/de\/wp-json\/wp\/v2\/types\/product"}],"replies":[{"embeddable":true,"href":"https:\/\/greenkingdom.ch\/de\/wp-json\/wp\/v2\/comments?post=31429"}],"version-history":[{"count":1,"href":"https:\/\/greenkingdom.ch\/de\/wp-json\/wp\/v2\/product\/31429\/revisions"}],"predecessor-version":[{"id":31432,"href":"https:\/\/greenkingdom.ch\/de\/wp-json\/wp\/v2\/product\/31429\/revisions\/31432"}],"wp:featuredmedia":[{"embeddable":true,"href":"https:\/\/greenkingdom.ch\/de\/wp-json\/wp\/v2\/media\/31425"}],"wp:attachment":[{"href":"https:\/\/greenkingdom.ch\/de\/wp-json\/wp\/v2\/media?parent=31429"}],"wp:term":[{"taxonomy":"product_brand","embeddable":true,"href":"https:\/\/greenkingdom.ch\/de\/wp-json\/wp\/v2\/product_brand?post=31429"},{"taxonomy":"product_cat","embeddable":true,"href":"https:\/\/greenkingdom.ch\/de\/wp-json\/wp\/v2\/product_cat?post=31429"},{"taxonomy":"product_tag","embeddable":true,"href":"https:\/\/greenkingdom.ch\/de\/wp-json\/wp\/v2\/product_tag?post=31429"}],"curies":[{"name":"wp","href":"https:\/\/api.w.org\/{rel}","templated":true}]}}