{"id":31501,"date":"2025-01-31T16:16:50","date_gmt":"2025-01-31T15:16:50","guid":{"rendered":"https:\/\/greenkingdom.ch\/?post_type=product&#038;p=31501"},"modified":"2025-02-07T17:10:08","modified_gmt":"2025-02-07T16:10:08","slug":"aquamaster-tools-ph-4-01-calibration-solution-carton","status":"publish","type":"product","link":"https:\/\/greenkingdom.ch\/de\/produkt\/aquamaster-tools-ph-4-01-calibration-solution-carton\/","title":{"rendered":"Aquamaster Tools pH 4.01 Kalibrierl\u00f6sung 20ml Beutel 25 St\u00fcck"},"content":{"rendered":"<p>Die Aquamaster pH 4.01 Kalibrierl\u00f6sung, die im 20-ml-Beutel geliefert wird, ist die ideale L\u00f6sung f\u00fcr die genaue und zuverl\u00e4ssige Kalibrierung Ihrer pH-Messger\u00e4te.<\/p>\n<p>Diese hochwertige L\u00f6sung ist auf den NIST-Standard r\u00fcckf\u00fchrbar und gew\u00e4hrleistet eine un\u00fcbertroffene Genauigkeit. In \u00dcbereinstimmung mit dieser prestigetr\u00e4chtigen Norm wird es nach strengen Richtlinien hergestellt und getestet, um eine exakte Kalibrierung Ihrer pH-Messger\u00e4te zu gew\u00e4hrleisten. <\/p>\n<p>Um ihre optimale Leistung zu erhalten, sollte die L\u00f6sung bei 15 bis 25 \u00b0C gelagert werden.  Die praktische Verpackung in einem 20-ml-Beutel erleichtert die Lagerung und Handhabung und erm\u00f6glicht eine einfache und effiziente Verwendung. <\/p>\n<p>Jeder Beutel ist f\u00fcr den einmaligen Gebrauch bestimmt und enth\u00e4lt eine frische, unverf\u00e4lschte L\u00f6sung, die bei jeder Kalibrierung hochpr\u00e4zise Ergebnisse gew\u00e4hrleistet.<\/p>\n<p>Die Aquamaster pH 4.01 Kalibrierl\u00f6sung ist ein Muss in Laboren, Forschungsinstituten oder allen Bereichen, in denen hochpr\u00e4zise pH-Messungen erforderlich sind, und eine zuverl\u00e4ssige Wahl f\u00fcr qualit\u00e4tskritische Ergebnisse.<\/p>\n","protected":false},"excerpt":{"rendered":"<p>Die Aquamaster pH 4.01 Kalibrierl\u00f6sung, die im 20-ml-Beutel geliefert wird, ist die ideale L\u00f6sung f\u00fcr die genaue und zuverl\u00e4ssige Kalibrierung Ihrer pH-Messger\u00e4te. Diese hochwertige L\u00f6sung ist auf den NIST-Standard r\u00fcckf\u00fchrbar und gew\u00e4hrleistet eine un\u00fcbertroffene Genauigkeit. In \u00dcbereinstimmung mit dieser prestigetr\u00e4chtigen Norm wird es nach strengen Richtlinien hergestellt und getestet, um eine exakte Kalibrierung Ihrer pH-Messger\u00e4te [&hellip;]<\/p>\n","protected":false},"featured_media":31509,"comment_status":"open","ping_status":"closed","template":"","meta":{"_seopress_robots_primary_cat":"none","_seopress_titles_title":"Aquamaster Tools pH 4.01 Kalibrierl\u00f6sung (Karton) - Green Kingdom","_seopress_titles_desc":"Die Aquamaster pH 4.01 Kalibrierl\u00f6sung, die in einem 20-ml-Beutel geliefert wird, ist ideal f\u00fcr alle, die eine genaue und zuverl\u00e4ssige Kalibrierung ihrer pH-Messger\u00e4te suchen.","_seopress_robots_index":""},"product_brand":[],"product_cat":[589],"product_tag":[],"class_list":{"0":"post-31501","1":"product","2":"type-product","3":"status-publish","4":"has-post-thumbnail","6":"product_cat-kalibrierung","9":"instock","10":"taxable","11":"shipping-taxable","12":"purchasable","13":"product-type-simple","14":"product-grid-view"},"_links":{"self":[{"href":"https:\/\/greenkingdom.ch\/de\/wp-json\/wp\/v2\/product\/31501","targetHints":{"allow":["GET"]}}],"collection":[{"href":"https:\/\/greenkingdom.ch\/de\/wp-json\/wp\/v2\/product"}],"about":[{"href":"https:\/\/greenkingdom.ch\/de\/wp-json\/wp\/v2\/types\/product"}],"replies":[{"embeddable":true,"href":"https:\/\/greenkingdom.ch\/de\/wp-json\/wp\/v2\/comments?post=31501"}],"version-history":[{"count":2,"href":"https:\/\/greenkingdom.ch\/de\/wp-json\/wp\/v2\/product\/31501\/revisions"}],"predecessor-version":[{"id":32132,"href":"https:\/\/greenkingdom.ch\/de\/wp-json\/wp\/v2\/product\/31501\/revisions\/32132"}],"wp:featuredmedia":[{"embeddable":true,"href":"https:\/\/greenkingdom.ch\/de\/wp-json\/wp\/v2\/media\/31509"}],"wp:attachment":[{"href":"https:\/\/greenkingdom.ch\/de\/wp-json\/wp\/v2\/media?parent=31501"}],"wp:term":[{"taxonomy":"product_brand","embeddable":true,"href":"https:\/\/greenkingdom.ch\/de\/wp-json\/wp\/v2\/product_brand?post=31501"},{"taxonomy":"product_cat","embeddable":true,"href":"https:\/\/greenkingdom.ch\/de\/wp-json\/wp\/v2\/product_cat?post=31501"},{"taxonomy":"product_tag","embeddable":true,"href":"https:\/\/greenkingdom.ch\/de\/wp-json\/wp\/v2\/product_tag?post=31501"}],"curies":[{"name":"wp","href":"https:\/\/api.w.org\/{rel}","templated":true}]}}