{"id":31529,"date":"2025-01-31T16:22:50","date_gmt":"2025-01-31T15:22:50","guid":{"rendered":"https:\/\/greenkingdom.ch\/?post_type=product&#038;p=31529"},"modified":"2025-02-07T17:10:08","modified_gmt":"2025-02-07T16:10:08","slug":"aquamaster-tools-cleaner-d-cleaning-solution-100-ml","status":"publish","type":"product","link":"https:\/\/greenkingdom.ch\/de\/produkt\/aquamaster-tools-cleaner-d-cleaning-solution-100-ml\/","title":{"rendered":"Aquamaster Tools Cleaner D Reinigungsl\u00f6sung 100 ml"},"content":{"rendered":"<p>Die Reinigungsl\u00f6sung Cleaner D ist in 100-ml-Flaschen erh\u00e4ltlich, entweder einzeln oder in Schachteln mit 18 Flaschen. Konform mit dem NIST-Standard garantiert es eine optimale Effizienz bei der Wartung Ihrer Messger\u00e4te. Vergessen Sie nicht, die Flasche nach jedem Gebrauch fest zu verschlie\u00dfen, um die Qualit\u00e4t der L\u00f6sung zu erhalten.  <\/p>\n","protected":false},"excerpt":{"rendered":"<p>Die Reinigungsl\u00f6sung Cleaner D ist in 100-ml-Flaschen erh\u00e4ltlich, entweder einzeln oder in Schachteln mit 18 Flaschen. Konform mit dem NIST-Standard garantiert es eine optimale Effizienz bei der Wartung Ihrer Messger\u00e4te. Vergessen Sie nicht, die Flasche nach jedem Gebrauch fest zu verschlie\u00dfen, um die Qualit\u00e4t der L\u00f6sung zu erhalten.<\/p>\n","protected":false},"featured_media":31533,"comment_status":"open","ping_status":"closed","template":"","meta":{"_seopress_robots_primary_cat":"none","_seopress_titles_title":"Aquamaster Tools Cleaner D Reinigungsl\u00f6sung 100 ml - Green Kingdom","_seopress_titles_desc":"Konform mit dem NIST-Standard garantiert es eine optimale Effizienz bei der Wartung Ihrer Messger\u00e4te.","_seopress_robots_index":""},"product_brand":[],"product_cat":[589],"product_tag":[],"class_list":{"0":"post-31529","1":"product","2":"type-product","3":"status-publish","4":"has-post-thumbnail","6":"product_cat-kalibrierung","9":"instock","10":"taxable","11":"shipping-taxable","12":"purchasable","13":"product-type-simple","14":"product-grid-view"},"_links":{"self":[{"href":"https:\/\/greenkingdom.ch\/de\/wp-json\/wp\/v2\/product\/31529","targetHints":{"allow":["GET"]}}],"collection":[{"href":"https:\/\/greenkingdom.ch\/de\/wp-json\/wp\/v2\/product"}],"about":[{"href":"https:\/\/greenkingdom.ch\/de\/wp-json\/wp\/v2\/types\/product"}],"replies":[{"embeddable":true,"href":"https:\/\/greenkingdom.ch\/de\/wp-json\/wp\/v2\/comments?post=31529"}],"version-history":[{"count":2,"href":"https:\/\/greenkingdom.ch\/de\/wp-json\/wp\/v2\/product\/31529\/revisions"}],"predecessor-version":[{"id":32133,"href":"https:\/\/greenkingdom.ch\/de\/wp-json\/wp\/v2\/product\/31529\/revisions\/32133"}],"wp:featuredmedia":[{"embeddable":true,"href":"https:\/\/greenkingdom.ch\/de\/wp-json\/wp\/v2\/media\/31533"}],"wp:attachment":[{"href":"https:\/\/greenkingdom.ch\/de\/wp-json\/wp\/v2\/media?parent=31529"}],"wp:term":[{"taxonomy":"product_brand","embeddable":true,"href":"https:\/\/greenkingdom.ch\/de\/wp-json\/wp\/v2\/product_brand?post=31529"},{"taxonomy":"product_cat","embeddable":true,"href":"https:\/\/greenkingdom.ch\/de\/wp-json\/wp\/v2\/product_cat?post=31529"},{"taxonomy":"product_tag","embeddable":true,"href":"https:\/\/greenkingdom.ch\/de\/wp-json\/wp\/v2\/product_tag?post=31529"}],"curies":[{"name":"wp","href":"https:\/\/api.w.org\/{rel}","templated":true}]}}