{"id":31541,"date":"2025-01-31T16:26:40","date_gmt":"2025-01-31T15:26:40","guid":{"rendered":"https:\/\/greenkingdom.ch\/?post_type=product&#038;p=31541"},"modified":"2025-02-07T17:10:14","modified_gmt":"2025-02-07T16:10:14","slug":"aquamaster-tools-combo-meter-p700-pro-2-replaceable-electrode","status":"publish","type":"product","link":"https:\/\/greenkingdom.ch\/de\/produkt\/aquamaster-tools-combo-meter-p700-pro-2-replaceable-electrode\/","title":{"rendered":"Aquamaster Tools Combo Meter P700 Pro 2 Austauschbare EC-Elektrode"},"content":{"rendered":"<p>Die austauschbare Elektrode EC, CF, PPM von Aqua Master Tools l\u00e4sst sich mit ihrem praktischen Anschluss einfach anschlie\u00dfen und l\u00e4sst sich so leicht austauschen.<\/p>\n<p>Im Gegensatz zu den meisten Leitf\u00e4higkeitsmessger\u00e4ten, bei denen die Elektrode fest installiert ist, kann sie bei Bedarf gewechselt werden. Obwohl Elektroden in der Regel langlebig sind, wenn sie gut gewartet werden, k\u00f6nnen Faktoren wie Alterung, Kalkablagerungen, Lecks oder besch\u00e4digte Kabel ihre Funktion beeintr\u00e4chtigen. Aus diesem Grund hat Aqua Master Tools eine leicht austauschbare Elektrode entwickelt, die die Langlebigkeit und kontinuierliche Leistung des Ger\u00e4ts gew\u00e4hrleistet. Dar\u00fcber hinaus ist es nach dem IP67-Standard wasserdicht zertifiziert und bietet zus\u00e4tzlichen Schutz vor Feuchtigkeit und Spritzwasser.   <\/p>\n","protected":false},"excerpt":{"rendered":"<p>Die austauschbare Elektrode EC, CF, PPM von Aqua Master Tools l\u00e4sst sich mit ihrem praktischen Anschluss einfach anschlie\u00dfen und l\u00e4sst sich so leicht austauschen. Im Gegensatz zu den meisten Leitf\u00e4higkeitsmessger\u00e4ten, bei denen die Elektrode fest installiert ist, kann sie bei Bedarf gewechselt werden. Obwohl Elektroden in der Regel langlebig sind, wenn sie gut gewartet werden, [&hellip;]<\/p>\n","protected":false},"featured_media":31545,"comment_status":"open","ping_status":"closed","template":"","meta":{"_seopress_robots_primary_cat":"none","_seopress_titles_title":"Aquamaster Tools Combo Meter P700 Pro 2 austauschbare EC-Elektrode - Green Kingdom","_seopress_titles_desc":"Die austauschbare Elektrode EC, CF, PPM von Aqua Master Tools l\u00e4sst sich mit ihrem praktischen Anschluss einfach anschlie\u00dfen und l\u00e4sst sich so leicht austauschen.","_seopress_robots_index":""},"product_brand":[],"product_cat":[594],"product_tag":[],"class_list":{"0":"post-31541","1":"product","2":"type-product","3":"status-publish","4":"has-post-thumbnail","6":"product_cat-instrumente","9":"instock","10":"taxable","11":"shipping-taxable","12":"purchasable","13":"product-type-simple","14":"product-grid-view"},"_links":{"self":[{"href":"https:\/\/greenkingdom.ch\/de\/wp-json\/wp\/v2\/product\/31541","targetHints":{"allow":["GET"]}}],"collection":[{"href":"https:\/\/greenkingdom.ch\/de\/wp-json\/wp\/v2\/product"}],"about":[{"href":"https:\/\/greenkingdom.ch\/de\/wp-json\/wp\/v2\/types\/product"}],"replies":[{"embeddable":true,"href":"https:\/\/greenkingdom.ch\/de\/wp-json\/wp\/v2\/comments?post=31541"}],"version-history":[{"count":2,"href":"https:\/\/greenkingdom.ch\/de\/wp-json\/wp\/v2\/product\/31541\/revisions"}],"predecessor-version":[{"id":32140,"href":"https:\/\/greenkingdom.ch\/de\/wp-json\/wp\/v2\/product\/31541\/revisions\/32140"}],"wp:featuredmedia":[{"embeddable":true,"href":"https:\/\/greenkingdom.ch\/de\/wp-json\/wp\/v2\/media\/31545"}],"wp:attachment":[{"href":"https:\/\/greenkingdom.ch\/de\/wp-json\/wp\/v2\/media?parent=31541"}],"wp:term":[{"taxonomy":"product_brand","embeddable":true,"href":"https:\/\/greenkingdom.ch\/de\/wp-json\/wp\/v2\/product_brand?post=31541"},{"taxonomy":"product_cat","embeddable":true,"href":"https:\/\/greenkingdom.ch\/de\/wp-json\/wp\/v2\/product_cat?post=31541"},{"taxonomy":"product_tag","embeddable":true,"href":"https:\/\/greenkingdom.ch\/de\/wp-json\/wp\/v2\/product_tag?post=31541"}],"curies":[{"name":"wp","href":"https:\/\/api.w.org\/{rel}","templated":true}]}}