{"id":31565,"date":"2025-01-31T16:34:34","date_gmt":"2025-01-31T15:34:34","guid":{"rendered":"https:\/\/greenkingdom.ch\/?post_type=product&#038;p=31565"},"modified":"2025-01-31T16:37:07","modified_gmt":"2025-01-31T15:37:07","slug":"aquamaster-tools-combo-pen-p110-pro-austauschbare-elektrode-copie-copie","status":"publish","type":"product","link":"https:\/\/greenkingdom.ch\/de\/produkt\/aquamaster-tools-combo-pen-p110-pro-austauschbare-elektrode-copie-copie\/","title":{"rendered":"Aquamaster Tools Combo Pen P110 Pro Austauschbare Elektrode (Copie) (Copie)"},"content":{"rendered":"<p>Austauschbare Elektrode f\u00fcr den optimalen Einsatz mit dem P110 Pro Combo Pen. Entdecken Sie dieses Qualit\u00e4tsprodukt f\u00fcr au\u00dfergew\u00f6hnliche Leistung. \ud83d\ude09<\/p>\n","protected":false},"excerpt":{"rendered":"<p>Austauschbare Elektrode f\u00fcr den optimalen Einsatz mit dem P110 Pro Combo Pen. Entdecken Sie dieses Qualit\u00e4tsprodukt f\u00fcr au\u00dfergew\u00f6hnliche Leistung. \ud83d\ude09<\/p>\n","protected":false},"featured_media":31557,"comment_status":"open","ping_status":"closed","template":"","meta":{"_seopress_robots_primary_cat":"none","_seopress_titles_title":"Aquamaster Tools Combo Pen E50 Pro replaceable electrode","_seopress_titles_desc":"Facile \u00e0 remplacer, cette \u00e9lectrode garantit que ton appareil continue de fonctionner avec la m\u00eame pr\u00e9cision, m\u00eame apr\u00e8s une utilisation prolong\u00e9e.","_seopress_robots_index":""},"product_brand":[],"product_cat":[594],"product_tag":[],"class_list":{"0":"post-31565","1":"product","2":"type-product","3":"status-publish","4":"has-post-thumbnail","6":"product_cat-instrumente","9":"instock","10":"taxable","11":"shipping-taxable","12":"purchasable","13":"product-type-simple","14":"product-grid-view"},"_links":{"self":[{"href":"https:\/\/greenkingdom.ch\/de\/wp-json\/wp\/v2\/product\/31565","targetHints":{"allow":["GET"]}}],"collection":[{"href":"https:\/\/greenkingdom.ch\/de\/wp-json\/wp\/v2\/product"}],"about":[{"href":"https:\/\/greenkingdom.ch\/de\/wp-json\/wp\/v2\/types\/product"}],"replies":[{"embeddable":true,"href":"https:\/\/greenkingdom.ch\/de\/wp-json\/wp\/v2\/comments?post=31565"}],"version-history":[{"count":1,"href":"https:\/\/greenkingdom.ch\/de\/wp-json\/wp\/v2\/product\/31565\/revisions"}],"predecessor-version":[{"id":31568,"href":"https:\/\/greenkingdom.ch\/de\/wp-json\/wp\/v2\/product\/31565\/revisions\/31568"}],"wp:featuredmedia":[{"embeddable":true,"href":"https:\/\/greenkingdom.ch\/de\/wp-json\/wp\/v2\/media\/31557"}],"wp:attachment":[{"href":"https:\/\/greenkingdom.ch\/de\/wp-json\/wp\/v2\/media?parent=31565"}],"wp:term":[{"taxonomy":"product_brand","embeddable":true,"href":"https:\/\/greenkingdom.ch\/de\/wp-json\/wp\/v2\/product_brand?post=31565"},{"taxonomy":"product_cat","embeddable":true,"href":"https:\/\/greenkingdom.ch\/de\/wp-json\/wp\/v2\/product_cat?post=31565"},{"taxonomy":"product_tag","embeddable":true,"href":"https:\/\/greenkingdom.ch\/de\/wp-json\/wp\/v2\/product_tag?post=31565"}],"curies":[{"name":"wp","href":"https:\/\/api.w.org\/{rel}","templated":true}]}}