{"id":31651,"date":"2025-02-01T11:39:02","date_gmt":"2025-02-01T10:39:02","guid":{"rendered":"https:\/\/greenkingdom.ch\/?post_type=product&#038;p=31651"},"modified":"2025-02-07T17:10:17","modified_gmt":"2025-02-07T16:10:17","slug":"sanlight-flex-ii-compact-led-10w","status":"publish","type":"product","link":"https:\/\/greenkingdom.ch\/de\/produkt\/sanlight-flex-ii-compact-led-10w\/","title":{"rendered":"Sanlight FLEX II Compact LED 10W"},"content":{"rendered":"<p>Die SANlight FLEX II-Serie ist eine kompakte und leistungsstarke LED-Beleuchtungsl\u00f6sung, die sich ideal f\u00fcr mehrschichtige Systeme, Pflanzenwurzeln und Pflanzenbeleuchtung im Innenbereich eignet. Sein breites und ausgewogenes Lichtspektrum zwischen FarRed und Red stimuliert die Bewurzelung und f\u00f6rdert ein schnelles Pflanzenwachstum, au\u00dferdem eignet es sich perfekt f\u00fcr Beleuchtungsanwendungen in Innenr\u00e4umen. <\/p>\n<p>Die effiziente passive K\u00fchlung erm\u00f6glicht es, dass die Lampe auch w\u00e4hrend des Betriebs k\u00fchl bleibt, und die Schutzart IP68 erm\u00f6glicht den Einsatz zwischen Pflanzen, durch die normalerweise kein Licht f\u00e4llt, was die Qualit\u00e4t und Quantit\u00e4t der Ernte verbessert.<\/p>\n<p>Dank ihrer homogenen Lichtverteilung, auch bei geringem Abstand zu den Pflanzen, und ihrer kompakten Bauweise spart die SANlight FLEX II Platz. Dar\u00fcber hinaus k\u00f6nnen mehrere Lampen einfach \u00fcber ein werkzeugloses Verbindungskabel angeschlossen werden, was die Installation auch in gr\u00f6\u00dferen Anlagen vereinfacht. <\/p>\n<p>Mit einer Ausgangsleistung von 10 W und einem PPF von 27 \u03bcmol\/s ist der SANlight FLEX II eine flexible und effiziente Option f\u00fcr den Anbau von Jungpflanzen und die Beleuchtung von Zimmerpflanzen.<\/p>\n","protected":false},"excerpt":{"rendered":"<p>Die SANlight FLEX II-Serie ist eine kompakte und leistungsstarke LED-Beleuchtungsl\u00f6sung, die sich ideal f\u00fcr mehrschichtige Systeme, Pflanzenwurzeln und Pflanzenbeleuchtung im Innenbereich eignet. Sein breites und ausgewogenes Lichtspektrum zwischen FarRed und Red stimuliert die Bewurzelung und f\u00f6rdert ein schnelles Pflanzenwachstum, au\u00dferdem eignet es sich perfekt f\u00fcr Beleuchtungsanwendungen in Innenr\u00e4umen. Die effiziente passive K\u00fchlung erm\u00f6glicht es, dass [&hellip;]<\/p>\n","protected":false},"featured_media":31663,"comment_status":"open","ping_status":"closed","template":"","meta":{"_seopress_robots_primary_cat":"none","_seopress_titles_title":"Sanlight FLEX II Compact LED (10W) - Gr\u00fcnes K\u00f6nigreich","_seopress_titles_desc":"Mit einer Ausgangsleistung von 10 W und einem PPF von 27 \u03bcmol\/s ist der SANlight FLEX II eine flexible und effiziente Option f\u00fcr den Anbau von Jungpflanzen und die Beleuchtung von Zimmerpflanzen.","_seopress_robots_index":""},"product_brand":[],"product_cat":[559],"product_tag":[],"class_list":{"0":"post-31651","1":"product","2":"type-product","3":"status-publish","4":"has-post-thumbnail","6":"product_cat-led-de","9":"instock","10":"taxable","11":"shipping-taxable","12":"purchasable","13":"product-type-simple","14":"product-grid-view"},"_links":{"self":[{"href":"https:\/\/greenkingdom.ch\/de\/wp-json\/wp\/v2\/product\/31651","targetHints":{"allow":["GET"]}}],"collection":[{"href":"https:\/\/greenkingdom.ch\/de\/wp-json\/wp\/v2\/product"}],"about":[{"href":"https:\/\/greenkingdom.ch\/de\/wp-json\/wp\/v2\/types\/product"}],"replies":[{"embeddable":true,"href":"https:\/\/greenkingdom.ch\/de\/wp-json\/wp\/v2\/comments?post=31651"}],"version-history":[{"count":2,"href":"https:\/\/greenkingdom.ch\/de\/wp-json\/wp\/v2\/product\/31651\/revisions"}],"predecessor-version":[{"id":32145,"href":"https:\/\/greenkingdom.ch\/de\/wp-json\/wp\/v2\/product\/31651\/revisions\/32145"}],"wp:featuredmedia":[{"embeddable":true,"href":"https:\/\/greenkingdom.ch\/de\/wp-json\/wp\/v2\/media\/31663"}],"wp:attachment":[{"href":"https:\/\/greenkingdom.ch\/de\/wp-json\/wp\/v2\/media?parent=31651"}],"wp:term":[{"taxonomy":"product_brand","embeddable":true,"href":"https:\/\/greenkingdom.ch\/de\/wp-json\/wp\/v2\/product_brand?post=31651"},{"taxonomy":"product_cat","embeddable":true,"href":"https:\/\/greenkingdom.ch\/de\/wp-json\/wp\/v2\/product_cat?post=31651"},{"taxonomy":"product_tag","embeddable":true,"href":"https:\/\/greenkingdom.ch\/de\/wp-json\/wp\/v2\/product_tag?post=31651"}],"curies":[{"name":"wp","href":"https:\/\/api.w.org\/{rel}","templated":true}]}}