{"id":31671,"date":"2025-02-01T11:56:09","date_gmt":"2025-02-01T10:56:09","guid":{"rendered":"https:\/\/greenkingdom.ch\/?post_type=product&#038;p=31671"},"modified":"2025-02-07T17:10:23","modified_gmt":"2025-02-07T16:10:23","slug":"sanlight-stixx-50w-led","status":"publish","type":"product","link":"https:\/\/greenkingdom.ch\/de\/produkt\/sanlight-stixx-50w-led\/","title":{"rendered":"Sanlight Stixx 50w LED"},"content":{"rendered":"<p>Die SANlight STIXX 50 ist eine kompakte, leistungsstarke LED-Lampe, die entwickelt wurde, um die Beleuchtung von Pflanzen auf kleinem Raum zu optimieren. Dank seiner fortschrittlichen Technologie bietet es einen minimalen Energieverbrauch bei maximaler Leistung. Es ist ideal f\u00fcr den Anbau einer oder mehrerer kleiner Pflanzen und erm\u00f6glicht eine pr\u00e4zise Einstellung der Lichtintensit\u00e4t in sechs Stufen (von 10% bis 100%), um den spezifischen Bed\u00fcrfnissen der Pflanzen in jeder Phase ihres Wachstums gerecht zu werden.  <\/p>\n<p>Der STIXX 50 ist IP68-zertifiziert und wasser- und staubdicht, was eine hohe Haltbarkeit auch in feuchten Umgebungen gew\u00e4hrleistet. Ihr volles Lichtspektrum (400-780 nm) sorgt f\u00fcr eine optimale Ausleuchtung, w\u00e4hrend sie durch ihre kompakte Bauweise perfekt f\u00fcr enge Platzverh\u00e4ltnisse geeignet ist. <\/p>\n<p>Mit einem Verbrauch von 54 W und einem Photonenfluss von 150 \u03bcmol\/s ist der STIXX 50 eine effiziente und flexible L\u00f6sung f\u00fcr kleine, aber anspruchsvolle Anbauprojekte.<\/p>\n","protected":false},"excerpt":{"rendered":"<p>Die SANlight STIXX 50 ist eine kompakte, leistungsstarke LED-Lampe, die entwickelt wurde, um die Beleuchtung von Pflanzen auf kleinem Raum zu optimieren. Dank seiner fortschrittlichen Technologie bietet es einen minimalen Energieverbrauch bei maximaler Leistung. Es ist ideal f\u00fcr den Anbau einer oder mehrerer kleiner Pflanzen und erm\u00f6glicht eine pr\u00e4zise Einstellung der Lichtintensit\u00e4t in sechs Stufen [&hellip;]<\/p>\n","protected":false},"featured_media":31679,"comment_status":"open","ping_status":"closed","template":"","meta":{"_seopress_robots_primary_cat":"none","_seopress_titles_title":"Sanlight Stixx 50w LED - Gr\u00fcnes K\u00f6nigreich","_seopress_titles_desc":"Mit einem Verbrauch von 54 W und einem Photonenfluss von 150 \u03bcmol\/s ist der STIXX 50 eine effiziente und flexible L\u00f6sung f\u00fcr kleine, aber anspruchsvolle Anbauprojekte.","_seopress_robots_index":""},"product_brand":[],"product_cat":[559],"product_tag":[],"class_list":{"0":"post-31671","1":"product","2":"type-product","3":"status-publish","4":"has-post-thumbnail","6":"product_cat-led-de","9":"instock","10":"taxable","11":"shipping-taxable","12":"purchasable","13":"product-type-simple","14":"product-grid-view"},"_links":{"self":[{"href":"https:\/\/greenkingdom.ch\/de\/wp-json\/wp\/v2\/product\/31671","targetHints":{"allow":["GET"]}}],"collection":[{"href":"https:\/\/greenkingdom.ch\/de\/wp-json\/wp\/v2\/product"}],"about":[{"href":"https:\/\/greenkingdom.ch\/de\/wp-json\/wp\/v2\/types\/product"}],"replies":[{"embeddable":true,"href":"https:\/\/greenkingdom.ch\/de\/wp-json\/wp\/v2\/comments?post=31671"}],"version-history":[{"count":2,"href":"https:\/\/greenkingdom.ch\/de\/wp-json\/wp\/v2\/product\/31671\/revisions"}],"predecessor-version":[{"id":32150,"href":"https:\/\/greenkingdom.ch\/de\/wp-json\/wp\/v2\/product\/31671\/revisions\/32150"}],"wp:featuredmedia":[{"embeddable":true,"href":"https:\/\/greenkingdom.ch\/de\/wp-json\/wp\/v2\/media\/31679"}],"wp:attachment":[{"href":"https:\/\/greenkingdom.ch\/de\/wp-json\/wp\/v2\/media?parent=31671"}],"wp:term":[{"taxonomy":"product_brand","embeddable":true,"href":"https:\/\/greenkingdom.ch\/de\/wp-json\/wp\/v2\/product_brand?post=31671"},{"taxonomy":"product_cat","embeddable":true,"href":"https:\/\/greenkingdom.ch\/de\/wp-json\/wp\/v2\/product_cat?post=31671"},{"taxonomy":"product_tag","embeddable":true,"href":"https:\/\/greenkingdom.ch\/de\/wp-json\/wp\/v2\/product_tag?post=31671"}],"curies":[{"name":"wp","href":"https:\/\/api.w.org\/{rel}","templated":true}]}}