{"id":31739,"date":"2025-02-01T14:21:26","date_gmt":"2025-02-01T13:21:26","guid":{"rendered":"https:\/\/greenkingdom.ch\/?post_type=product&#038;p=31739"},"modified":"2025-02-07T17:10:00","modified_gmt":"2025-02-07T16:10:00","slug":"sanlight-evo-3-60-copie-copie-copie-copie","status":"publish","type":"product","link":"https:\/\/greenkingdom.ch\/de\/produkt\/sanlight-evo-3-60-copie-copie-copie-copie\/","title":{"rendered":"Sanlight EVO 5-150 1.5"},"content":{"rendered":"<p><strong>SANlight EVO-Serie \u2013 Die LED-Beleuchtungsrevolution f\u00fcr den Pflanzenanbau<\/strong><\/p>\n<p>Die SANlight EVO-Serie verk\u00f6rpert dank der Integration der neuesten Chiptechnologie die ultimative Innovation in der LED-Beleuchtung f\u00fcr Pflanzen. Diese Serie ist das Ergebnis fortschrittlicher Forschung und kombiniert Flexibilit\u00e4t, Effizienz und Langlebigkeit, um die Bed\u00fcrfnisse kommerzieller Z\u00fcchter zu erf\u00fcllen. <\/p>\n<p><strong>Eine L\u00f6sung, die an jeden Bedarf angepasst ist:<\/strong><br \/>\nEgal, ob Du auf kleinen Fl\u00e4chen, in R\u00e4umen f\u00fcr die Indoor-CBD-Produktion oder in gro\u00dfen Gew\u00e4chsh\u00e4usern anbaust, die EVO-Serie bietet f\u00fcr jede Anwendung das perfekte Licht.<\/p>\n<p><strong>Au\u00dfergew\u00f6hnlicher Wirkungsgrad:<\/strong><br \/>\nDie EVO-Serie zeichnet sich durch einen h\u00f6heren Wirkungsgrad von mehr als 3 \u03bcmol\/J auf Modulebene aus. Sein optimiertes Spektrum maximiert den Durchsatz pro Gebiet und pro Wetter, mit einem breiten Lichtband, das \u00fcber das traditionelle PAR-Spektrum hinausgeht. <\/p>\n<p><strong>Gleichm\u00e4\u00dfige Ausleuchtung und LED-Schutz:<\/strong><br \/>\nDank optimierter Sekund\u00e4roptiken sorgt die EVO-Serie f\u00fcr eine homogene Lichtverteilung und maximale Intensit\u00e4t (PPF). Diese Optik sch\u00fctzt die LEDs zudem vor \u00e4u\u00dferen Einfl\u00fcssen und vereinfacht deren Reinigung. <\/p>\n<p><strong>Hochwertige LED-Technik:<\/strong><br \/>\nDie EVO-Serie verwendet leistungsstarke OSRAM-LEDs und die patentierte WICOP-Technologie von Seoul Semiconductor, die eine au\u00dfergew\u00f6hnliche Lichtleistung gew\u00e4hrleisten.<\/p>\n<p><strong>Kompatibilit\u00e4t und Skalierbarkeit:<\/strong><br \/>\nDie EVO-Serie ist bereit f\u00fcr die Integration in moderne Steuerungssysteme in Gew\u00e4chsh\u00e4usern, mit der M\u00f6glichkeit, Installationen \u00fcber magnetische oder Bluetooth-Dimmer zu aktualisieren.<\/p>\n<p><strong>Professionelle Verkabelung und hochwertige Steckverbinder:<\/strong><br \/>\nWasserdichte Kabel und Steckverbinder sorgen f\u00fcr eine sichere und zuverl\u00e4ssige Installation und erleichtern die Einrichtung des Systems.<\/p>\n<p><strong>Vereinfachte Installation:<\/strong><br \/>\nDas kompakte Design der EVO-Serie erm\u00f6glicht eine diskrete Installation und optimiert den Abstand zwischen den Leuchten und der erforderlichen Ausr\u00fcstung.<\/p>\n<p>Die <strong>SANlight EVO-Serie<\/strong> ist viel mehr als nur eine Lampe, sie ist ein echter Sprung nach vorn in der LED-Beleuchtungstechnik f\u00fcr den Pflanzenanbau.<\/p>\n<p><strong>Leistungsbeschreibung:<\/strong><\/p>\n<ul>\n<li><strong>Leistungsaufnahme:<\/strong> 320 W<\/li>\n<li><strong>Leistungsfaktor:<\/strong> &gt; 0,95<\/li>\n<li><strong>Eingangsspannungsbereich:<\/strong> 100 &#8211; 240\/277 V, 50\/60 Hz<\/li>\n<li><strong>PPF:<\/strong> 870 \u03bcmol\/s<\/li>\n<li><strong>Gewicht:<\/strong> 5,6 \/ 5,9 \/ 6,4 kg<\/li>\n<li><strong>Wellenl\u00e4ngenbereich:<\/strong> 400 &#8211; 780 nm<\/li>\n<li><strong>Schutzklasse:<\/strong> Schutzart IP65<\/li>\n<\/ul>\n","protected":false},"excerpt":{"rendered":"<p>SANlight EVO-Serie \u2013 Die LED-Beleuchtungsrevolution f\u00fcr den Pflanzenanbau Die SANlight EVO-Serie verk\u00f6rpert dank der Integration der neuesten Chiptechnologie die ultimative Innovation in der LED-Beleuchtung f\u00fcr Pflanzen. Diese Serie ist das Ergebnis fortschrittlicher Forschung und kombiniert Flexibilit\u00e4t, Effizienz und Langlebigkeit, um die Bed\u00fcrfnisse kommerzieller Z\u00fcchter zu erf\u00fcllen. Eine L\u00f6sung, die an jeden Bedarf angepasst ist: Egal, [&hellip;]<\/p>\n","protected":false},"featured_media":31743,"comment_status":"open","ping_status":"closed","template":"","meta":{"_seopress_robots_primary_cat":"none","_seopress_titles_title":"Sanlight EVO 5-150 1.5 - Gr\u00fcnes K\u00f6nigreich","_seopress_titles_desc":"Die SANlight EVO-Serie ist viel mehr als nur eine Lampe, sie ist ein echter Sprung nach vorn in der LED-Beleuchtungstechnik f\u00fcr den Pflanzenanbau.","_seopress_robots_index":""},"product_brand":[],"product_cat":[559],"product_tag":[],"class_list":{"0":"post-31739","1":"product","2":"type-product","3":"status-publish","4":"has-post-thumbnail","6":"product_cat-led-de","9":"instock","10":"taxable","11":"shipping-taxable","12":"purchasable","13":"product-type-simple","14":"product-grid-view"},"_links":{"self":[{"href":"https:\/\/greenkingdom.ch\/de\/wp-json\/wp\/v2\/product\/31739","targetHints":{"allow":["GET"]}}],"collection":[{"href":"https:\/\/greenkingdom.ch\/de\/wp-json\/wp\/v2\/product"}],"about":[{"href":"https:\/\/greenkingdom.ch\/de\/wp-json\/wp\/v2\/types\/product"}],"replies":[{"embeddable":true,"href":"https:\/\/greenkingdom.ch\/de\/wp-json\/wp\/v2\/comments?post=31739"}],"version-history":[{"count":2,"href":"https:\/\/greenkingdom.ch\/de\/wp-json\/wp\/v2\/product\/31739\/revisions"}],"predecessor-version":[{"id":32123,"href":"https:\/\/greenkingdom.ch\/de\/wp-json\/wp\/v2\/product\/31739\/revisions\/32123"}],"wp:featuredmedia":[{"embeddable":true,"href":"https:\/\/greenkingdom.ch\/de\/wp-json\/wp\/v2\/media\/31743"}],"wp:attachment":[{"href":"https:\/\/greenkingdom.ch\/de\/wp-json\/wp\/v2\/media?parent=31739"}],"wp:term":[{"taxonomy":"product_brand","embeddable":true,"href":"https:\/\/greenkingdom.ch\/de\/wp-json\/wp\/v2\/product_brand?post=31739"},{"taxonomy":"product_cat","embeddable":true,"href":"https:\/\/greenkingdom.ch\/de\/wp-json\/wp\/v2\/product_cat?post=31739"},{"taxonomy":"product_tag","embeddable":true,"href":"https:\/\/greenkingdom.ch\/de\/wp-json\/wp\/v2\/product_tag?post=31739"}],"curies":[{"name":"wp","href":"https:\/\/api.w.org\/{rel}","templated":true}]}}