{"id":31771,"date":"2025-02-01T14:29:44","date_gmt":"2025-02-01T13:29:44","guid":{"rendered":"https:\/\/greenkingdom.ch\/?post_type=product&#038;p=31771"},"modified":"2025-02-01T14:38:52","modified_gmt":"2025-02-01T13:38:52","slug":"sanlight-evo-3-60-copie-copie-copie-copie-copie-copie","status":"publish","type":"product","link":"https:\/\/greenkingdom.ch\/de\/produkt\/sanlight-evo-3-60-copie-copie-copie-copie-copie-copie\/","title":{"rendered":"Sanlight EVO 3-60 (Copie) (Copie) (Copie) (Copie) (Copie) (Copie)"},"content":{"rendered":"<p>Entdecken Sie die kleinste Leuchte der Sanlight EVO-Reihe, die eine beeindruckende Lichtintensit\u00e4t von 520\u03bcmol\/s auf einer Fl\u00e4che von 60x60cm bei einem Stromverbrauch von nur 190 W bietet. Merkmale:<br \/>\n&#8211; Die kleinste Leuchte der EVO-Serie<br \/>\n&#8211; L\u00f6sung mit hoher Intensit\u00e4t<br \/>\n&#8211; 520\u03bcmol\/s bei 190W<br \/>\n&#8211; Maximale Beleuchtung auf einer Grundfl\u00e4che von 60x60cm Vergessen Sie nicht, einen separat erh\u00e4ltlichen Dimmer hinzuzuf\u00fcgen, um die Beleuchtung perfekt an Ihre Bed\u00fcrfnisse anzupassen. Netzkabel und Zubeh\u00f6r sind separat erh\u00e4ltlich, um Ihr Beleuchtungssystem individuell anzupassen. Technische \u00dcbersicht:<br \/>\n&#8211; Leistungsaufnahme von 190W<br \/>\n&#8211; PPF* von 520<br \/>\n&#8211; Gewicht von 3,5 kg<br \/>\n&#8211; Kompakte Abmessungen: 468mm x 291mm x 116mm<br \/>\n&#8211; Schutzart IP65 *PPF = Photosynthetisch aktiver Photonenfluss (400 bis 780 nm) EAN: 9120069230703<\/p>\n","protected":false},"excerpt":{"rendered":"<p>Entdecken Sie die kleinste Leuchte der Sanlight EVO-Reihe, die eine beeindruckende Lichtintensit\u00e4t von 520\u03bcmol\/s auf einer Fl\u00e4che von 60x60cm bei einem Stromverbrauch von nur 190 W bietet. Merkmale: &#8211; Die kleinste Leuchte der EVO-Serie &#8211; L\u00f6sung mit hoher Intensit\u00e4t &#8211; 520\u03bcmol\/s bei 190W &#8211; Maximale Beleuchtung auf einer Grundfl\u00e4che von 60x60cm Vergessen Sie nicht, einen [&hellip;]<\/p>\n","protected":false},"featured_media":31775,"comment_status":"open","ping_status":"closed","template":"","meta":{"_seopress_robots_primary_cat":"none","_seopress_titles_title":"Sanlight EVO 5-100 1.5 - Green Kingdom","_seopress_titles_desc":"La Sanlight EVO 5-100 1.5 est la solution parfaite pour ceux qui cherchent \u00e0 combiner puissance, efficacit\u00e9 et flexibilit\u00e9 dans l\u2019\u00e9clairage de leurs cultures. Profite des avantages de la technologie LED de pointe pour des r\u00e9sultats optimis\u00e9s.","_seopress_robots_index":""},"product_brand":[],"product_cat":[559],"product_tag":[],"class_list":{"0":"post-31771","1":"product","2":"type-product","3":"status-publish","4":"has-post-thumbnail","6":"product_cat-led-de","9":"instock","10":"taxable","11":"shipping-taxable","12":"purchasable","13":"product-type-simple","14":"product-grid-view"},"_links":{"self":[{"href":"https:\/\/greenkingdom.ch\/de\/wp-json\/wp\/v2\/product\/31771","targetHints":{"allow":["GET"]}}],"collection":[{"href":"https:\/\/greenkingdom.ch\/de\/wp-json\/wp\/v2\/product"}],"about":[{"href":"https:\/\/greenkingdom.ch\/de\/wp-json\/wp\/v2\/types\/product"}],"replies":[{"embeddable":true,"href":"https:\/\/greenkingdom.ch\/de\/wp-json\/wp\/v2\/comments?post=31771"}],"version-history":[{"count":1,"href":"https:\/\/greenkingdom.ch\/de\/wp-json\/wp\/v2\/product\/31771\/revisions"}],"predecessor-version":[{"id":31782,"href":"https:\/\/greenkingdom.ch\/de\/wp-json\/wp\/v2\/product\/31771\/revisions\/31782"}],"wp:featuredmedia":[{"embeddable":true,"href":"https:\/\/greenkingdom.ch\/de\/wp-json\/wp\/v2\/media\/31775"}],"wp:attachment":[{"href":"https:\/\/greenkingdom.ch\/de\/wp-json\/wp\/v2\/media?parent=31771"}],"wp:term":[{"taxonomy":"product_brand","embeddable":true,"href":"https:\/\/greenkingdom.ch\/de\/wp-json\/wp\/v2\/product_brand?post=31771"},{"taxonomy":"product_cat","embeddable":true,"href":"https:\/\/greenkingdom.ch\/de\/wp-json\/wp\/v2\/product_cat?post=31771"},{"taxonomy":"product_tag","embeddable":true,"href":"https:\/\/greenkingdom.ch\/de\/wp-json\/wp\/v2\/product_tag?post=31771"}],"curies":[{"name":"wp","href":"https:\/\/api.w.org\/{rel}","templated":true}]}}