{"id":31824,"date":"2025-02-05T15:45:51","date_gmt":"2025-02-05T14:45:51","guid":{"rendered":"https:\/\/greenkingdom.ch\/product\/pot-carre-1l\/"},"modified":"2025-02-07T17:13:51","modified_gmt":"2025-02-07T16:13:51","slug":"pot-carre-1l","status":"publish","type":"product","link":"https:\/\/greenkingdom.ch\/de\/produkt\/pot-carre-1l\/","title":{"rendered":"Quadratischer Topf 1L"},"content":{"rendered":"<h2>Anzuchttopf 1L<\/h2>\n<p>Dieser quadratische schwarze Kunststofftopf enth\u00e4lt genau 1L Substrat und eignet sich daher sehr gut als Anzuchttopf.<\/p>\n<p>Mit seinen Ma\u00dfen von 10cm x 10cm x 12cm und seiner konischen Form kann er exakt 100 T\u00f6pfe pro Quadratmeter aufnehmen.<\/p>\n<p>Diese T\u00f6pfe sind sehr flexibel und brechen kaum. Selbst die K\u00e4lte kann diesen T\u00f6pfen nichts anhaben, so dass sie extrem langlebig sind. <\/p>\n<h3>Spezifikation:<\/h3>\n<ul>\n<li>Gr\u00f6\u00dfe: 10 x 10 x 12 cm<\/li>\n<li>Kapazit\u00e4t: 1L<\/li>\n<\/ul>\n","protected":false},"excerpt":{"rendered":"<p>Anzuchttopf 1L Dieser quadratische schwarze Kunststofftopf enth\u00e4lt genau 1L Substrat und eignet sich daher sehr gut als Anzuchttopf. Mit seinen Ma\u00dfen von 10cm x 10cm x 12cm und seiner konischen Form kann er exakt 100 T\u00f6pfe pro Quadratmeter aufnehmen. Diese T\u00f6pfe sind sehr flexibel und brechen kaum. Selbst die K\u00e4lte kann diesen T\u00f6pfen nichts anhaben, [&hellip;]<\/p>\n","protected":false},"featured_media":31820,"comment_status":"open","ping_status":"closed","template":"","meta":{"_seopress_robots_primary_cat":"none","_seopress_titles_title":"Quadratischer Topf 1L - Gr\u00fcnes K\u00f6nigreich","_seopress_titles_desc":"Diese T\u00f6pfe sind sehr flexibel und brechen kaum. Selbst die K\u00e4lte kann diesen T\u00f6pfen nichts anhaben, so dass sie extrem langlebig sind. ","_seopress_robots_index":""},"product_brand":[],"product_cat":[732,598],"product_tag":[],"class_list":{"0":"post-31824","1":"product","2":"type-product","3":"status-publish","4":"has-post-thumbnail","6":"product_cat-plastik-topfe","7":"product_cat-toepfe-und-behaelter","10":"instock","11":"taxable","12":"shipping-taxable","13":"purchasable","14":"product-type-simple","15":"product-grid-view"},"_links":{"self":[{"href":"https:\/\/greenkingdom.ch\/de\/wp-json\/wp\/v2\/product\/31824","targetHints":{"allow":["GET"]}}],"collection":[{"href":"https:\/\/greenkingdom.ch\/de\/wp-json\/wp\/v2\/product"}],"about":[{"href":"https:\/\/greenkingdom.ch\/de\/wp-json\/wp\/v2\/types\/product"}],"replies":[{"embeddable":true,"href":"https:\/\/greenkingdom.ch\/de\/wp-json\/wp\/v2\/comments?post=31824"}],"version-history":[{"count":2,"href":"https:\/\/greenkingdom.ch\/de\/wp-json\/wp\/v2\/product\/31824\/revisions"}],"predecessor-version":[{"id":32155,"href":"https:\/\/greenkingdom.ch\/de\/wp-json\/wp\/v2\/product\/31824\/revisions\/32155"}],"wp:featuredmedia":[{"embeddable":true,"href":"https:\/\/greenkingdom.ch\/de\/wp-json\/wp\/v2\/media\/31820"}],"wp:attachment":[{"href":"https:\/\/greenkingdom.ch\/de\/wp-json\/wp\/v2\/media?parent=31824"}],"wp:term":[{"taxonomy":"product_brand","embeddable":true,"href":"https:\/\/greenkingdom.ch\/de\/wp-json\/wp\/v2\/product_brand?post=31824"},{"taxonomy":"product_cat","embeddable":true,"href":"https:\/\/greenkingdom.ch\/de\/wp-json\/wp\/v2\/product_cat?post=31824"},{"taxonomy":"product_tag","embeddable":true,"href":"https:\/\/greenkingdom.ch\/de\/wp-json\/wp\/v2\/product_tag?post=31824"}],"curies":[{"name":"wp","href":"https:\/\/api.w.org\/{rel}","templated":true}]}}