{"id":31831,"date":"2025-02-05T15:47:49","date_gmt":"2025-02-05T14:47:49","guid":{"rendered":"https:\/\/greenkingdom.ch\/?post_type=product&#038;p=31831"},"modified":"2025-02-07T17:13:54","modified_gmt":"2025-02-07T16:13:54","slug":"pot-carre-18l","status":"publish","type":"product","link":"https:\/\/greenkingdom.ch\/de\/produkt\/pot-carre-18l\/","title":{"rendered":"Quadratischer Topf 1,8L"},"content":{"rendered":"<h2>Pflanztopf 1,8L<\/h2>\n<p>1,8L quadratischer Topf, auch bekannt als gekaufter Rosentopf, der trotz seines geringen Durchmessers viel Substrat aufnehmen kann.<\/p>\n<p>Mit den Ma\u00dfen 10,5&#215;10,5x22cm ist sie ideal f\u00fcr kleine Pflanzen, die nur einen kurzen Lebenszyklus haben.<\/p>\n<p>Dank seines geringen Durchmessers k\u00f6nnen Sie bis zu 81 T\u00f6pfe pro Quadratmeter platzieren.<\/p>\n<p>Hergestellt in Italien aus ungiftigem schwarzem Polypropylen-Kunststoff.<\/p>\n<p>Dank der hohen Qualit\u00e4t des Materials und der guten europ\u00e4ischen Verarbeitung sind diese T\u00f6pfe extrem stark und flexibel, was die Lebensdauer dieser T\u00f6pfe deutlich verl\u00e4ngert.<\/p>\n<h3>Spezifit\u00e4t::<\/h3>\n<ul>\n<li>Gr\u00f6\u00dfe: 10,5 x 10,5 x 22 cm<\/li>\n<li>Fassungsverm\u00f6gen: 1,8 l<\/li>\n<\/ul>\n","protected":false},"excerpt":{"rendered":"<p>Pflanztopf 1,8L 1,8L quadratischer Topf, auch bekannt als gekaufter Rosentopf, der trotz seines geringen Durchmessers viel Substrat aufnehmen kann. Mit den Ma\u00dfen 10,5&#215;10,5x22cm ist sie ideal f\u00fcr kleine Pflanzen, die nur einen kurzen Lebenszyklus haben. Dank seines geringen Durchmessers k\u00f6nnen Sie bis zu 81 T\u00f6pfe pro Quadratmeter platzieren. Hergestellt in Italien aus ungiftigem schwarzem Polypropylen-Kunststoff. [&hellip;]<\/p>\n","protected":false},"featured_media":31835,"comment_status":"open","ping_status":"closed","template":"","meta":{"_seopress_robots_primary_cat":"none","_seopress_titles_title":"Quadratischer Topf 1.8L - Gr\u00fcnes K\u00f6nigreich","_seopress_titles_desc":"Diese T\u00f6pfe sind sehr flexibel und brechen kaum. Selbst die K\u00e4lte kann diesen T\u00f6pfen nichts anhaben, so dass sie extrem langlebig sind. ","_seopress_robots_index":""},"product_brand":[],"product_cat":[732,598],"product_tag":[],"class_list":{"0":"post-31831","1":"product","2":"type-product","3":"status-publish","4":"has-post-thumbnail","6":"product_cat-plastik-topfe","7":"product_cat-toepfe-und-behaelter","10":"instock","11":"taxable","12":"shipping-taxable","13":"purchasable","14":"product-type-simple","15":"product-grid-view"},"_links":{"self":[{"href":"https:\/\/greenkingdom.ch\/de\/wp-json\/wp\/v2\/product\/31831","targetHints":{"allow":["GET"]}}],"collection":[{"href":"https:\/\/greenkingdom.ch\/de\/wp-json\/wp\/v2\/product"}],"about":[{"href":"https:\/\/greenkingdom.ch\/de\/wp-json\/wp\/v2\/types\/product"}],"replies":[{"embeddable":true,"href":"https:\/\/greenkingdom.ch\/de\/wp-json\/wp\/v2\/comments?post=31831"}],"version-history":[{"count":2,"href":"https:\/\/greenkingdom.ch\/de\/wp-json\/wp\/v2\/product\/31831\/revisions"}],"predecessor-version":[{"id":32161,"href":"https:\/\/greenkingdom.ch\/de\/wp-json\/wp\/v2\/product\/31831\/revisions\/32161"}],"wp:featuredmedia":[{"embeddable":true,"href":"https:\/\/greenkingdom.ch\/de\/wp-json\/wp\/v2\/media\/31835"}],"wp:attachment":[{"href":"https:\/\/greenkingdom.ch\/de\/wp-json\/wp\/v2\/media?parent=31831"}],"wp:term":[{"taxonomy":"product_brand","embeddable":true,"href":"https:\/\/greenkingdom.ch\/de\/wp-json\/wp\/v2\/product_brand?post=31831"},{"taxonomy":"product_cat","embeddable":true,"href":"https:\/\/greenkingdom.ch\/de\/wp-json\/wp\/v2\/product_cat?post=31831"},{"taxonomy":"product_tag","embeddable":true,"href":"https:\/\/greenkingdom.ch\/de\/wp-json\/wp\/v2\/product_tag?post=31831"}],"curies":[{"name":"wp","href":"https:\/\/api.w.org\/{rel}","templated":true}]}}