{"id":31843,"date":"2025-02-05T16:19:38","date_gmt":"2025-02-05T15:19:38","guid":{"rendered":"https:\/\/greenkingdom.ch\/?post_type=product&#038;p=31843"},"modified":"2025-02-07T17:13:52","modified_gmt":"2025-02-07T16:13:52","slug":"pot-carre-2-5l","status":"publish","type":"product","link":"https:\/\/greenkingdom.ch\/de\/produkt\/pot-carre-2-5l\/","title":{"rendered":"Quadratischer Topf 2,5L"},"content":{"rendered":"<p><strong>Pflanztopf 2,5L<\/strong><\/p>\n<p>Dieser quadratische 2,5-Liter-Topf von Bamaplast ist ideal f\u00fcr den Anbau von Pflanzen. Mit seinen Ma\u00dfen von 13cm x 13cm x 18cm bietet er dank seiner eingebauten Wurzelleiste eine hervorragende Unterst\u00fctzung f\u00fcr die Wurzelentwicklung. <\/p>\n<p>Diese T\u00f6pfe sind aus weichem, strapazierf\u00e4higem Kunststoff gefertigt, der es ihnen erm\u00f6glicht, St\u00f6\u00dfen standzuhalten und auch bei kaltem Wetter langlebig zu sein.<\/p>\n<p>Spezifikationen:<br \/>\n Gr\u00f6\u00dfe: 13 x 13 x 18 cm<br \/>\nKapazit\u00e4t: 2,5 l<\/p>\n","protected":false},"excerpt":{"rendered":"<p>Pflanztopf 2,5L Dieser quadratische 2,5-Liter-Topf von Bamaplast ist ideal f\u00fcr den Anbau von Pflanzen. Mit seinen Ma\u00dfen von 13cm x 13cm x 18cm bietet er dank seiner eingebauten Wurzelleiste eine hervorragende Unterst\u00fctzung f\u00fcr die Wurzelentwicklung. Diese T\u00f6pfe sind aus weichem, strapazierf\u00e4higem Kunststoff gefertigt, der es ihnen erm\u00f6glicht, St\u00f6\u00dfen standzuhalten und auch bei kaltem Wetter langlebig [&hellip;]<\/p>\n","protected":false},"featured_media":31847,"comment_status":"open","ping_status":"closed","template":"","meta":{"_seopress_robots_primary_cat":"none","_seopress_titles_title":"Quadratischer Topf 2,5L - Gr\u00fcnes K\u00f6nigreich","_seopress_titles_desc":"Diese T\u00f6pfe sind sehr flexibel und brechen kaum. Selbst die K\u00e4lte kann diesen T\u00f6pfen nichts anhaben, so dass sie extrem langlebig sind. ","_seopress_robots_index":""},"product_brand":[],"product_cat":[732,598],"product_tag":[],"class_list":{"0":"post-31843","1":"product","2":"type-product","3":"status-publish","4":"has-post-thumbnail","6":"product_cat-plastik-topfe","7":"product_cat-toepfe-und-behaelter","10":"instock","11":"taxable","12":"shipping-taxable","13":"purchasable","14":"product-type-simple","15":"product-grid-view"},"_links":{"self":[{"href":"https:\/\/greenkingdom.ch\/de\/wp-json\/wp\/v2\/product\/31843","targetHints":{"allow":["GET"]}}],"collection":[{"href":"https:\/\/greenkingdom.ch\/de\/wp-json\/wp\/v2\/product"}],"about":[{"href":"https:\/\/greenkingdom.ch\/de\/wp-json\/wp\/v2\/types\/product"}],"replies":[{"embeddable":true,"href":"https:\/\/greenkingdom.ch\/de\/wp-json\/wp\/v2\/comments?post=31843"}],"version-history":[{"count":3,"href":"https:\/\/greenkingdom.ch\/de\/wp-json\/wp\/v2\/product\/31843\/revisions"}],"predecessor-version":[{"id":32156,"href":"https:\/\/greenkingdom.ch\/de\/wp-json\/wp\/v2\/product\/31843\/revisions\/32156"}],"wp:featuredmedia":[{"embeddable":true,"href":"https:\/\/greenkingdom.ch\/de\/wp-json\/wp\/v2\/media\/31847"}],"wp:attachment":[{"href":"https:\/\/greenkingdom.ch\/de\/wp-json\/wp\/v2\/media?parent=31843"}],"wp:term":[{"taxonomy":"product_brand","embeddable":true,"href":"https:\/\/greenkingdom.ch\/de\/wp-json\/wp\/v2\/product_brand?post=31843"},{"taxonomy":"product_cat","embeddable":true,"href":"https:\/\/greenkingdom.ch\/de\/wp-json\/wp\/v2\/product_cat?post=31843"},{"taxonomy":"product_tag","embeddable":true,"href":"https:\/\/greenkingdom.ch\/de\/wp-json\/wp\/v2\/product_tag?post=31843"}],"curies":[{"name":"wp","href":"https:\/\/api.w.org\/{rel}","templated":true}]}}